{"id":2320,"date":"2026-03-22T17:38:55","date_gmt":"2026-03-22T20:38:55","guid":{"rendered":"https:\/\/www.medcoll.com.br\/?post_type=product&#038;p=2320"},"modified":"2026-03-22T17:38:55","modified_gmt":"2026-03-22T20:38:55","slug":"tornozeleira-longa","status":"publish","type":"product","link":"https:\/\/www.medcoll.com.br\/en\/product\/tornozeleira-longa\/","title":{"rendered":"Tornozeleira Longa"},"content":{"rendered":"<p>A Tornozeleira Longa Kestal oferece compress\u00e3o que aumenta a estabilidade da articula\u00e7\u00e3o e a firmeza dos movimentos, reduzindo assim os riscos de entorses e les\u00f5es. \u00c9 Ideal para a pr\u00e1tica de esportes como wakeboard, kitesurf, surf, futebol de areia e afins.<\/p>\n<p>Preven\u00e7\u00e3o de entorses, les\u00f5es e luxa\u00e7\u00f5es. Tratamento e recupera\u00e7\u00e3o de tendinite e tornozelo fraco. O seu uso durante a pr\u00e1tica esportiva reduz o<br \/>\nrisco de les\u00f5es ligamentares e musculares.<\/p>\n<p>Informa\u00e7\u00f5es T\u00e9cnicas<br \/>\nRefer\u00eancia:<br \/>\nKSN008<\/p>\n<p>Tamanho:<br \/>\n20cm &#8211; 22cm (PP)<br \/>\n22cm &#8211; 24cm (P)<br \/>\n24cm &#8211; 26cm (M)<br \/>\n26cm &#8211; 28cm (G)<br \/>\n28cm &#8211; 30cm (GG)<\/p>\n<p>Composi\u00e7\u00e3o<br \/>\nBorracha de cloropreno revestida com tecido 100% Poliamida.<br \/>\nQuero revender<\/p>","protected":false},"excerpt":{"rendered":"<p>A Tornozeleira Longa Kestal oferece compress\u00e3o que aumenta a estabilidade da articula\u00e7\u00e3o e a firmeza dos movimentos, reduzindo assim os riscos de entorses e les\u00f5es. \u00c9 Ideal para a pr\u00e1tica de esportes como wakeboard, kitesurf, surf, futebol de areia e afins.<\/p>","protected":false},"featured_media":2323,"comment_status":"open","ping_status":"closed","template":"","meta":{"site-sidebar-layout":"default","site-content-layout":"","ast-site-content-layout":"default","site-content-style":"default","site-sidebar-style":"default","ast-global-header-display":"","ast-banner-title-visibility":"","ast-main-header-display":"","ast-hfb-above-header-display":"","ast-hfb-below-header-display":"","ast-hfb-mobile-header-display":"","site-post-title":"","ast-breadcrumbs-content":"","ast-featured-img":"","footer-sml-layout":"","ast-disable-related-posts":"","theme-transparent-header-meta":"default","adv-header-id-meta":"","stick-header-meta":"","header-above-stick-meta":"","header-main-stick-meta":"","header-below-stick-meta":"","astra-migrate-meta-layouts":"set","ast-page-background-enabled":"default","ast-page-background-meta":{"desktop":{"background-color":"var(--ast-global-color-4)","background-image":"","background-repeat":"repeat","background-position":"center center","background-size":"auto","background-attachment":"scroll","background-type":"","background-media":"","overlay-type":"","overlay-color":"","overlay-opacity":"","overlay-gradient":""},"tablet":{"background-color":"","background-image":"","background-repeat":"repeat","background-position":"center center","background-size":"auto","background-attachment":"scroll","background-type":"","background-media":"","overlay-type":"","overlay-color":"","overlay-opacity":"","overlay-gradient":""},"mobile":{"background-color":"","background-image":"","background-repeat":"repeat","background-position":"center center","background-size":"auto","background-attachment":"scroll","background-type":"","background-media":"","overlay-type":"","overlay-color":"","overlay-opacity":"","overlay-gradient":""}},"ast-content-background-meta":{"desktop":{"background-color":"var(--ast-global-color-5)","background-image":"","background-repeat":"repeat","background-position":"center center","background-size":"auto","background-attachment":"scroll","background-type":"","background-media":"","overlay-type":"","overlay-color":"","overlay-opacity":"","overlay-gradient":""},"tablet":{"background-color":"var(--ast-global-color-5)","background-image":"","background-repeat":"repeat","background-position":"center center","background-size":"auto","background-attachment":"scroll","background-type":"","background-media":"","overlay-type":"","overlay-color":"","overlay-opacity":"","overlay-gradient":""},"mobile":{"background-color":"var(--ast-global-color-5)","background-image":"","background-repeat":"repeat","background-position":"center center","background-size":"auto","background-attachment":"scroll","background-type":"","background-media":"","overlay-type":"","overlay-color":"","overlay-opacity":"","overlay-gradient":""}}},"product_brand":[],"product_cat":[153,136],"product_tag":[],"class_list":{"0":"post-2320","1":"product","2":"type-product","3":"status-publish","4":"has-post-thumbnail","6":"product_cat-membros-inferiores","7":"product_cat-ortopedicos","8":"desktop-align-left","9":"tablet-align-left","10":"mobile-align-left","12":"first","13":"instock","14":"taxable","15":"shipping-taxable","16":"product-type-simple"},"_links":{"self":[{"href":"https:\/\/www.medcoll.com.br\/en\/wp-json\/wp\/v2\/product\/2320","targetHints":{"allow":["GET"]}}],"collection":[{"href":"https:\/\/www.medcoll.com.br\/en\/wp-json\/wp\/v2\/product"}],"about":[{"href":"https:\/\/www.medcoll.com.br\/en\/wp-json\/wp\/v2\/types\/product"}],"replies":[{"embeddable":true,"href":"https:\/\/www.medcoll.com.br\/en\/wp-json\/wp\/v2\/comments?post=2320"}],"version-history":[{"count":1,"href":"https:\/\/www.medcoll.com.br\/en\/wp-json\/wp\/v2\/product\/2320\/revisions"}],"predecessor-version":[{"id":2324,"href":"https:\/\/www.medcoll.com.br\/en\/wp-json\/wp\/v2\/product\/2320\/revisions\/2324"}],"wp:featuredmedia":[{"embeddable":true,"href":"https:\/\/www.medcoll.com.br\/en\/wp-json\/wp\/v2\/media\/2323"}],"wp:attachment":[{"href":"https:\/\/www.medcoll.com.br\/en\/wp-json\/wp\/v2\/media?parent=2320"}],"wp:term":[{"taxonomy":"product_brand","embeddable":true,"href":"https:\/\/www.medcoll.com.br\/en\/wp-json\/wp\/v2\/product_brand?post=2320"},{"taxonomy":"product_cat","embeddable":true,"href":"https:\/\/www.medcoll.com.br\/en\/wp-json\/wp\/v2\/product_cat?post=2320"},{"taxonomy":"product_tag","embeddable":true,"href":"https:\/\/www.medcoll.com.br\/en\/wp-json\/wp\/v2\/product_tag?post=2320"}],"curies":[{"name":"wp","href":"https:\/\/api.w.org\/{rel}","templated":true}]}}