{"id":2325,"date":"2026-03-22T17:50:53","date_gmt":"2026-03-22T20:50:53","guid":{"rendered":"https:\/\/www.medcoll.com.br\/?post_type=product&#038;p=2325"},"modified":"2026-03-22T17:50:53","modified_gmt":"2026-03-22T20:50:53","slug":"faixa-elastica-multi-uso-cotovelo-joelho-tornozelo","status":"publish","type":"product","link":"https:\/\/www.medcoll.com.br\/en\/product\/faixa-elastica-multi-uso-cotovelo-joelho-tornozelo\/","title":{"rendered":"Faixa El\u00e1stica Multi-uso Cotovelo\/Joelho\/Tornozelo"},"content":{"rendered":"<div class=\"product-description\">\n<p>A Faixa El\u00e1stica Kestal oferece compress\u00e3o e estabiliza\u00e7\u00e3o ao joelho, dando mais seguran\u00e7a e qualidade aos exerc\u00edcios praticados. Tamb\u00e9m pode ser utilizada no tornozelo e no cotovelo.<\/p>\n<p>Prote\u00e7\u00e3o e preven\u00e7\u00e3o de les\u00f5es na regi\u00e3o do joelho durante a pr\u00e1tica esportiva. Preven\u00e7\u00e3o de estresse muscular p\u00f3s atividade intensa.<\/p>\n<\/div>\n<section class=\"product-information\">\n<h2>Informa\u00e7\u00f5es T\u00e9cnicas<\/h2>\n<p>Refer\u00eancia:<br \/>\nKSN069<\/p>\n<p>Tamanho:<br \/>\n\u00danico | Ajust\u00e1vel 180cm de comprimento<\/p>\n<p>Composi\u00e7\u00e3o:<br \/>\n77% Poli\u00e9ster, 13% Elastano e 10% Poliamida.<\/section>","protected":false},"excerpt":{"rendered":"<p>A Faixa El\u00e1stica Kestal oferece compress\u00e3o e estabiliza\u00e7\u00e3o ao joelho, dando mais seguran\u00e7a e qualidade aos exerc\u00edcios praticados. Tamb\u00e9m pode ser utilizada no tornozelo e no cotovelo.<\/p>","protected":false},"featured_media":2333,"comment_status":"open","ping_status":"closed","template":"","meta":{"site-sidebar-layout":"default","site-content-layout":"","ast-site-content-layout":"default","site-content-style":"default","site-sidebar-style":"default","ast-global-header-display":"","ast-banner-title-visibility":"","ast-main-header-display":"","ast-hfb-above-header-display":"","ast-hfb-below-header-display":"","ast-hfb-mobile-header-display":"","site-post-title":"","ast-breadcrumbs-content":"","ast-featured-img":"","footer-sml-layout":"","ast-disable-related-posts":"","theme-transparent-header-meta":"default","adv-header-id-meta":"","stick-header-meta":"","header-above-stick-meta":"","header-main-stick-meta":"","header-below-stick-meta":"","astra-migrate-meta-layouts":"set","ast-page-background-enabled":"default","ast-page-background-meta":{"desktop":{"background-color":"var(--ast-global-color-4)","background-image":"","background-repeat":"repeat","background-position":"center center","background-size":"auto","background-attachment":"scroll","background-type":"","background-media":"","overlay-type":"","overlay-color":"","overlay-opacity":"","overlay-gradient":""},"tablet":{"background-color":"","background-image":"","background-repeat":"repeat","background-position":"center center","background-size":"auto","background-attachment":"scroll","background-type":"","background-media":"","overlay-type":"","overlay-color":"","overlay-opacity":"","overlay-gradient":""},"mobile":{"background-color":"","background-image":"","background-repeat":"repeat","background-position":"center center","background-size":"auto","background-attachment":"scroll","background-type":"","background-media":"","overlay-type":"","overlay-color":"","overlay-opacity":"","overlay-gradient":""}},"ast-content-background-meta":{"desktop":{"background-color":"var(--ast-global-color-5)","background-image":"","background-repeat":"repeat","background-position":"center center","background-size":"auto","background-attachment":"scroll","background-type":"","background-media":"","overlay-type":"","overlay-color":"","overlay-opacity":"","overlay-gradient":""},"tablet":{"background-color":"var(--ast-global-color-5)","background-image":"","background-repeat":"repeat","background-position":"center center","background-size":"auto","background-attachment":"scroll","background-type":"","background-media":"","overlay-type":"","overlay-color":"","overlay-opacity":"","overlay-gradient":""},"mobile":{"background-color":"var(--ast-global-color-5)","background-image":"","background-repeat":"repeat","background-position":"center center","background-size":"auto","background-attachment":"scroll","background-type":"","background-media":"","overlay-type":"","overlay-color":"","overlay-opacity":"","overlay-gradient":""}}},"product_brand":[],"product_cat":[153,152,136],"product_tag":[],"class_list":{"0":"post-2325","1":"product","2":"type-product","3":"status-publish","4":"has-post-thumbnail","6":"product_cat-membros-inferiores","7":"product_cat-membros-superiores","8":"product_cat-ortopedicos","9":"desktop-align-left","10":"tablet-align-left","11":"mobile-align-left","13":"first","14":"instock","15":"taxable","16":"shipping-taxable","17":"product-type-simple"},"_links":{"self":[{"href":"https:\/\/www.medcoll.com.br\/en\/wp-json\/wp\/v2\/product\/2325","targetHints":{"allow":["GET"]}}],"collection":[{"href":"https:\/\/www.medcoll.com.br\/en\/wp-json\/wp\/v2\/product"}],"about":[{"href":"https:\/\/www.medcoll.com.br\/en\/wp-json\/wp\/v2\/types\/product"}],"replies":[{"embeddable":true,"href":"https:\/\/www.medcoll.com.br\/en\/wp-json\/wp\/v2\/comments?post=2325"}],"version-history":[{"count":1,"href":"https:\/\/www.medcoll.com.br\/en\/wp-json\/wp\/v2\/product\/2325\/revisions"}],"predecessor-version":[{"id":2334,"href":"https:\/\/www.medcoll.com.br\/en\/wp-json\/wp\/v2\/product\/2325\/revisions\/2334"}],"wp:featuredmedia":[{"embeddable":true,"href":"https:\/\/www.medcoll.com.br\/en\/wp-json\/wp\/v2\/media\/2333"}],"wp:attachment":[{"href":"https:\/\/www.medcoll.com.br\/en\/wp-json\/wp\/v2\/media?parent=2325"}],"wp:term":[{"taxonomy":"product_brand","embeddable":true,"href":"https:\/\/www.medcoll.com.br\/en\/wp-json\/wp\/v2\/product_brand?post=2325"},{"taxonomy":"product_cat","embeddable":true,"href":"https:\/\/www.medcoll.com.br\/en\/wp-json\/wp\/v2\/product_cat?post=2325"},{"taxonomy":"product_tag","embeddable":true,"href":"https:\/\/www.medcoll.com.br\/en\/wp-json\/wp\/v2\/product_tag?post=2325"}],"curies":[{"name":"wp","href":"https:\/\/api.w.org\/{rel}","templated":true}]}}