{"id":2335,"date":"2026-03-22T18:00:52","date_gmt":"2026-03-22T21:00:52","guid":{"rendered":"https:\/\/www.medcoll.com.br\/?post_type=product&#038;p=2335"},"modified":"2026-03-22T18:00:53","modified_gmt":"2026-03-22T21:00:53","slug":"joelheira-ajustavel-neosoft","status":"publish","type":"product","link":"https:\/\/www.medcoll.com.br\/en\/product\/joelheira-ajustavel-neosoft\/","title":{"rendered":"Joelheira Ajust\u00e1vel &#8211; Neosoft"},"content":{"rendered":"<div class=\"product-description\">\n<p>A Joelheira Ajust\u00e1vel Neosoft possui corte anat\u00f4mico e orif\u00edcio para melhor posicion\u00e1-la sobre o joelho. Conta com 2 fechos aderentes para maior compress\u00e3o e conforto. Seu suporte interno em malha facilita o ajuste e a utiliza\u00e7\u00e3o do produto.<\/p>\n<p>Preven\u00e7\u00e3o e recupera\u00e7\u00e3o de les\u00f5es leves na regi\u00e3o do joelho, tais como condromal\u00e1cia, entorses, edemas, distens\u00f5es, contus\u00f5es, tendinites, luxa\u00e7\u00f5es e instabilidade da r\u00f3tula. Consulte um especialista.<\/p>\n<\/div>\n<section class=\"product-information\">\n<h2>Informa\u00e7\u00f5es T\u00e9cnicas<\/h2>\n<p>Refer\u00eancia:<br \/>\nKSN076<\/p>\n<p>Tamanho<br \/>\n\u00danico &#8211; Ajust\u00e1vel<\/p>\n<p>Composi\u00e7\u00e3o:<br \/>\nBorracha de Butadieno Estireno (SBR) dublado com tecido 100% Poliamida.<\/section>","protected":false},"excerpt":{"rendered":"<p>A Joelheira Ajust\u00e1vel Neosoft possui corte anat\u00f4mico e orif\u00edcio para melhor posicion\u00e1-la sobre o joelho. Conta com 2 fechos aderentes para maior compress\u00e3o e conforto. Seu suporte interno em malha facilita o ajuste e a utiliza\u00e7\u00e3o do produto.<\/p>","protected":false},"featured_media":2343,"comment_status":"open","ping_status":"closed","template":"","meta":{"site-sidebar-layout":"default","site-content-layout":"","ast-site-content-layout":"default","site-content-style":"default","site-sidebar-style":"default","ast-global-header-display":"","ast-banner-title-visibility":"","ast-main-header-display":"","ast-hfb-above-header-display":"","ast-hfb-below-header-display":"","ast-hfb-mobile-header-display":"","site-post-title":"","ast-breadcrumbs-content":"","ast-featured-img":"","footer-sml-layout":"","ast-disable-related-posts":"","theme-transparent-header-meta":"default","adv-header-id-meta":"","stick-header-meta":"","header-above-stick-meta":"","header-main-stick-meta":"","header-below-stick-meta":"","astra-migrate-meta-layouts":"set","ast-page-background-enabled":"default","ast-page-background-meta":{"desktop":{"background-color":"var(--ast-global-color-4)","background-image":"","background-repeat":"repeat","background-position":"center center","background-size":"auto","background-attachment":"scroll","background-type":"","background-media":"","overlay-type":"","overlay-color":"","overlay-opacity":"","overlay-gradient":""},"tablet":{"background-color":"","background-image":"","background-repeat":"repeat","background-position":"center center","background-size":"auto","background-attachment":"scroll","background-type":"","background-media":"","overlay-type":"","overlay-color":"","overlay-opacity":"","overlay-gradient":""},"mobile":{"background-color":"","background-image":"","background-repeat":"repeat","background-position":"center center","background-size":"auto","background-attachment":"scroll","background-type":"","background-media":"","overlay-type":"","overlay-color":"","overlay-opacity":"","overlay-gradient":""}},"ast-content-background-meta":{"desktop":{"background-color":"var(--ast-global-color-5)","background-image":"","background-repeat":"repeat","background-position":"center center","background-size":"auto","background-attachment":"scroll","background-type":"","background-media":"","overlay-type":"","overlay-color":"","overlay-opacity":"","overlay-gradient":""},"tablet":{"background-color":"var(--ast-global-color-5)","background-image":"","background-repeat":"repeat","background-position":"center center","background-size":"auto","background-attachment":"scroll","background-type":"","background-media":"","overlay-type":"","overlay-color":"","overlay-opacity":"","overlay-gradient":""},"mobile":{"background-color":"var(--ast-global-color-5)","background-image":"","background-repeat":"repeat","background-position":"center center","background-size":"auto","background-attachment":"scroll","background-type":"","background-media":"","overlay-type":"","overlay-color":"","overlay-opacity":"","overlay-gradient":""}}},"product_brand":[],"product_cat":[153,136],"product_tag":[],"class_list":{"0":"post-2335","1":"product","2":"type-product","3":"status-publish","4":"has-post-thumbnail","6":"product_cat-membros-inferiores","7":"product_cat-ortopedicos","8":"desktop-align-left","9":"tablet-align-left","10":"mobile-align-left","12":"first","13":"instock","14":"taxable","15":"shipping-taxable","16":"product-type-simple"},"_links":{"self":[{"href":"https:\/\/www.medcoll.com.br\/en\/wp-json\/wp\/v2\/product\/2335","targetHints":{"allow":["GET"]}}],"collection":[{"href":"https:\/\/www.medcoll.com.br\/en\/wp-json\/wp\/v2\/product"}],"about":[{"href":"https:\/\/www.medcoll.com.br\/en\/wp-json\/wp\/v2\/types\/product"}],"replies":[{"embeddable":true,"href":"https:\/\/www.medcoll.com.br\/en\/wp-json\/wp\/v2\/comments?post=2335"}],"version-history":[{"count":1,"href":"https:\/\/www.medcoll.com.br\/en\/wp-json\/wp\/v2\/product\/2335\/revisions"}],"predecessor-version":[{"id":2344,"href":"https:\/\/www.medcoll.com.br\/en\/wp-json\/wp\/v2\/product\/2335\/revisions\/2344"}],"wp:featuredmedia":[{"embeddable":true,"href":"https:\/\/www.medcoll.com.br\/en\/wp-json\/wp\/v2\/media\/2343"}],"wp:attachment":[{"href":"https:\/\/www.medcoll.com.br\/en\/wp-json\/wp\/v2\/media?parent=2335"}],"wp:term":[{"taxonomy":"product_brand","embeddable":true,"href":"https:\/\/www.medcoll.com.br\/en\/wp-json\/wp\/v2\/product_brand?post=2335"},{"taxonomy":"product_cat","embeddable":true,"href":"https:\/\/www.medcoll.com.br\/en\/wp-json\/wp\/v2\/product_cat?post=2335"},{"taxonomy":"product_tag","embeddable":true,"href":"https:\/\/www.medcoll.com.br\/en\/wp-json\/wp\/v2\/product_tag?post=2335"}],"curies":[{"name":"wp","href":"https:\/\/api.w.org\/{rel}","templated":true}]}}