{"id":2354,"date":"2026-03-22T18:48:31","date_gmt":"2026-03-22T21:48:31","guid":{"rendered":"https:\/\/www.medcoll.com.br\/?post_type=product&#038;p=2354"},"modified":"2026-03-22T18:48:31","modified_gmt":"2026-03-22T21:48:31","slug":"joelheira-articulada","status":"publish","type":"product","link":"https:\/\/www.medcoll.com.br\/en\/product\/joelheira-articulada\/","title":{"rendered":"Joelheira Articulada"},"content":{"rendered":"<div class=\"product-description\">\n<p>A Joelheira Articulada Kestal possui articula\u00e7\u00f5es met\u00e1licas laterais com trava, que estabilizam o joelho e impedem a sua hiperextens\u00e3o. Pode ser utilizada para conter a flex\u00e3o do joelho atrav\u00e9s da invers\u00e3o das dobradi\u00e7as. Com fechamento duplo em velcro, proporciona maior firmeza e melhor ajuste.<\/p>\n<p>Preven\u00e7\u00e3o e recupera\u00e7\u00e3o de les\u00f5es nas regi\u00f5es do joelho tais como condromal\u00e1cia, entorses, edemas, distens\u00f5es, contus\u00f5es, tendinites, luxa\u00e7\u00f5es, instabilidade da rotula, instabilidade rotat\u00f3ria, artrose, artrites reumatoides, les\u00f5es ligamentares e em p\u00f3s-artroscopia do joelho. Ap\u00f3s a retirada de imobiliza\u00e7\u00e3o, auxilia no processo de reabilita\u00e7\u00e3o do paciente.<\/p>\n<\/div>\n<section class=\"product-information\">\n<h2>Informa\u00e7\u00f5es T\u00e9cnicas<\/h2>\n<p>Refer\u00eancia:<br \/>\nKSN081<\/p>\n<p>Tamanhos:<br \/>\n33cm x 35cm (PP)<br \/>\n35cm x 38cm (P)<br \/>\n38cm x 41cm (M)<br \/>\n41cm x 44cm (G)<br \/>\n44cm x 46cm (GG)<\/p>\n<p>Composi\u00e7\u00e3o:<br \/>\n85% SBR 15% Poliamida Articula\u00e7\u00e3o: 100% Alum\u00ednio.<\/section>","protected":false},"excerpt":{"rendered":"<p>Joelheira Articulada Kestal possui articula\u00e7\u00f5es met\u00e1licas laterais com trava, que estabilizam o joelho e impedem a sua hiperextens\u00e3o. Pode ser utilizada para conter a flex\u00e3o do joelho atrav\u00e9s da invers\u00e3o das dobradi\u00e7as. Com fechamento duplo em velcro, proporciona maior firmeza e melhor ajuste.<\/p>","protected":false},"featured_media":2358,"comment_status":"open","ping_status":"closed","template":"","meta":{"site-sidebar-layout":"default","site-content-layout":"","ast-site-content-layout":"default","site-content-style":"default","site-sidebar-style":"default","ast-global-header-display":"","ast-banner-title-visibility":"","ast-main-header-display":"","ast-hfb-above-header-display":"","ast-hfb-below-header-display":"","ast-hfb-mobile-header-display":"","site-post-title":"","ast-breadcrumbs-content":"","ast-featured-img":"","footer-sml-layout":"","ast-disable-related-posts":"","theme-transparent-header-meta":"default","adv-header-id-meta":"","stick-header-meta":"","header-above-stick-meta":"","header-main-stick-meta":"","header-below-stick-meta":"","astra-migrate-meta-layouts":"set","ast-page-background-enabled":"default","ast-page-background-meta":{"desktop":{"background-color":"var(--ast-global-color-4)","background-image":"","background-repeat":"repeat","background-position":"center center","background-size":"auto","background-attachment":"scroll","background-type":"","background-media":"","overlay-type":"","overlay-color":"","overlay-opacity":"","overlay-gradient":""},"tablet":{"background-color":"","background-image":"","background-repeat":"repeat","background-position":"center center","background-size":"auto","background-attachment":"scroll","background-type":"","background-media":"","overlay-type":"","overlay-color":"","overlay-opacity":"","overlay-gradient":""},"mobile":{"background-color":"","background-image":"","background-repeat":"repeat","background-position":"center center","background-size":"auto","background-attachment":"scroll","background-type":"","background-media":"","overlay-type":"","overlay-color":"","overlay-opacity":"","overlay-gradient":""}},"ast-content-background-meta":{"desktop":{"background-color":"var(--ast-global-color-5)","background-image":"","background-repeat":"repeat","background-position":"center center","background-size":"auto","background-attachment":"scroll","background-type":"","background-media":"","overlay-type":"","overlay-color":"","overlay-opacity":"","overlay-gradient":""},"tablet":{"background-color":"var(--ast-global-color-5)","background-image":"","background-repeat":"repeat","background-position":"center center","background-size":"auto","background-attachment":"scroll","background-type":"","background-media":"","overlay-type":"","overlay-color":"","overlay-opacity":"","overlay-gradient":""},"mobile":{"background-color":"var(--ast-global-color-5)","background-image":"","background-repeat":"repeat","background-position":"center center","background-size":"auto","background-attachment":"scroll","background-type":"","background-media":"","overlay-type":"","overlay-color":"","overlay-opacity":"","overlay-gradient":""}}},"product_brand":[],"product_cat":[153,136],"product_tag":[],"class_list":{"0":"post-2354","1":"product","2":"type-product","3":"status-publish","4":"has-post-thumbnail","6":"product_cat-membros-inferiores","7":"product_cat-ortopedicos","8":"desktop-align-left","9":"tablet-align-left","10":"mobile-align-left","12":"first","13":"instock","14":"taxable","15":"shipping-taxable","16":"product-type-simple"},"_links":{"self":[{"href":"https:\/\/www.medcoll.com.br\/en\/wp-json\/wp\/v2\/product\/2354","targetHints":{"allow":["GET"]}}],"collection":[{"href":"https:\/\/www.medcoll.com.br\/en\/wp-json\/wp\/v2\/product"}],"about":[{"href":"https:\/\/www.medcoll.com.br\/en\/wp-json\/wp\/v2\/types\/product"}],"replies":[{"embeddable":true,"href":"https:\/\/www.medcoll.com.br\/en\/wp-json\/wp\/v2\/comments?post=2354"}],"version-history":[{"count":1,"href":"https:\/\/www.medcoll.com.br\/en\/wp-json\/wp\/v2\/product\/2354\/revisions"}],"predecessor-version":[{"id":2359,"href":"https:\/\/www.medcoll.com.br\/en\/wp-json\/wp\/v2\/product\/2354\/revisions\/2359"}],"wp:featuredmedia":[{"embeddable":true,"href":"https:\/\/www.medcoll.com.br\/en\/wp-json\/wp\/v2\/media\/2358"}],"wp:attachment":[{"href":"https:\/\/www.medcoll.com.br\/en\/wp-json\/wp\/v2\/media?parent=2354"}],"wp:term":[{"taxonomy":"product_brand","embeddable":true,"href":"https:\/\/www.medcoll.com.br\/en\/wp-json\/wp\/v2\/product_brand?post=2354"},{"taxonomy":"product_cat","embeddable":true,"href":"https:\/\/www.medcoll.com.br\/en\/wp-json\/wp\/v2\/product_cat?post=2354"},{"taxonomy":"product_tag","embeddable":true,"href":"https:\/\/www.medcoll.com.br\/en\/wp-json\/wp\/v2\/product_tag?post=2354"}],"curies":[{"name":"wp","href":"https:\/\/api.w.org\/{rel}","templated":true}]}}