{"id":2360,"date":"2026-03-22T18:52:47","date_gmt":"2026-03-22T21:52:47","guid":{"rendered":"https:\/\/www.medcoll.com.br\/?post_type=product&#038;p=2360"},"modified":"2026-03-22T18:52:47","modified_gmt":"2026-03-22T21:52:47","slug":"joelheira-articulada-ajustavel-plus","status":"publish","type":"product","link":"https:\/\/www.medcoll.com.br\/en\/product\/joelheira-articulada-ajustavel-plus\/","title":{"rendered":"Joelheira Articulada Ajust\u00e1vel PLUS"},"content":{"rendered":"<div class=\"product-description\">\n<p>A Joelheira Articulada Ajust\u00e1vel Plus Kestal possui articula\u00e7\u00f5es meta\u0301licas laterais com trava, que estabilizam o joelho, impedem a sua hiperextensa\u0303o e evitam a lateriza\u00e7\u00e3o dos movimentos. A compress\u00e3o \u00e9 refor\u00e7ada pelas duas faixas (inferior e superior) que se prendem no fecho aderente proporcionando assim mais firmeza e seguran\u00e7a.<\/p>\n<p>Pessoas com sobrepeso. Prote\u00e7\u00e3o para instabilidade rotat\u00f3ria.<br \/>\nRecupera\u00e7\u00e3o de les\u00f5es ligamentares, entorses e traumas no joelho.<br \/>\nArtroses e artrites reumatoides. P\u00f3s-artroscopia. P\u00f3s retirada de gesso, auxiliando na reabilita\u00e7\u00e3o do paciente.<\/p>\n<\/div>\n<section class=\"product-information\">\n<h2>Informa\u00e7\u00f5es T\u00e9cnicas<\/h2>\n<p>Refer\u00eancia:<br \/>\nKSN068<\/p>\n<p>Tamanho:<br \/>\n\u00danico | Ajust\u00e1vel<\/p>\n<p>Circunfer\u00eancia: 40 &#8211; 60cm<\/p>\n<p>Composi\u00e7\u00e3o:<br \/>\nBorracha de cloropreno revestida com tecido 100% Poliamida.<\/section>","protected":false},"excerpt":{"rendered":"<p>A Joelheira Articulada Ajust\u00e1vel Plus Kestal possui articula\u00e7\u00f5es meta\u0301licas laterais com trava, que estabilizam o joelho, impedem a sua hiperextensa\u0303o e evitam a lateriza\u00e7\u00e3o dos movimentos. A compress\u00e3o \u00e9 refor\u00e7ada pelas duas faixas (inferior e superior) que se prendem no fecho aderente proporcionando assim mais firmeza e seguran\u00e7a.<\/p>","protected":false},"featured_media":2363,"comment_status":"open","ping_status":"closed","template":"","meta":{"site-sidebar-layout":"default","site-content-layout":"","ast-site-content-layout":"default","site-content-style":"default","site-sidebar-style":"default","ast-global-header-display":"","ast-banner-title-visibility":"","ast-main-header-display":"","ast-hfb-above-header-display":"","ast-hfb-below-header-display":"","ast-hfb-mobile-header-display":"","site-post-title":"","ast-breadcrumbs-content":"","ast-featured-img":"","footer-sml-layout":"","ast-disable-related-posts":"","theme-transparent-header-meta":"default","adv-header-id-meta":"","stick-header-meta":"","header-above-stick-meta":"","header-main-stick-meta":"","header-below-stick-meta":"","astra-migrate-meta-layouts":"set","ast-page-background-enabled":"default","ast-page-background-meta":{"desktop":{"background-color":"var(--ast-global-color-4)","background-image":"","background-repeat":"repeat","background-position":"center center","background-size":"auto","background-attachment":"scroll","background-type":"","background-media":"","overlay-type":"","overlay-color":"","overlay-opacity":"","overlay-gradient":""},"tablet":{"background-color":"","background-image":"","background-repeat":"repeat","background-position":"center center","background-size":"auto","background-attachment":"scroll","background-type":"","background-media":"","overlay-type":"","overlay-color":"","overlay-opacity":"","overlay-gradient":""},"mobile":{"background-color":"","background-image":"","background-repeat":"repeat","background-position":"center center","background-size":"auto","background-attachment":"scroll","background-type":"","background-media":"","overlay-type":"","overlay-color":"","overlay-opacity":"","overlay-gradient":""}},"ast-content-background-meta":{"desktop":{"background-color":"var(--ast-global-color-5)","background-image":"","background-repeat":"repeat","background-position":"center center","background-size":"auto","background-attachment":"scroll","background-type":"","background-media":"","overlay-type":"","overlay-color":"","overlay-opacity":"","overlay-gradient":""},"tablet":{"background-color":"var(--ast-global-color-5)","background-image":"","background-repeat":"repeat","background-position":"center center","background-size":"auto","background-attachment":"scroll","background-type":"","background-media":"","overlay-type":"","overlay-color":"","overlay-opacity":"","overlay-gradient":""},"mobile":{"background-color":"var(--ast-global-color-5)","background-image":"","background-repeat":"repeat","background-position":"center center","background-size":"auto","background-attachment":"scroll","background-type":"","background-media":"","overlay-type":"","overlay-color":"","overlay-opacity":"","overlay-gradient":""}}},"product_brand":[],"product_cat":[153,136],"product_tag":[],"class_list":{"0":"post-2360","1":"product","2":"type-product","3":"status-publish","4":"has-post-thumbnail","6":"product_cat-membros-inferiores","7":"product_cat-ortopedicos","8":"desktop-align-left","9":"tablet-align-left","10":"mobile-align-left","12":"first","13":"instock","14":"taxable","15":"shipping-taxable","16":"product-type-simple"},"_links":{"self":[{"href":"https:\/\/www.medcoll.com.br\/en\/wp-json\/wp\/v2\/product\/2360","targetHints":{"allow":["GET"]}}],"collection":[{"href":"https:\/\/www.medcoll.com.br\/en\/wp-json\/wp\/v2\/product"}],"about":[{"href":"https:\/\/www.medcoll.com.br\/en\/wp-json\/wp\/v2\/types\/product"}],"replies":[{"embeddable":true,"href":"https:\/\/www.medcoll.com.br\/en\/wp-json\/wp\/v2\/comments?post=2360"}],"version-history":[{"count":1,"href":"https:\/\/www.medcoll.com.br\/en\/wp-json\/wp\/v2\/product\/2360\/revisions"}],"predecessor-version":[{"id":2365,"href":"https:\/\/www.medcoll.com.br\/en\/wp-json\/wp\/v2\/product\/2360\/revisions\/2365"}],"wp:featuredmedia":[{"embeddable":true,"href":"https:\/\/www.medcoll.com.br\/en\/wp-json\/wp\/v2\/media\/2363"}],"wp:attachment":[{"href":"https:\/\/www.medcoll.com.br\/en\/wp-json\/wp\/v2\/media?parent=2360"}],"wp:term":[{"taxonomy":"product_brand","embeddable":true,"href":"https:\/\/www.medcoll.com.br\/en\/wp-json\/wp\/v2\/product_brand?post=2360"},{"taxonomy":"product_cat","embeddable":true,"href":"https:\/\/www.medcoll.com.br\/en\/wp-json\/wp\/v2\/product_cat?post=2360"},{"taxonomy":"product_tag","embeddable":true,"href":"https:\/\/www.medcoll.com.br\/en\/wp-json\/wp\/v2\/product_tag?post=2360"}],"curies":[{"name":"wp","href":"https:\/\/api.w.org\/{rel}","templated":true}]}}