{"id":2373,"date":"2026-03-22T19:02:18","date_gmt":"2026-03-22T22:02:18","guid":{"rendered":"https:\/\/www.medcoll.com.br\/?post_type=product&#038;p=2373"},"modified":"2026-03-22T19:02:18","modified_gmt":"2026-03-22T22:02:18","slug":"joelheira-articulada-com-cintas-cruzadas","status":"publish","type":"product","link":"https:\/\/www.medcoll.com.br\/en\/product\/joelheira-articulada-com-cintas-cruzadas\/","title":{"rendered":"Joelheira Articulada com Cintas Cruzadas"},"content":{"rendered":"<div class=\"product-description\">\n<p>Para voc\u00ea que pratica esportes ou tem problemas no joelho, a Joelheira Articulada com Cintas Cruzadas Kestal pode ser a solu\u00e7\u00e3o que voc\u00ea procura! Com suas articula\u00e7\u00f5es met\u00e1licas laterais com trava, ela estabiliza seu joelho, impede a hiperextens\u00e3o e evita movimentos laterais desnecess\u00e1rios.<\/p>\n<p>Al\u00e9m disso, ela conta com duas faixas (inferior e superior) que se prendem no fecho aderente e duas cintas cruzadas para oferecer ainda mais firmeza e seguran\u00e7a. A compress\u00e3o refor\u00e7ada ajuda a reduzir a dor e acelerar a recupera\u00e7\u00e3o de les\u00f5es ligamentares, entorses e traumas no joelho, artroses e artrites reumat\u00f3ides, p\u00f3s-artroscopia e p\u00f3s-retirada de gesso.<\/p>\n<p>Com a Joelheira Articulada com Cintas Cruzadas Kestal, voc\u00ea pode voltar a se mover com confian\u00e7a e seguran\u00e7a, sem precisar se preocupar com o risco de novas les\u00f5es. Ela \u00e9 a parceira ideal para ajudar na sua reabilita\u00e7\u00e3o e na sua rotina esportiva.<\/p>\n<p>N\u00e3o perca mais tempo sofrendo com dores no joelho, escolha a Joelheira Articulada com Cintas Cruzadas Kestal e volte a desfrutar da vida sem limita\u00e7\u00f5es. Seu joelho merece esse cuidado especial e voc\u00ea merece ter a seguran\u00e7a de que est\u00e1 tomando a melhor decis\u00e3o para sua sa\u00fade e bem-estar.<\/p>\n<\/div>\n<section class=\"product-information\">\n<h2>Informa\u00e7\u00f5es T\u00e9cnicas<\/h2>\n<p>Refer\u00eancia:<br \/>\nKSN038<\/p>\n<p>Tamanhos:<br \/>\n33cm x 35cm (PP)<br \/>\n35cm x 38cm (P)<br \/>\n38cm x 41cm (M)<br \/>\n41cm x 44cm (G)<br \/>\n44cm x 46cm (GG)<\/p>\n<p>Composi\u00e7\u00e3o:<br \/>\n85% SBR 15% Poliamida Articula\u00e7\u00e3o: 100% Alum\u00ednio.<\/section>","protected":false},"excerpt":{"rendered":"<p>Para voc\u00ea que pratica esportes ou tem problemas no joelho, a Joelheira Articulada com Cintas Cruzadas Kestal pode ser a solu\u00e7\u00e3o que voc\u00ea procura! Com suas articula\u00e7\u00f5es met\u00e1licas laterais com trava, ela estabiliza seu joelho, impede a hiperextens\u00e3o e evita movimentos laterais desnecess\u00e1rios.<\/p>","protected":false},"featured_media":2379,"comment_status":"open","ping_status":"closed","template":"","meta":{"site-sidebar-layout":"default","site-content-layout":"","ast-site-content-layout":"default","site-content-style":"default","site-sidebar-style":"default","ast-global-header-display":"","ast-banner-title-visibility":"","ast-main-header-display":"","ast-hfb-above-header-display":"","ast-hfb-below-header-display":"","ast-hfb-mobile-header-display":"","site-post-title":"","ast-breadcrumbs-content":"","ast-featured-img":"","footer-sml-layout":"","ast-disable-related-posts":"","theme-transparent-header-meta":"default","adv-header-id-meta":"","stick-header-meta":"","header-above-stick-meta":"","header-main-stick-meta":"","header-below-stick-meta":"","astra-migrate-meta-layouts":"set","ast-page-background-enabled":"default","ast-page-background-meta":{"desktop":{"background-color":"var(--ast-global-color-4)","background-image":"","background-repeat":"repeat","background-position":"center center","background-size":"auto","background-attachment":"scroll","background-type":"","background-media":"","overlay-type":"","overlay-color":"","overlay-opacity":"","overlay-gradient":""},"tablet":{"background-color":"","background-image":"","background-repeat":"repeat","background-position":"center center","background-size":"auto","background-attachment":"scroll","background-type":"","background-media":"","overlay-type":"","overlay-color":"","overlay-opacity":"","overlay-gradient":""},"mobile":{"background-color":"","background-image":"","background-repeat":"repeat","background-position":"center center","background-size":"auto","background-attachment":"scroll","background-type":"","background-media":"","overlay-type":"","overlay-color":"","overlay-opacity":"","overlay-gradient":""}},"ast-content-background-meta":{"desktop":{"background-color":"var(--ast-global-color-5)","background-image":"","background-repeat":"repeat","background-position":"center center","background-size":"auto","background-attachment":"scroll","background-type":"","background-media":"","overlay-type":"","overlay-color":"","overlay-opacity":"","overlay-gradient":""},"tablet":{"background-color":"var(--ast-global-color-5)","background-image":"","background-repeat":"repeat","background-position":"center center","background-size":"auto","background-attachment":"scroll","background-type":"","background-media":"","overlay-type":"","overlay-color":"","overlay-opacity":"","overlay-gradient":""},"mobile":{"background-color":"var(--ast-global-color-5)","background-image":"","background-repeat":"repeat","background-position":"center center","background-size":"auto","background-attachment":"scroll","background-type":"","background-media":"","overlay-type":"","overlay-color":"","overlay-opacity":"","overlay-gradient":""}}},"product_brand":[],"product_cat":[153,136],"product_tag":[],"class_list":{"0":"post-2373","1":"product","2":"type-product","3":"status-publish","4":"has-post-thumbnail","6":"product_cat-membros-inferiores","7":"product_cat-ortopedicos","8":"desktop-align-left","9":"tablet-align-left","10":"mobile-align-left","12":"first","13":"instock","14":"taxable","15":"shipping-taxable","16":"product-type-simple"},"_links":{"self":[{"href":"https:\/\/www.medcoll.com.br\/en\/wp-json\/wp\/v2\/product\/2373","targetHints":{"allow":["GET"]}}],"collection":[{"href":"https:\/\/www.medcoll.com.br\/en\/wp-json\/wp\/v2\/product"}],"about":[{"href":"https:\/\/www.medcoll.com.br\/en\/wp-json\/wp\/v2\/types\/product"}],"replies":[{"embeddable":true,"href":"https:\/\/www.medcoll.com.br\/en\/wp-json\/wp\/v2\/comments?post=2373"}],"version-history":[{"count":1,"href":"https:\/\/www.medcoll.com.br\/en\/wp-json\/wp\/v2\/product\/2373\/revisions"}],"predecessor-version":[{"id":2380,"href":"https:\/\/www.medcoll.com.br\/en\/wp-json\/wp\/v2\/product\/2373\/revisions\/2380"}],"wp:featuredmedia":[{"embeddable":true,"href":"https:\/\/www.medcoll.com.br\/en\/wp-json\/wp\/v2\/media\/2379"}],"wp:attachment":[{"href":"https:\/\/www.medcoll.com.br\/en\/wp-json\/wp\/v2\/media?parent=2373"}],"wp:term":[{"taxonomy":"product_brand","embeddable":true,"href":"https:\/\/www.medcoll.com.br\/en\/wp-json\/wp\/v2\/product_brand?post=2373"},{"taxonomy":"product_cat","embeddable":true,"href":"https:\/\/www.medcoll.com.br\/en\/wp-json\/wp\/v2\/product_cat?post=2373"},{"taxonomy":"product_tag","embeddable":true,"href":"https:\/\/www.medcoll.com.br\/en\/wp-json\/wp\/v2\/product_tag?post=2373"}],"curies":[{"name":"wp","href":"https:\/\/api.w.org\/{rel}","templated":true}]}}