{"id":2389,"date":"2026-03-23T17:24:00","date_gmt":"2026-03-23T20:24:00","guid":{"rendered":"https:\/\/www.medcoll.com.br\/?post_type=product&#038;p=2389"},"modified":"2026-03-23T17:24:01","modified_gmt":"2026-03-23T20:24:01","slug":"suporte-sub-patelar","status":"publish","type":"product","link":"https:\/\/www.medcoll.com.br\/en\/product\/suporte-sub-patelar\/","title":{"rendered":"Suporte Sub Patelar"},"content":{"rendered":"<div class=\"product-description\">\n<p>O Suporte Sub Patelar Kestal proporciona maior estabilidade e compress\u00e3o na regi\u00e3o do tend\u00e3o subpatelar. Atua na preven\u00e7\u00e3o de les\u00f5es e de luxa\u00e7\u00e3o da patela. \u00c9 ideal para pessoas que sobem e descem escadas em demasia. Preven\u00e7\u00e3o de les\u00f5es m\u00e9dias como tendinite patelar, condromal\u00e1cia, inflama\u00e7\u00f5es, distens\u00f5es e luxa\u00e7\u00f5es. Ideal para a pr\u00e1tica esportiva.<\/p>\n<\/div>\n<section class=\"product-information\">\n<h2>Informa\u00e7\u00f5es T\u00e9cnicas<\/h2>\n<p>Refer\u00eancia:<br \/>\nKSN006<\/p>\n<p>Tamanho:<br \/>\n\u00danico | Ajust\u00e1vel.<\/p>\n<p>Composi\u00e7\u00e3o:<br \/>\nBorracha de cloropreno revestida com tecido 100% Poliamida.<\/section>","protected":false},"excerpt":{"rendered":"<p>O Suporte Sub Patelar Kestal proporciona maior estabilidade e compress\u00e3o na regi\u00e3o do tend\u00e3o subpatelar. Atua na preven\u00e7\u00e3o de les\u00f5es e de luxa\u00e7\u00e3o da patela. \u00c9 ideal para pessoas que sobem e descem escadas em demasia. Preven\u00e7\u00e3o de les\u00f5es m\u00e9dias como tendinite patelar, condromal\u00e1cia, inflama\u00e7\u00f5es, distens\u00f5es e luxa\u00e7\u00f5es. Ideal para a pr\u00e1tica esportiva.<\/p>","protected":false},"featured_media":2390,"comment_status":"open","ping_status":"closed","template":"","meta":{"site-sidebar-layout":"default","site-content-layout":"","ast-site-content-layout":"default","site-content-style":"default","site-sidebar-style":"default","ast-global-header-display":"","ast-banner-title-visibility":"","ast-main-header-display":"","ast-hfb-above-header-display":"","ast-hfb-below-header-display":"","ast-hfb-mobile-header-display":"","site-post-title":"","ast-breadcrumbs-content":"","ast-featured-img":"","footer-sml-layout":"","ast-disable-related-posts":"","theme-transparent-header-meta":"default","adv-header-id-meta":"","stick-header-meta":"","header-above-stick-meta":"","header-main-stick-meta":"","header-below-stick-meta":"","astra-migrate-meta-layouts":"set","ast-page-background-enabled":"default","ast-page-background-meta":{"desktop":{"background-color":"var(--ast-global-color-4)","background-image":"","background-repeat":"repeat","background-position":"center center","background-size":"auto","background-attachment":"scroll","background-type":"","background-media":"","overlay-type":"","overlay-color":"","overlay-opacity":"","overlay-gradient":""},"tablet":{"background-color":"","background-image":"","background-repeat":"repeat","background-position":"center center","background-size":"auto","background-attachment":"scroll","background-type":"","background-media":"","overlay-type":"","overlay-color":"","overlay-opacity":"","overlay-gradient":""},"mobile":{"background-color":"","background-image":"","background-repeat":"repeat","background-position":"center center","background-size":"auto","background-attachment":"scroll","background-type":"","background-media":"","overlay-type":"","overlay-color":"","overlay-opacity":"","overlay-gradient":""}},"ast-content-background-meta":{"desktop":{"background-color":"var(--ast-global-color-5)","background-image":"","background-repeat":"repeat","background-position":"center center","background-size":"auto","background-attachment":"scroll","background-type":"","background-media":"","overlay-type":"","overlay-color":"","overlay-opacity":"","overlay-gradient":""},"tablet":{"background-color":"var(--ast-global-color-5)","background-image":"","background-repeat":"repeat","background-position":"center center","background-size":"auto","background-attachment":"scroll","background-type":"","background-media":"","overlay-type":"","overlay-color":"","overlay-opacity":"","overlay-gradient":""},"mobile":{"background-color":"var(--ast-global-color-5)","background-image":"","background-repeat":"repeat","background-position":"center center","background-size":"auto","background-attachment":"scroll","background-type":"","background-media":"","overlay-type":"","overlay-color":"","overlay-opacity":"","overlay-gradient":""}}},"product_brand":[],"product_cat":[153,136],"product_tag":[],"class_list":{"0":"post-2389","1":"product","2":"type-product","3":"status-publish","4":"has-post-thumbnail","6":"product_cat-membros-inferiores","7":"product_cat-ortopedicos","8":"desktop-align-left","9":"tablet-align-left","10":"mobile-align-left","12":"first","13":"instock","14":"taxable","15":"shipping-taxable","16":"product-type-simple"},"_links":{"self":[{"href":"https:\/\/www.medcoll.com.br\/en\/wp-json\/wp\/v2\/product\/2389","targetHints":{"allow":["GET"]}}],"collection":[{"href":"https:\/\/www.medcoll.com.br\/en\/wp-json\/wp\/v2\/product"}],"about":[{"href":"https:\/\/www.medcoll.com.br\/en\/wp-json\/wp\/v2\/types\/product"}],"replies":[{"embeddable":true,"href":"https:\/\/www.medcoll.com.br\/en\/wp-json\/wp\/v2\/comments?post=2389"}],"version-history":[{"count":2,"href":"https:\/\/www.medcoll.com.br\/en\/wp-json\/wp\/v2\/product\/2389\/revisions"}],"predecessor-version":[{"id":2396,"href":"https:\/\/www.medcoll.com.br\/en\/wp-json\/wp\/v2\/product\/2389\/revisions\/2396"}],"wp:featuredmedia":[{"embeddable":true,"href":"https:\/\/www.medcoll.com.br\/en\/wp-json\/wp\/v2\/media\/2390"}],"wp:attachment":[{"href":"https:\/\/www.medcoll.com.br\/en\/wp-json\/wp\/v2\/media?parent=2389"}],"wp:term":[{"taxonomy":"product_brand","embeddable":true,"href":"https:\/\/www.medcoll.com.br\/en\/wp-json\/wp\/v2\/product_brand?post=2389"},{"taxonomy":"product_cat","embeddable":true,"href":"https:\/\/www.medcoll.com.br\/en\/wp-json\/wp\/v2\/product_cat?post=2389"},{"taxonomy":"product_tag","embeddable":true,"href":"https:\/\/www.medcoll.com.br\/en\/wp-json\/wp\/v2\/product_tag?post=2389"}],"curies":[{"name":"wp","href":"https:\/\/api.w.org\/{rel}","templated":true}]}}