{"id":2397,"date":"2026-03-23T17:44:46","date_gmt":"2026-03-23T20:44:46","guid":{"rendered":"https:\/\/www.medcoll.com.br\/?post_type=product&#038;p=2397"},"modified":"2026-03-23T17:55:59","modified_gmt":"2026-03-23T20:55:59","slug":"travesseiro-suporte-cervical-nasa-anatomico-ortobom","status":"publish","type":"product","link":"https:\/\/www.medcoll.com.br\/en\/product\/travesseiro-suporte-cervical-nasa-anatomico-ortobom\/","title":{"rendered":"Travesseiro Suporte Cervical Nasa Anat\u00f4mico Ortobom"},"content":{"rendered":"<div class=\"d-flex gap-5 mb-4 mb-md-5 align-items-center line-detail\">\n<div class=\"w-100 p-2\">\n<p class=\"product-details-text\">Conforto e Suporte Extra Imagine deitar sua cabe\u00e7a em um travesseiro que se adapta perfeitamente aos contornos do seu corpo, proporcionando um alinhamento ideal para a cabe\u00e7a, pesco\u00e7o e ombros. O Travesseiro Anatomic Visco Ortobom \u00e9 a escolha perfeita para quem busca conforto e suporte inigual\u00e1veis. Feito com espuma viscoel\u00e1stica de \u00faltima gera\u00e7\u00e3o, desenvolvida pela NASA, este travesseiro oferece uma experi\u00eancia de sono verdadeiramente revolucion\u00e1ria.<\/p>\n<\/div>\n<\/div>\n<div class=\"d-flex gap-5 mb-4 mb-md-5 align-items-center line-detail-reverse\">\n<div class=\"w-100 p-2\">\n<p class=\"product-details-text\">Toque Macio e Conforto Duradouro O toque macio e envolvente do Travesseiro Anatomic Visco Ortobom \u00e9 inconfund\u00edvel. Sua espuma viscoel\u00e1stica possui uma textura suave que oferece conforto duradouro, ideal para uma noite de sono tranquila. Al\u00e9m disso, sua capacidade de absor\u00e7\u00e3o de impacto garante que voc\u00ea se sinta acolhido a cada noite, moldando-se delicadamente ao formato da sua cabe\u00e7a e pesco\u00e7o.<\/p>\n<\/div>\n<\/div>\n<div class=\"d-flex gap-5 mb-4 mb-md-5 align-items-center line-detail\">\n<div class=\"w-100 p-2\">\n<p class=\"product-details-text\">Tecnologia de Ponta para Al\u00edvio de Press\u00e3o A tecnologia viscoel\u00e1stica utilizada no Travesseiro Anatomic Visco Ortobom n\u00e3o s\u00f3 proporciona conforto, mas tamb\u00e9m alivia pontos de press\u00e3o, evitando dores e desconfortos. Esta espuma de alta densidade n\u00e3o retorna imediatamente \u00e0 sua forma original, moldando-se perfeitamente \u00e0 sua cervical e cabe\u00e7a, garantindo um alinhamento ortop\u00e9dico perfeito.<\/p>\n<\/div>\n<\/div>\n<div class=\"d-flex gap-5 mb-4 mb-md-5 align-items-center line-detail-reverse\">\n<div class=\"w-100 p-2\">\n<p class=\"product-details-text\">Ideal para Todos os Perfis de Usu\u00e1rios Indicado para quem busca um sono reparador e sem interrup\u00e7\u00f5es, o Travesseiro Anatomic Visco Ortobom \u00e9 ideal para todos os perfis de usu\u00e1rios, especialmente aqueles que sofrem com dores cervicais ou ombro. Sua constru\u00e7\u00e3o ergon\u00f4mica e tecnologia avan\u00e7ada proporcionam benef\u00edcios incompar\u00e1veis, garantindo que voc\u00ea acorde renovado e pronto para enfrentar o dia. Durma bem, viva melhor com Ortobom.<\/p>\n<p class=\"simpleP\">Visco el\u00e1stico desenvolvida pela NASA, \u00e9 uma das mais modernas e confort\u00e1veis tecnologias para colch\u00f5es da atualidade.Adaptam-se perfeitamente \u00e0s formas do corpo, exercendo uma menor press\u00e3o sobre o corpo, facilitando a circula\u00e7\u00e3o sangu\u00ednea durante o sono evitando formigamentos e garantindo um sono de melhor qualidade com menos viradas na cama durante a noite.<\/p>\n<div class=\"d-flex\"><span class=\"key\">N\u00edvel de Conforto<\/span><span class=\"value\">Macio<\/span><\/div>\n<div class=\"d-flex\"><span class=\"key\">Estilo<\/span><span class=\"value\">Moderno\/Tecnol\u00f3gico<\/span><\/div>\n<div class=\"d-flex\"><span class=\"key\">Tecnologia<\/span><span class=\"value\">Anti\u00e1caro<\/span><\/div>\n<div class=\"d-flex\"><span class=\"key\">Composi\u00e7\u00e3o do produto<\/span><span class=\"value\">Capa: tecido de malha100% poli\u00e9sterenchimento: espumaviscoel\u00e1stica 100% poliuretano.<\/span><\/div>\n<div class=\"d-flex\"><span class=\"key\">Material<\/span><span class=\"value\">Viscoel\u00e1stica<\/span><\/div>\n<div class=\"d-flex\"><span class=\"key\">Instru\u00e7\u00f5es de cuidado<\/span><span class=\"value\">Permitido lavagem temperatura m\u00e1xima 40\u00b0 c, proibido alvejamento, permitido secagem em tambor temperatura m\u00e1xima 60\u00ba c, proibido passadoria, proibido limpeza a seco,<\/span><\/div>\n<div class=\"d-flex\"><span class=\"key\">Tamanho<\/span><span class=\"value\">52&#215;38 cm<\/span><\/div>\n<div class=\"d-flex\"><span class=\"key\">Medidas<\/span><span class=\"value\">Altura: 12 cm;<br \/>\nLargura: 38 cm;<br \/>\nComprimento: 52 cm.<\/span><\/div>\n<\/div>\n<div><\/div>\n<\/div>","protected":false},"excerpt":{"rendered":"<p>Conforto e Suporte Extra Imagine deitar sua cabe\u00e7a em um travesseiro que se adapta perfeitamente aos contornos do seu corpo, proporcionando um alinhamento ideal para a cabe\u00e7a, pesco\u00e7o e ombros. O Travesseiro Anatomic Visco Ortobom \u00e9 a escolha perfeita para quem busca conforto e suporte inigual\u00e1veis. Feito com espuma viscoel\u00e1stica de \u00faltima gera\u00e7\u00e3o, desenvolvida pela NASA, este travesseiro oferece uma experi\u00eancia de sono verdadeiramente revolucion\u00e1ria.<\/p>","protected":false},"featured_media":2401,"comment_status":"open","ping_status":"closed","template":"","meta":{"site-sidebar-layout":"default","site-content-layout":"","ast-site-content-layout":"default","site-content-style":"default","site-sidebar-style":"default","ast-global-header-display":"","ast-banner-title-visibility":"","ast-main-header-display":"","ast-hfb-above-header-display":"","ast-hfb-below-header-display":"","ast-hfb-mobile-header-display":"","site-post-title":"","ast-breadcrumbs-content":"","ast-featured-img":"","footer-sml-layout":"","ast-disable-related-posts":"","theme-transparent-header-meta":"default","adv-header-id-meta":"","stick-header-meta":"","header-above-stick-meta":"","header-main-stick-meta":"","header-below-stick-meta":"","astra-migrate-meta-layouts":"set","ast-page-background-enabled":"default","ast-page-background-meta":{"desktop":{"background-color":"var(--ast-global-color-4)","background-image":"","background-repeat":"repeat","background-position":"center center","background-size":"auto","background-attachment":"scroll","background-type":"","background-media":"","overlay-type":"","overlay-color":"","overlay-opacity":"","overlay-gradient":""},"tablet":{"background-color":"","background-image":"","background-repeat":"repeat","background-position":"center center","background-size":"auto","background-attachment":"scroll","background-type":"","background-media":"","overlay-type":"","overlay-color":"","overlay-opacity":"","overlay-gradient":""},"mobile":{"background-color":"","background-image":"","background-repeat":"repeat","background-position":"center center","background-size":"auto","background-attachment":"scroll","background-type":"","background-media":"","overlay-type":"","overlay-color":"","overlay-opacity":"","overlay-gradient":""}},"ast-content-background-meta":{"desktop":{"background-color":"var(--ast-global-color-5)","background-image":"","background-repeat":"repeat","background-position":"center center","background-size":"auto","background-attachment":"scroll","background-type":"","background-media":"","overlay-type":"","overlay-color":"","overlay-opacity":"","overlay-gradient":""},"tablet":{"background-color":"var(--ast-global-color-5)","background-image":"","background-repeat":"repeat","background-position":"center center","background-size":"auto","background-attachment":"scroll","background-type":"","background-media":"","overlay-type":"","overlay-color":"","overlay-opacity":"","overlay-gradient":""},"mobile":{"background-color":"var(--ast-global-color-5)","background-image":"","background-repeat":"repeat","background-position":"center center","background-size":"auto","background-attachment":"scroll","background-type":"","background-media":"","overlay-type":"","overlay-color":"","overlay-opacity":"","overlay-gradient":""}}},"product_brand":[],"product_cat":[154,121,137,136],"product_tag":[],"class_list":{"0":"post-2397","1":"product","2":"type-product","3":"status-publish","4":"has-post-thumbnail","6":"product_cat-cabeca","7":"product_cat-conforto","8":"product_cat-home-care","9":"product_cat-ortopedicos","10":"desktop-align-left","11":"tablet-align-left","12":"mobile-align-left","14":"first","15":"instock","16":"taxable","17":"shipping-taxable","18":"product-type-simple"},"_links":{"self":[{"href":"https:\/\/www.medcoll.com.br\/en\/wp-json\/wp\/v2\/product\/2397","targetHints":{"allow":["GET"]}}],"collection":[{"href":"https:\/\/www.medcoll.com.br\/en\/wp-json\/wp\/v2\/product"}],"about":[{"href":"https:\/\/www.medcoll.com.br\/en\/wp-json\/wp\/v2\/types\/product"}],"replies":[{"embeddable":true,"href":"https:\/\/www.medcoll.com.br\/en\/wp-json\/wp\/v2\/comments?post=2397"}],"version-history":[{"count":1,"href":"https:\/\/www.medcoll.com.br\/en\/wp-json\/wp\/v2\/product\/2397\/revisions"}],"predecessor-version":[{"id":2405,"href":"https:\/\/www.medcoll.com.br\/en\/wp-json\/wp\/v2\/product\/2397\/revisions\/2405"}],"wp:featuredmedia":[{"embeddable":true,"href":"https:\/\/www.medcoll.com.br\/en\/wp-json\/wp\/v2\/media\/2401"}],"wp:attachment":[{"href":"https:\/\/www.medcoll.com.br\/en\/wp-json\/wp\/v2\/media?parent=2397"}],"wp:term":[{"taxonomy":"product_brand","embeddable":true,"href":"https:\/\/www.medcoll.com.br\/en\/wp-json\/wp\/v2\/product_brand?post=2397"},{"taxonomy":"product_cat","embeddable":true,"href":"https:\/\/www.medcoll.com.br\/en\/wp-json\/wp\/v2\/product_cat?post=2397"},{"taxonomy":"product_tag","embeddable":true,"href":"https:\/\/www.medcoll.com.br\/en\/wp-json\/wp\/v2\/product_tag?post=2397"}],"curies":[{"name":"wp","href":"https:\/\/api.w.org\/{rel}","templated":true}]}}