{"id":2406,"date":"2026-03-23T17:55:07","date_gmt":"2026-03-23T20:55:07","guid":{"rendered":"https:\/\/www.medcoll.com.br\/?post_type=product&#038;p=2406"},"modified":"2026-03-23T17:55:07","modified_gmt":"2026-03-23T20:55:07","slug":"travesseiro-ortopedico-cervical-com-capa-luckspuma","status":"publish","type":"product","link":"https:\/\/www.medcoll.com.br\/en\/product\/travesseiro-ortopedico-cervical-com-capa-luckspuma\/","title":{"rendered":"Travesseiro Ortop\u00e9dico Cervical com Capa &#8211; Luckspuma"},"content":{"rendered":"<p>TRAVESSEIRO ORTOP\u00c9DICO CERVICAL CASCA DE OVO COM CAPA LUCKSPUMA.<\/p>\n<p>O Travesseiro Ortop\u00e9dico Cervical Casca de Ovo Luckspuma foi desenvolvido para proporcionar noites de sono mais confort\u00e1veis e reparadoras. Seu design anat\u00f4mico com espuma alveolada (\u201ccasca de ovo\u201d) auxilia no apoio correto da regi\u00e3o cervical, ajudando no alinhamento da cabe\u00e7a com a coluna e promovendo maior relaxamento muscular. A superf\u00edcie massageadora contribui para a redu\u00e7\u00e3o de tens\u00f5es no pesco\u00e7o e ombros, al\u00e9m de favorecer a circula\u00e7\u00e3o durante o descanso. Ideal para quem busca conforto, bem-estar e qualidade de sono.<\/p>\n<p>ESPECIFICA\u00c7\u00d5ES T\u00c9CNICAS- Conte\u00fado: 01 travesseiro ortop\u00e9dico;- Espuma: 100% Poliuretano;- Densidade: D28;- Capa: Poli\u00e9ster com toque macio;- Dimens\u00f5es: 55 x 40 x 12 cm;- Formato: Anat\u00f4mico cervical;- Fabricante: Luckspuma;- Modelo: Travesseiro Pillow;- Cor: Amarelo e azul.<\/p>\n<p>Produto com propriedades antial\u00e9rgica, anti\u00e1caros, antifungos e antibact\u00e9rias;- Formato anat\u00f4mico com apoio cervical;- Auxilia no alinhamento da cabe\u00e7a e da coluna;- Espuma tipo casca de ovo com efeito massageador;- Ajuda a reduzir tens\u00f5es no pesco\u00e7o e nos ombros;- Proporciona mais conforto e relaxamento durante o sono;- Sensa\u00e7\u00e3o macia com sustenta\u00e7\u00e3o na medida certa;- Indicado para uso di\u00e1rio.<\/p>\n<p>CUIDADOS- Limpar com pano \u00famido e sab\u00e3o neutro;- N\u00e3o lavar na m\u00e1quina.<\/p>","protected":false},"excerpt":{"rendered":"<p>Travesseiro Ortop\u00e9dico Cervical Casca de Ovo Luckspuma foi desenvolvido para proporcionar noites de sono mais confort\u00e1veis e reparadoras. Seu design anat\u00f4mico com espuma alveolada (\u201ccasca de ovo\u201d) auxilia no apoio correto da regi\u00e3o cervical, ajudando no alinhamento da cabe\u00e7a com a coluna e promovendo maior relaxamento muscular.<\/p>","protected":false},"featured_media":2407,"comment_status":"open","ping_status":"closed","template":"","meta":{"site-sidebar-layout":"default","site-content-layout":"","ast-site-content-layout":"default","site-content-style":"default","site-sidebar-style":"default","ast-global-header-display":"","ast-banner-title-visibility":"","ast-main-header-display":"","ast-hfb-above-header-display":"","ast-hfb-below-header-display":"","ast-hfb-mobile-header-display":"","site-post-title":"","ast-breadcrumbs-content":"","ast-featured-img":"","footer-sml-layout":"","ast-disable-related-posts":"","theme-transparent-header-meta":"default","adv-header-id-meta":"","stick-header-meta":"","header-above-stick-meta":"","header-main-stick-meta":"","header-below-stick-meta":"","astra-migrate-meta-layouts":"set","ast-page-background-enabled":"default","ast-page-background-meta":{"desktop":{"background-color":"var(--ast-global-color-4)","background-image":"","background-repeat":"repeat","background-position":"center center","background-size":"auto","background-attachment":"scroll","background-type":"","background-media":"","overlay-type":"","overlay-color":"","overlay-opacity":"","overlay-gradient":""},"tablet":{"background-color":"","background-image":"","background-repeat":"repeat","background-position":"center center","background-size":"auto","background-attachment":"scroll","background-type":"","background-media":"","overlay-type":"","overlay-color":"","overlay-opacity":"","overlay-gradient":""},"mobile":{"background-color":"","background-image":"","background-repeat":"repeat","background-position":"center center","background-size":"auto","background-attachment":"scroll","background-type":"","background-media":"","overlay-type":"","overlay-color":"","overlay-opacity":"","overlay-gradient":""}},"ast-content-background-meta":{"desktop":{"background-color":"var(--ast-global-color-5)","background-image":"","background-repeat":"repeat","background-position":"center center","background-size":"auto","background-attachment":"scroll","background-type":"","background-media":"","overlay-type":"","overlay-color":"","overlay-opacity":"","overlay-gradient":""},"tablet":{"background-color":"var(--ast-global-color-5)","background-image":"","background-repeat":"repeat","background-position":"center center","background-size":"auto","background-attachment":"scroll","background-type":"","background-media":"","overlay-type":"","overlay-color":"","overlay-opacity":"","overlay-gradient":""},"mobile":{"background-color":"var(--ast-global-color-5)","background-image":"","background-repeat":"repeat","background-position":"center center","background-size":"auto","background-attachment":"scroll","background-type":"","background-media":"","overlay-type":"","overlay-color":"","overlay-opacity":"","overlay-gradient":""}}},"product_brand":[],"product_cat":[154,121,137,136],"product_tag":[],"class_list":{"0":"post-2406","1":"product","2":"type-product","3":"status-publish","4":"has-post-thumbnail","6":"product_cat-cabeca","7":"product_cat-conforto","8":"product_cat-home-care","9":"product_cat-ortopedicos","10":"desktop-align-left","11":"tablet-align-left","12":"mobile-align-left","14":"first","15":"instock","16":"taxable","17":"shipping-taxable","18":"product-type-simple"},"_links":{"self":[{"href":"https:\/\/www.medcoll.com.br\/en\/wp-json\/wp\/v2\/product\/2406","targetHints":{"allow":["GET"]}}],"collection":[{"href":"https:\/\/www.medcoll.com.br\/en\/wp-json\/wp\/v2\/product"}],"about":[{"href":"https:\/\/www.medcoll.com.br\/en\/wp-json\/wp\/v2\/types\/product"}],"replies":[{"embeddable":true,"href":"https:\/\/www.medcoll.com.br\/en\/wp-json\/wp\/v2\/comments?post=2406"}],"version-history":[{"count":1,"href":"https:\/\/www.medcoll.com.br\/en\/wp-json\/wp\/v2\/product\/2406\/revisions"}],"predecessor-version":[{"id":2411,"href":"https:\/\/www.medcoll.com.br\/en\/wp-json\/wp\/v2\/product\/2406\/revisions\/2411"}],"wp:featuredmedia":[{"embeddable":true,"href":"https:\/\/www.medcoll.com.br\/en\/wp-json\/wp\/v2\/media\/2407"}],"wp:attachment":[{"href":"https:\/\/www.medcoll.com.br\/en\/wp-json\/wp\/v2\/media?parent=2406"}],"wp:term":[{"taxonomy":"product_brand","embeddable":true,"href":"https:\/\/www.medcoll.com.br\/en\/wp-json\/wp\/v2\/product_brand?post=2406"},{"taxonomy":"product_cat","embeddable":true,"href":"https:\/\/www.medcoll.com.br\/en\/wp-json\/wp\/v2\/product_cat?post=2406"},{"taxonomy":"product_tag","embeddable":true,"href":"https:\/\/www.medcoll.com.br\/en\/wp-json\/wp\/v2\/product_tag?post=2406"}],"curies":[{"name":"wp","href":"https:\/\/api.w.org\/{rel}","templated":true}]}}