{"id":2412,"date":"2026-03-24T12:20:01","date_gmt":"2026-03-24T15:20:01","guid":{"rendered":"https:\/\/www.medcoll.com.br\/?post_type=product&#038;p=2412"},"modified":"2026-03-24T12:20:01","modified_gmt":"2026-03-24T15:20:01","slug":"jaleco-gabardine-com-punho-gola-padre-com-ziper","status":"publish","type":"product","link":"https:\/\/www.medcoll.com.br\/en\/product\/jaleco-gabardine-com-punho-gola-padre-com-ziper\/","title":{"rendered":"Jaleco Gabardine Com Punho Gola Padre Com Z\u00edper"},"content":{"rendered":"<p>Jaleco feminino gola padre com punhos e z\u00edper, confeccionado em gabardine, melhor tecido para quem procura eleg\u00e2ncia e um melhor aspecto para seu jaleco, n\u00e3o amassa com facilidade, seca r\u00e1pido, al\u00e9m de possuir alta resist\u00eancia e durabilidade.<\/p>\n<p>O modelo \u00e9 moderno e acinturado, fino acabamento com caimento perfeito. \u00d3tima op\u00e7\u00e3o para profissionais da sa\u00fade de todos os segmentos.<\/p>\n<p>&#8211; Tecido 100% Poli\u00e9ster<\/p>\n<p>&#8211; Z\u00edper &#8211; Manga com punhos de malha<\/p>\n<p>&#8211; Dispon\u00edvel nos tamanhos: PP, P, M, G, GG, EG<\/p>\n<p>DICAS PARA CUIDAR DO SEU JALECO<\/p>\n<p>&#8211; Utiliza\u00e7\u00e3o de ferro em temperatura morna.<\/p>\n<p>&#8211; Secar na sombra, n\u00e3o usar secadora.<\/p>\n<p>&#8211; N\u00e3o utilizar alvejantes.<\/p>","protected":false},"excerpt":{"rendered":"<p>Jaleco feminino gola padre com punhos e z\u00edper, confeccionado em gabardine, melhor tecido para quem procura eleg\u00e2ncia e um melhor aspecto para seu jaleco, n\u00e3o amassa com facilidade, seca r\u00e1pido, al\u00e9m de possuir alta resist\u00eancia e durabilidade.<\/p>","protected":false},"featured_media":2414,"comment_status":"open","ping_status":"closed","template":"","meta":{"site-sidebar-layout":"default","site-content-layout":"","ast-site-content-layout":"default","site-content-style":"default","site-sidebar-style":"default","ast-global-header-display":"","ast-banner-title-visibility":"","ast-main-header-display":"","ast-hfb-above-header-display":"","ast-hfb-below-header-display":"","ast-hfb-mobile-header-display":"","site-post-title":"","ast-breadcrumbs-content":"","ast-featured-img":"","footer-sml-layout":"","ast-disable-related-posts":"","theme-transparent-header-meta":"default","adv-header-id-meta":"","stick-header-meta":"","header-above-stick-meta":"","header-main-stick-meta":"","header-below-stick-meta":"","astra-migrate-meta-layouts":"set","ast-page-background-enabled":"default","ast-page-background-meta":{"desktop":{"background-color":"var(--ast-global-color-4)","background-image":"","background-repeat":"repeat","background-position":"center center","background-size":"auto","background-attachment":"scroll","background-type":"","background-media":"","overlay-type":"","overlay-color":"","overlay-opacity":"","overlay-gradient":""},"tablet":{"background-color":"","background-image":"","background-repeat":"repeat","background-position":"center center","background-size":"auto","background-attachment":"scroll","background-type":"","background-media":"","overlay-type":"","overlay-color":"","overlay-opacity":"","overlay-gradient":""},"mobile":{"background-color":"","background-image":"","background-repeat":"repeat","background-position":"center center","background-size":"auto","background-attachment":"scroll","background-type":"","background-media":"","overlay-type":"","overlay-color":"","overlay-opacity":"","overlay-gradient":""}},"ast-content-background-meta":{"desktop":{"background-color":"var(--ast-global-color-5)","background-image":"","background-repeat":"repeat","background-position":"center center","background-size":"auto","background-attachment":"scroll","background-type":"","background-media":"","overlay-type":"","overlay-color":"","overlay-opacity":"","overlay-gradient":""},"tablet":{"background-color":"var(--ast-global-color-5)","background-image":"","background-repeat":"repeat","background-position":"center center","background-size":"auto","background-attachment":"scroll","background-type":"","background-media":"","overlay-type":"","overlay-color":"","overlay-opacity":"","overlay-gradient":""},"mobile":{"background-color":"var(--ast-global-color-5)","background-image":"","background-repeat":"repeat","background-position":"center center","background-size":"auto","background-attachment":"scroll","background-type":"","background-media":"","overlay-type":"","overlay-color":"","overlay-opacity":"","overlay-gradient":""}}},"product_brand":[],"product_cat":[129,126,176],"product_tag":[],"class_list":{"0":"post-2412","1":"product","2":"type-product","3":"status-publish","4":"has-post-thumbnail","6":"product_cat-feminino","7":"product_cat-jalecos-jalecos","8":"product_cat-simples","9":"desktop-align-left","10":"tablet-align-left","11":"mobile-align-left","13":"first","14":"instock","15":"taxable","16":"shipping-taxable","17":"product-type-simple"},"_links":{"self":[{"href":"https:\/\/www.medcoll.com.br\/en\/wp-json\/wp\/v2\/product\/2412","targetHints":{"allow":["GET"]}}],"collection":[{"href":"https:\/\/www.medcoll.com.br\/en\/wp-json\/wp\/v2\/product"}],"about":[{"href":"https:\/\/www.medcoll.com.br\/en\/wp-json\/wp\/v2\/types\/product"}],"replies":[{"embeddable":true,"href":"https:\/\/www.medcoll.com.br\/en\/wp-json\/wp\/v2\/comments?post=2412"}],"version-history":[{"count":1,"href":"https:\/\/www.medcoll.com.br\/en\/wp-json\/wp\/v2\/product\/2412\/revisions"}],"predecessor-version":[{"id":2416,"href":"https:\/\/www.medcoll.com.br\/en\/wp-json\/wp\/v2\/product\/2412\/revisions\/2416"}],"wp:featuredmedia":[{"embeddable":true,"href":"https:\/\/www.medcoll.com.br\/en\/wp-json\/wp\/v2\/media\/2414"}],"wp:attachment":[{"href":"https:\/\/www.medcoll.com.br\/en\/wp-json\/wp\/v2\/media?parent=2412"}],"wp:term":[{"taxonomy":"product_brand","embeddable":true,"href":"https:\/\/www.medcoll.com.br\/en\/wp-json\/wp\/v2\/product_brand?post=2412"},{"taxonomy":"product_cat","embeddable":true,"href":"https:\/\/www.medcoll.com.br\/en\/wp-json\/wp\/v2\/product_cat?post=2412"},{"taxonomy":"product_tag","embeddable":true,"href":"https:\/\/www.medcoll.com.br\/en\/wp-json\/wp\/v2\/product_tag?post=2412"}],"curies":[{"name":"wp","href":"https:\/\/api.w.org\/{rel}","templated":true}]}}