{"id":2417,"date":"2026-03-24T17:53:00","date_gmt":"2026-03-24T20:53:00","guid":{"rendered":"https:\/\/www.medcoll.com.br\/?post_type=product&#038;p=2417"},"modified":"2026-03-24T17:59:24","modified_gmt":"2026-03-24T20:59:24","slug":"jaleco-feminino-gabardine-gola-tradicional","status":"publish","type":"product","link":"https:\/\/www.medcoll.com.br\/en\/product\/jaleco-feminino-gabardine-gola-tradicional\/","title":{"rendered":"Jaleco Feminino Gabardine Gola Tradicional"},"content":{"rendered":"<p>Jaleco Feminino Gabardine Gola Tradicional e Bot\u00f5es Ocultos.<\/p>\n<ul>\n<li><strong>Gola Esporte Cl\u00e1ssica:<\/strong>\u00a0Estruturada e entretelada para n\u00e3o perder a forma.<\/li>\n<li><strong>Comprimento Ideal:<\/strong>\u00a0Projetado para oferecer prote\u00e7\u00e3o at\u00e9 a regi\u00e3o das coxas, sem comprometer a mobilidade.<\/li>\n<li><strong>Bolsos Amplos:<\/strong>\u00a0Dois bolsos inferiores espa\u00e7osos, perfeitos para carregar receitu\u00e1rio, carimbos e celular.<\/li>\n<\/ul>\n<ul>\n<li><strong>Modelo:<\/strong>\u00a0Tradicional<\/li>\n<li><strong>Cor:<\/strong>\u00a0Branco (Alto padr\u00e3o)<\/li>\n<li><strong>Tecido:<\/strong> Gabardine<\/li>\n<li><strong>Composi\u00e7\u00e3o:<\/strong>\u00a0100% Poli\u00e9ster (N\u00e3o encolhe)<\/li>\n<li><strong>Bolsos:<\/strong>\u00a02 frontais funcionais<\/li>\n<li><strong>Gola:<\/strong>\u00a0Esporte \/ Tradicional<\/li>\n<li><strong>Marca:<\/strong> Medcoll (Fabrica\u00e7\u00e3o Pr\u00f3pria)<\/li>\n<\/ul>\n<p>&nbsp;<\/p>","protected":false},"excerpt":{"rendered":"<p>Jaleco Feminino Gabardine Gola Tradicional e Bot\u00f5es Ocultos.<\/p>","protected":false},"featured_media":2419,"comment_status":"open","ping_status":"closed","template":"","meta":{"site-sidebar-layout":"default","site-content-layout":"","ast-site-content-layout":"default","site-content-style":"default","site-sidebar-style":"default","ast-global-header-display":"","ast-banner-title-visibility":"","ast-main-header-display":"","ast-hfb-above-header-display":"","ast-hfb-below-header-display":"","ast-hfb-mobile-header-display":"","site-post-title":"","ast-breadcrumbs-content":"","ast-featured-img":"","footer-sml-layout":"","ast-disable-related-posts":"","theme-transparent-header-meta":"default","adv-header-id-meta":"","stick-header-meta":"","header-above-stick-meta":"","header-main-stick-meta":"","header-below-stick-meta":"","astra-migrate-meta-layouts":"set","ast-page-background-enabled":"default","ast-page-background-meta":{"desktop":{"background-color":"var(--ast-global-color-4)","background-image":"","background-repeat":"repeat","background-position":"center center","background-size":"auto","background-attachment":"scroll","background-type":"","background-media":"","overlay-type":"","overlay-color":"","overlay-opacity":"","overlay-gradient":""},"tablet":{"background-color":"","background-image":"","background-repeat":"repeat","background-position":"center center","background-size":"auto","background-attachment":"scroll","background-type":"","background-media":"","overlay-type":"","overlay-color":"","overlay-opacity":"","overlay-gradient":""},"mobile":{"background-color":"","background-image":"","background-repeat":"repeat","background-position":"center center","background-size":"auto","background-attachment":"scroll","background-type":"","background-media":"","overlay-type":"","overlay-color":"","overlay-opacity":"","overlay-gradient":""}},"ast-content-background-meta":{"desktop":{"background-color":"var(--ast-global-color-5)","background-image":"","background-repeat":"repeat","background-position":"center center","background-size":"auto","background-attachment":"scroll","background-type":"","background-media":"","overlay-type":"","overlay-color":"","overlay-opacity":"","overlay-gradient":""},"tablet":{"background-color":"var(--ast-global-color-5)","background-image":"","background-repeat":"repeat","background-position":"center center","background-size":"auto","background-attachment":"scroll","background-type":"","background-media":"","overlay-type":"","overlay-color":"","overlay-opacity":"","overlay-gradient":""},"mobile":{"background-color":"var(--ast-global-color-5)","background-image":"","background-repeat":"repeat","background-position":"center center","background-size":"auto","background-attachment":"scroll","background-type":"","background-media":"","overlay-type":"","overlay-color":"","overlay-opacity":"","overlay-gradient":""}}},"product_brand":[],"product_cat":[129,126,176],"product_tag":[],"class_list":{"0":"post-2417","1":"product","2":"type-product","3":"status-publish","4":"has-post-thumbnail","6":"product_cat-feminino","7":"product_cat-jalecos-jalecos","8":"product_cat-simples","9":"desktop-align-left","10":"tablet-align-left","11":"mobile-align-left","13":"first","14":"instock","15":"taxable","16":"shipping-taxable","17":"product-type-simple"},"_links":{"self":[{"href":"https:\/\/www.medcoll.com.br\/en\/wp-json\/wp\/v2\/product\/2417","targetHints":{"allow":["GET"]}}],"collection":[{"href":"https:\/\/www.medcoll.com.br\/en\/wp-json\/wp\/v2\/product"}],"about":[{"href":"https:\/\/www.medcoll.com.br\/en\/wp-json\/wp\/v2\/types\/product"}],"replies":[{"embeddable":true,"href":"https:\/\/www.medcoll.com.br\/en\/wp-json\/wp\/v2\/comments?post=2417"}],"version-history":[{"count":3,"href":"https:\/\/www.medcoll.com.br\/en\/wp-json\/wp\/v2\/product\/2417\/revisions"}],"predecessor-version":[{"id":2425,"href":"https:\/\/www.medcoll.com.br\/en\/wp-json\/wp\/v2\/product\/2417\/revisions\/2425"}],"wp:featuredmedia":[{"embeddable":true,"href":"https:\/\/www.medcoll.com.br\/en\/wp-json\/wp\/v2\/media\/2419"}],"wp:attachment":[{"href":"https:\/\/www.medcoll.com.br\/en\/wp-json\/wp\/v2\/media?parent=2417"}],"wp:term":[{"taxonomy":"product_brand","embeddable":true,"href":"https:\/\/www.medcoll.com.br\/en\/wp-json\/wp\/v2\/product_brand?post=2417"},{"taxonomy":"product_cat","embeddable":true,"href":"https:\/\/www.medcoll.com.br\/en\/wp-json\/wp\/v2\/product_cat?post=2417"},{"taxonomy":"product_tag","embeddable":true,"href":"https:\/\/www.medcoll.com.br\/en\/wp-json\/wp\/v2\/product_tag?post=2417"}],"curies":[{"name":"wp","href":"https:\/\/api.w.org\/{rel}","templated":true}]}}