{"id":248,"date":"2024-03-22T12:56:46","date_gmt":"2024-03-22T15:56:46","guid":{"rendered":"https:\/\/www.medcoll.com.br\/?post_type=product&#038;p=248"},"modified":"2026-02-19T22:50:27","modified_gmt":"2026-02-20T01:50:27","slug":"oximetro-led-g-tech","status":"publish","type":"product","link":"https:\/\/www.medcoll.com.br\/en\/product\/oximetro-led-g-tech\/","title":{"rendered":"Ox\u00edmetro Led &#8211; G-TECH"},"content":{"rendered":"<p>Altamente preciso nas leituras;<br \/>\nPossui o melhor tempo de resposta quando comparado a outros similares no mercado;<br \/>\nO avan\u00e7ado algoritmo do Ox\u00edmetro G-Tech consegue detectar e apresentar instantaneamente o resultado real da medi\u00e7\u00e3o mesmo durante essas varia\u00e7\u00f5es abruptas;<br \/>\nVisor em tecnologia LED de alto contraste, facilitando a visualiza\u00e7\u00e3o dos resultados;<br \/>\nInforma Satura\u00e7\u00e3o (SpO2) e Frequ\u00eancia Card\u00edaca;<br \/>\nCom desligamento autom\u00e1tico;<br \/>\nCapa protetora em silicone e estojo para armazenamento;<br \/>\nRecomendado para Adultos e Crian\u00e7as;<br \/>\nCurva Plestimogr\u00e1fica.<\/p>\n<p>Caracter\u00edsticas do Ox\u00edmetro G-Tech de Dedo Led Port\u00e1til<br \/>\nMarca: G- Tech;<br \/>\nTipo de ox\u00edmetro: Dedo;<br \/>\n1 Ano de Garantia oferecido pelo fabricante;<br \/>\nAprovado pelo INMETRO;<br \/>\nRegistro da ANVISA: 80275310062;<br \/>\nEnergia necess\u00e1ria 2 Pilhas Alcalinas AAA 1.5V;<br \/>\nVida \u00fatil da Bateria: Podem ser usadas continuamente por 30hrs;<br \/>\nDimens\u00f5es (mm) Comprimento: 60 \/ Largura: 30 \/Altura: 30;<br \/>\nPeso 100g (incluindo as duas baterias AAA);<br \/>\nCont\u00e9m na embalagem: 01 Ox\u00edmetro G-Tech LED, 01 Estojo para Transporte, 01 Capa de Silicone, 01 Manual de Instru\u00e7\u00f5es, 01 Al\u00e7a de M\u00e3o e 02 Pilhas AAA.<\/p>","protected":false},"excerpt":{"rendered":"<h2 style=\"font-weight: 300; line-height: 1.42857; font-size: 2.6rem; margin-top: 2.5rem; margin-bottom: 2rem; font-family: Montserrat;\"><\/h2>\n<p style=\"margin-top: 0px; margin-bottom: 1rem; font-family: Montserrat; font-size: 14px;\"><span data-contrast=\"none\">O\u00a0<\/span><span style=\"font-weight: bold;\">ox\u00edmetro de dedo G-TECH<\/span><span data-contrast=\"none\">\u00a0\u00e9 um dispositivo port\u00e1til, n\u00e3o invasivo desenvolvido para detectar e apresentar instantaneamente o resultado real da monitoriza\u00e7\u00e3o da porcentagem de satura\u00e7\u00e3o de oxig\u00eanio no sangue (SpO2) e dos batimentos card\u00edacos por minuto.<\/span><span data-ccp-props=\"{&quot;201341983&quot;:0,&quot;335551550&quot;:6,&quot;335551620&quot;:6,&quot;335559739&quot;:160,&quot;335559740&quot;:259}\">\u00a0<\/span><\/p>\n<p style=\"margin-top: 0px; margin-bottom: 1rem; font-family: Montserrat; font-size: 14px;\"><span data-contrast=\"none\">O\u00a0<\/span><span style=\"font-weight: bold;\">Ox\u00edmetro de Dedo Port\u00e1til\u00a0<\/span><span data-contrast=\"none\">de alta precis\u00e3o, pode ser utilizado tanto por profissionais de sa\u00fade como por pacientes no ambiente dom\u00e9stico. Pode ser utilizado em pacientes adultos e pedi\u00e1tricos (circunfer\u00eancia m\u00ednima do dedo &#8211; 9mm).<\/span><\/p>","protected":false},"featured_media":247,"comment_status":"open","ping_status":"closed","template":"","meta":{"site-sidebar-layout":"default","site-content-layout":"","ast-site-content-layout":"default","site-content-style":"default","site-sidebar-style":"default","ast-global-header-display":"","ast-banner-title-visibility":"","ast-main-header-display":"","ast-hfb-above-header-display":"","ast-hfb-below-header-display":"","ast-hfb-mobile-header-display":"","site-post-title":"","ast-breadcrumbs-content":"","ast-featured-img":"","footer-sml-layout":"","ast-disable-related-posts":"","theme-transparent-header-meta":"default","adv-header-id-meta":"","stick-header-meta":"","header-above-stick-meta":"","header-main-stick-meta":"","header-below-stick-meta":"","astra-migrate-meta-layouts":"set","ast-page-background-enabled":"default","ast-page-background-meta":{"desktop":{"background-color":"var(--ast-global-color-4)","background-image":"","background-repeat":"repeat","background-position":"center center","background-size":"auto","background-attachment":"scroll","background-type":"","background-media":"","overlay-type":"","overlay-color":"","overlay-opacity":"","overlay-gradient":""},"tablet":{"background-color":"","background-image":"","background-repeat":"repeat","background-position":"center center","background-size":"auto","background-attachment":"scroll","background-type":"","background-media":"","overlay-type":"","overlay-color":"","overlay-opacity":"","overlay-gradient":""},"mobile":{"background-color":"","background-image":"","background-repeat":"repeat","background-position":"center center","background-size":"auto","background-attachment":"scroll","background-type":"","background-media":"","overlay-type":"","overlay-color":"","overlay-opacity":"","overlay-gradient":""}},"ast-content-background-meta":{"desktop":{"background-color":"var(--ast-global-color-5)","background-image":"","background-repeat":"repeat","background-position":"center center","background-size":"auto","background-attachment":"scroll","background-type":"","background-media":"","overlay-type":"","overlay-color":"","overlay-opacity":"","overlay-gradient":""},"tablet":{"background-color":"var(--ast-global-color-5)","background-image":"","background-repeat":"repeat","background-position":"center center","background-size":"auto","background-attachment":"scroll","background-type":"","background-media":"","overlay-type":"","overlay-color":"","overlay-opacity":"","overlay-gradient":""},"mobile":{"background-color":"var(--ast-global-color-5)","background-image":"","background-repeat":"repeat","background-position":"center center","background-size":"auto","background-attachment":"scroll","background-type":"","background-media":"","overlay-type":"","overlay-color":"","overlay-opacity":"","overlay-gradient":""}}},"product_brand":[],"product_cat":[120,173,162],"product_tag":[],"class_list":{"0":"post-248","1":"product","2":"type-product","3":"status-publish","4":"has-post-thumbnail","6":"product_cat-aparelho","7":"product_cat-outros-produtos-medicos","8":"product_cat-oximetros","9":"product_shipping_class-minimo","10":"desktop-align-left","11":"tablet-align-left","12":"mobile-align-left","14":"first","15":"instock","16":"taxable","17":"shipping-taxable","18":"purchasable","19":"product-type-simple"},"_links":{"self":[{"href":"https:\/\/www.medcoll.com.br\/en\/wp-json\/wp\/v2\/product\/248","targetHints":{"allow":["GET"]}}],"collection":[{"href":"https:\/\/www.medcoll.com.br\/en\/wp-json\/wp\/v2\/product"}],"about":[{"href":"https:\/\/www.medcoll.com.br\/en\/wp-json\/wp\/v2\/types\/product"}],"replies":[{"embeddable":true,"href":"https:\/\/www.medcoll.com.br\/en\/wp-json\/wp\/v2\/comments?post=248"}],"version-history":[{"count":2,"href":"https:\/\/www.medcoll.com.br\/en\/wp-json\/wp\/v2\/product\/248\/revisions"}],"predecessor-version":[{"id":2136,"href":"https:\/\/www.medcoll.com.br\/en\/wp-json\/wp\/v2\/product\/248\/revisions\/2136"}],"wp:featuredmedia":[{"embeddable":true,"href":"https:\/\/www.medcoll.com.br\/en\/wp-json\/wp\/v2\/media\/247"}],"wp:attachment":[{"href":"https:\/\/www.medcoll.com.br\/en\/wp-json\/wp\/v2\/media?parent=248"}],"wp:term":[{"taxonomy":"product_brand","embeddable":true,"href":"https:\/\/www.medcoll.com.br\/en\/wp-json\/wp\/v2\/product_brand?post=248"},{"taxonomy":"product_cat","embeddable":true,"href":"https:\/\/www.medcoll.com.br\/en\/wp-json\/wp\/v2\/product_cat?post=248"},{"taxonomy":"product_tag","embeddable":true,"href":"https:\/\/www.medcoll.com.br\/en\/wp-json\/wp\/v2\/product_tag?post=248"}],"curies":[{"name":"wp","href":"https:\/\/api.w.org\/{rel}","templated":true}]}}