{"id":259,"date":"2024-03-29T19:39:38","date_gmt":"2024-03-29T22:39:38","guid":{"rendered":"https:\/\/www.medcoll.com.br\/?post_type=product&#038;p=259"},"modified":"2026-02-07T22:53:36","modified_gmt":"2026-02-08T01:53:36","slug":"kit-academico-de-enfermagem-2","status":"publish","type":"product","link":"https:\/\/www.medcoll.com.br\/en\/product\/kit-academico-de-enfermagem-2\/","title":{"rendered":"Kit Acad\u00eamico de Enfermagem"},"content":{"rendered":"<p>ESFIGMOMAN\u00d4METRO APARELHO DE PRESS\u00c3O PREMIUM<br \/>\n\u2022 Verificado e aprovado pelo INMETRO;<br \/>\n\u2022 Manguito e p\u00eara em PVC;<br \/>\n\u2022 Bra\u00e7adeira em nylon, com fecho de velcro.<br \/>\n&#8211; Garantia da Premium: 1 ano.<\/p>\n<p>ESTETOSC\u00d3PIO RAPPAPORT DUPLO PREMIUM (ADULTO E PEDI\u00c1TRICO)<br \/>\n\u2022 Inclui olivas e diafragmas para convers\u00e3o em diferentes formas de uso;<br \/>\n\u2022 Tubo duplo para ausculta mais precisa;<br \/>\n\u2022 Diafragma de alta sensibilidade;<br \/>\n\u2022 Acompanha kit de acess\u00f3rios contendo: 2 pares de oliva, 2 membranas e 3 diafragmas;<br \/>\n\u2022 Registro Minist\u00e9rio da Sa\u00fade \/ ANVISA.<br \/>\n&#8211; Garantia da Premium: 1 ano.<\/p>\n<p>GARROTE L\u00c1TEX\/ TORNIQUETE<br \/>\n\u2022 Utilizado no procedimento m\u00e9dico-hospitalar de pun\u00e7\u00e3o venosa, utilizado tamb\u00e9m para coleta de sangue para facilitar a localiza\u00e7\u00e3o das veias, tornando-as proeminentes;<br \/>\n\u2022 Liso e n\u00e3o est\u00e9ril.<\/p>\n<p>GARROTE AUTOTRAVA\/ TORNIQUETE<br \/>\n\u2022 Tecido el\u00e1stico adequado, com ajuste perfeito;<br \/>\n\u2022 Pr\u00e1tico e eficaz para uso adulto e infantil;<br \/>\n\u2022 Reutiliz\u00e1vel;<br \/>\n\u2022 Regulagem de tamanho.<\/p>\n<p>\u00d3CULOS DE PROTE\u00c7\u00c3O INDIVIDUAL<br \/>\n\u2022 Confeccionado em policarbonato \u00f3ptico, com arma\u00e7\u00e3o de nylon<\/p>\n<p>TERM\u00d4METRO DIGITAL<br \/>\n\u2022 Pr\u00e1tico e preciso, indicado para toda a fam\u00edlia;<br \/>\n\u2022 Visor digital de f\u00e1cil visualiza\u00e7\u00e3o;<br \/>\n\u2022 Design moderno;<br \/>\n\u2022 Aviso sonoro;<br \/>\n\u2022 Resultado em 1 minuto;<br \/>\n\u2022 Desligamento autom\u00e1tico.<\/p>\n<p>REL\u00d3GIO DE LAPELA OU BOLSO<br \/>\n\u2022 Possui um duplo sistema de seguran\u00e7a que evita quedas acidentalmente;<br \/>\n\u2022 Tamanho: \u00danico;<br \/>\n\u2022 Material Capa: Silicone;<br \/>\n\u2022 Tipo Rel\u00f3gio: Anal\u00f3gico;<br \/>\n\u2022 Gradua\u00e7\u00e3o: 60 Segundos.<\/p>\n<p>FITA M\u00c9TRICA<br \/>\n\u2022 1,5 metros de comprimento.<\/p>","protected":false},"excerpt":{"rendered":"<p>Kit Profissional para Aula de Fundamentos Enfermagem<\/p>\n<p>Conte\u00fado do Kit:<br \/>\n1 Estetosc\u00f3pio modelo Rappaport<br \/>\n1 Esfigmoman\u00f4metro Premium<br \/>\n1 \u00d3culos de prote\u00e7\u00e3o<br \/>\n1 Garrote Autom\u00e1tico<br \/>\n1 Garrote L\u00e1tex (45cm)<br \/>\n1 Fita M\u00e9trica<br \/>\n1 Rel\u00f3gio de Lapela<br \/>\n1 Term\u00f4metro Digital<\/p>\n<p>* A escolha base de cor do kit \u00e9 no Estetosc\u00f3pio e Esfigmoman\u00f4metro, demais produtos entre em contato atrav\u00e9s do WhatsApp para verificar as cores dispon\u00edveis.<\/p>","protected":false},"featured_media":251,"comment_status":"open","ping_status":"closed","template":"","meta":{"site-sidebar-layout":"default","site-content-layout":"","ast-site-content-layout":"default","site-content-style":"default","site-sidebar-style":"default","ast-global-header-display":"","ast-banner-title-visibility":"","ast-main-header-display":"","ast-hfb-above-header-display":"","ast-hfb-below-header-display":"","ast-hfb-mobile-header-display":"","site-post-title":"","ast-breadcrumbs-content":"","ast-featured-img":"","footer-sml-layout":"","ast-disable-related-posts":"","theme-transparent-header-meta":"default","adv-header-id-meta":"","stick-header-meta":"","header-above-stick-meta":"","header-main-stick-meta":"","header-below-stick-meta":"","astra-migrate-meta-layouts":"set","ast-page-background-enabled":"default","ast-page-background-meta":{"desktop":{"background-color":"var(--ast-global-color-4)","background-image":"","background-repeat":"repeat","background-position":"center center","background-size":"auto","background-attachment":"scroll","background-type":"","background-media":"","overlay-type":"","overlay-color":"","overlay-opacity":"","overlay-gradient":""},"tablet":{"background-color":"","background-image":"","background-repeat":"repeat","background-position":"center center","background-size":"auto","background-attachment":"scroll","background-type":"","background-media":"","overlay-type":"","overlay-color":"","overlay-opacity":"","overlay-gradient":""},"mobile":{"background-color":"","background-image":"","background-repeat":"repeat","background-position":"center center","background-size":"auto","background-attachment":"scroll","background-type":"","background-media":"","overlay-type":"","overlay-color":"","overlay-opacity":"","overlay-gradient":""}},"ast-content-background-meta":{"desktop":{"background-color":"var(--ast-global-color-5)","background-image":"","background-repeat":"repeat","background-position":"center center","background-size":"auto","background-attachment":"scroll","background-type":"","background-media":"","overlay-type":"","overlay-color":"","overlay-opacity":"","overlay-gradient":""},"tablet":{"background-color":"var(--ast-global-color-5)","background-image":"","background-repeat":"repeat","background-position":"center center","background-size":"auto","background-attachment":"scroll","background-type":"","background-media":"","overlay-type":"","overlay-color":"","overlay-opacity":"","overlay-gradient":""},"mobile":{"background-color":"var(--ast-global-color-5)","background-image":"","background-repeat":"repeat","background-position":"center center","background-size":"auto","background-attachment":"scroll","background-type":"","background-media":"","overlay-type":"","overlay-color":"","overlay-opacity":"","overlay-gradient":""}}},"product_brand":[],"product_cat":[172],"product_tag":[],"class_list":{"0":"post-259","1":"product","2":"type-product","3":"status-publish","4":"has-post-thumbnail","6":"product_cat-kit-academico","7":"product_shipping_class-intermediario","8":"desktop-align-left","9":"tablet-align-left","10":"mobile-align-left","12":"first","13":"instock","14":"taxable","15":"shipping-taxable","16":"purchasable","17":"product-type-variable","18":"has-default-attributes"},"_links":{"self":[{"href":"https:\/\/www.medcoll.com.br\/en\/wp-json\/wp\/v2\/product\/259","targetHints":{"allow":["GET"]}}],"collection":[{"href":"https:\/\/www.medcoll.com.br\/en\/wp-json\/wp\/v2\/product"}],"about":[{"href":"https:\/\/www.medcoll.com.br\/en\/wp-json\/wp\/v2\/types\/product"}],"replies":[{"embeddable":true,"href":"https:\/\/www.medcoll.com.br\/en\/wp-json\/wp\/v2\/comments?post=259"}],"version-history":[{"count":2,"href":"https:\/\/www.medcoll.com.br\/en\/wp-json\/wp\/v2\/product\/259\/revisions"}],"predecessor-version":[{"id":1543,"href":"https:\/\/www.medcoll.com.br\/en\/wp-json\/wp\/v2\/product\/259\/revisions\/1543"}],"wp:featuredmedia":[{"embeddable":true,"href":"https:\/\/www.medcoll.com.br\/en\/wp-json\/wp\/v2\/media\/251"}],"wp:attachment":[{"href":"https:\/\/www.medcoll.com.br\/en\/wp-json\/wp\/v2\/media?parent=259"}],"wp:term":[{"taxonomy":"product_brand","embeddable":true,"href":"https:\/\/www.medcoll.com.br\/en\/wp-json\/wp\/v2\/product_brand?post=259"},{"taxonomy":"product_cat","embeddable":true,"href":"https:\/\/www.medcoll.com.br\/en\/wp-json\/wp\/v2\/product_cat?post=259"},{"taxonomy":"product_tag","embeddable":true,"href":"https:\/\/www.medcoll.com.br\/en\/wp-json\/wp\/v2\/product_tag?post=259"}],"curies":[{"name":"wp","href":"https:\/\/api.w.org\/{rel}","templated":true}]}}