{"id":515,"date":"2024-05-22T10:16:27","date_gmt":"2024-05-22T13:16:27","guid":{"rendered":"https:\/\/www.medcoll.com.br\/?post_type=product&#038;p=515"},"modified":"2026-02-02T17:45:37","modified_gmt":"2026-02-02T20:45:37","slug":"agulha-hipodermica-descartavel-esteril-100-unidades-medix-25x070mm-preto","status":"publish","type":"product","link":"https:\/\/www.medcoll.com.br\/en\/product\/agulha-hipodermica-descartavel-esteril-100-unidades-medix-25x070mm-preto\/","title":{"rendered":"Agulha Hipod\u00e9rmica Descart\u00e1vel Est\u00e9ril 100 Unidades MEDIX 25&#215;0,70mm &#8211; Preto"},"content":{"rendered":"<p><strong>Quais os benef\u00edcios da agulha hipod\u00e9rmica descart\u00e1vel est\u00e9ril MEDIX?<\/strong><br \/>Esterilizada por \u00f3xido de etileno;<br \/>Fabricada em a\u00e7o inoxid\u00e1vel;<br \/>C\u00e2nula com paredes extra-finas;<br \/>Na cor preto;<br \/>Bisel trifacetado;<br \/>Tamanho 25&#215;0,70mm (22G x 1);<br \/>Canh\u00e3o em polipropileno colorido;<br \/>Acoplamento em seringas luer slip e luer lock;<br \/>At\u00f3xica e apirog\u00eanica;<br \/>Lubrificada;<br \/>Uso \u00fanico.<\/p>\n<ul style=\"list-style-type: circle;margin-top: 0px;margin-bottom: 10.5px;, Helvetica, Arial, sans-serif;font-size: 12px\">\n<li>Os produtos dever\u00e3o ser armazenados em condi\u00e7\u00f5es f\u00edsicas e ambientais que previnam danos, deteriora\u00e7\u00e3o ou outros efeitos adversos durante o per\u00edodo de armazenamento e\/ou transporte;O ambiente adequado para armazenamento dos produtos precisa ser seco e arejado, sem exposi\u00e7\u00e3o direta ao sol, a temperatura n\u00e3o deve ser superior a 40\u00baC e umidade deve estar entre 40% a 70%;A validade do produto \u00e9 garantida enquanto as embalagens permanecerem \u00edntegras, dentro do prazo estabelecido na rotulagem do produto.<\/li>\n<\/ul>","protected":false},"excerpt":{"rendered":"<p><span style=\"font-family: var(--wp--preset--font-family--system-font);font-weight: 700;font-size: 12px\">O que \u00e9 agulha hipod\u00e9rmica descart\u00e1vel est\u00e9ril MEDIX?<\/span><\/p>\n<p style=\"margin-top: 0px;margin-bottom: 10.5px;, Helvetica, Arial, sans-serif;font-size: 12px\">A agulha hipod\u00e9rmica descart\u00e1vel est\u00e9ril MEDIX \u00e9 um instrumento usado em procedimentos m\u00e9dicos para inje\u00e7\u00e3o intravenosa, intramuscular, subcut\u00e2nea ou coleta de sangue. Essas agulhas s\u00e3o descart\u00e1veis e descartadas ap\u00f3s o uso para evitar infec\u00e7\u00e3o e contamina\u00e7\u00e3o.\u00a0<span style=\"font-weight: 700\">Para que serve agulha hipod\u00e9rmica descart\u00e1vel est\u00e9ril MEDIX?<\/span>A agulha hipod\u00e9rmica descart\u00e1vel est\u00e9ril MEDIX \u00e9 uma ferramenta importante na pr\u00e1tica m\u00e9dica, utilizada em diversas situa\u00e7\u00f5es cl\u00ednicas. Sua principal fun\u00e7\u00e3o \u00e9 garantir a administra\u00e7\u00e3o segura e eficiente de medicamentos ou a coleta de amostras biol\u00f3gicas, como sangue. As agulhas s\u00e3o usadas para coletar amostras biol\u00f3gicas, preparar material para an\u00e1lise diagn\u00f3stica e monitorar condi\u00e7\u00f5es de sa\u00fade. A coleta de sangue com uma agulha descart\u00e1vel permite a realiza\u00e7\u00e3o de exames laboratoriais importantes para um diagn\u00f3stico preciso e monitoramento do tratamento.<\/p>\n<p><\/p>","protected":false},"featured_media":516,"comment_status":"open","ping_status":"closed","template":"","meta":{"site-sidebar-layout":"default","site-content-layout":"","ast-site-content-layout":"default","site-content-style":"default","site-sidebar-style":"default","ast-global-header-display":"","ast-banner-title-visibility":"","ast-main-header-display":"","ast-hfb-above-header-display":"","ast-hfb-below-header-display":"","ast-hfb-mobile-header-display":"","site-post-title":"","ast-breadcrumbs-content":"","ast-featured-img":"","footer-sml-layout":"","ast-disable-related-posts":"","theme-transparent-header-meta":"","adv-header-id-meta":"","stick-header-meta":"","header-above-stick-meta":"","header-main-stick-meta":"","header-below-stick-meta":"","astra-migrate-meta-layouts":"default","ast-page-background-enabled":"default","ast-page-background-meta":{"desktop":{"background-color":"var(--ast-global-color-4)","background-image":"","background-repeat":"repeat","background-position":"center center","background-size":"auto","background-attachment":"scroll","background-type":"","background-media":"","overlay-type":"","overlay-color":"","overlay-opacity":"","overlay-gradient":""},"tablet":{"background-color":"","background-image":"","background-repeat":"repeat","background-position":"center center","background-size":"auto","background-attachment":"scroll","background-type":"","background-media":"","overlay-type":"","overlay-color":"","overlay-opacity":"","overlay-gradient":""},"mobile":{"background-color":"","background-image":"","background-repeat":"repeat","background-position":"center center","background-size":"auto","background-attachment":"scroll","background-type":"","background-media":"","overlay-type":"","overlay-color":"","overlay-opacity":"","overlay-gradient":""}},"ast-content-background-meta":{"desktop":{"background-color":"var(--ast-global-color-5)","background-image":"","background-repeat":"repeat","background-position":"center center","background-size":"auto","background-attachment":"scroll","background-type":"","background-media":"","overlay-type":"","overlay-color":"","overlay-opacity":"","overlay-gradient":""},"tablet":{"background-color":"var(--ast-global-color-5)","background-image":"","background-repeat":"repeat","background-position":"center center","background-size":"auto","background-attachment":"scroll","background-type":"","background-media":"","overlay-type":"","overlay-color":"","overlay-opacity":"","overlay-gradient":""},"mobile":{"background-color":"var(--ast-global-color-5)","background-image":"","background-repeat":"repeat","background-position":"center center","background-size":"auto","background-attachment":"scroll","background-type":"","background-media":"","overlay-type":"","overlay-color":"","overlay-opacity":"","overlay-gradient":""}}},"product_brand":[],"product_cat":[123],"product_tag":[],"class_list":{"0":"post-515","1":"product","2":"type-product","3":"status-publish","4":"has-post-thumbnail","6":"product_cat-descartaveis","7":"desktop-align-left","8":"tablet-align-left","9":"mobile-align-left","11":"first","12":"instock","13":"sale","14":"taxable","15":"shipping-taxable","16":"purchasable","17":"product-type-variable","18":"has-default-attributes"},"_links":{"self":[{"href":"https:\/\/www.medcoll.com.br\/en\/wp-json\/wp\/v2\/product\/515","targetHints":{"allow":["GET"]}}],"collection":[{"href":"https:\/\/www.medcoll.com.br\/en\/wp-json\/wp\/v2\/product"}],"about":[{"href":"https:\/\/www.medcoll.com.br\/en\/wp-json\/wp\/v2\/types\/product"}],"replies":[{"embeddable":true,"href":"https:\/\/www.medcoll.com.br\/en\/wp-json\/wp\/v2\/comments?post=515"}],"version-history":[{"count":1,"href":"https:\/\/www.medcoll.com.br\/en\/wp-json\/wp\/v2\/product\/515\/revisions"}],"predecessor-version":[{"id":1415,"href":"https:\/\/www.medcoll.com.br\/en\/wp-json\/wp\/v2\/product\/515\/revisions\/1415"}],"wp:featuredmedia":[{"embeddable":true,"href":"https:\/\/www.medcoll.com.br\/en\/wp-json\/wp\/v2\/media\/516"}],"wp:attachment":[{"href":"https:\/\/www.medcoll.com.br\/en\/wp-json\/wp\/v2\/media?parent=515"}],"wp:term":[{"taxonomy":"product_brand","embeddable":true,"href":"https:\/\/www.medcoll.com.br\/en\/wp-json\/wp\/v2\/product_brand?post=515"},{"taxonomy":"product_cat","embeddable":true,"href":"https:\/\/www.medcoll.com.br\/en\/wp-json\/wp\/v2\/product_cat?post=515"},{"taxonomy":"product_tag","embeddable":true,"href":"https:\/\/www.medcoll.com.br\/en\/wp-json\/wp\/v2\/product_tag?post=515"}],"curies":[{"name":"wp","href":"https:\/\/api.w.org\/{rel}","templated":true}]}}