{"id":551,"date":"2024-05-22T11:21:49","date_gmt":"2024-05-22T14:21:49","guid":{"rendered":"https:\/\/www.medcoll.com.br\/?post_type=product&#038;p=551"},"modified":"2026-01-22T16:33:16","modified_gmt":"2026-01-22T19:33:16","slug":"agulha-hipodermica-descartavel-esteril-100-unidades-medix-20x055-purpura","status":"publish","type":"product","link":"https:\/\/www.medcoll.com.br\/en\/product\/agulha-hipodermica-descartavel-esteril-100-unidades-medix-20x055-purpura\/","title":{"rendered":"Agulha Hipod\u00e9rmica Descart\u00e1vel Est\u00e9ril 100 Unidades MEDIX 20&#215;0,55 PURPURA"},"content":{"rendered":"<p><strong><br \/>Quais os benef\u00edcios da agulha hipod\u00e9rmica descart\u00e1vel est\u00e9ril MEDIX?<\/strong><br \/>Esterilizada por \u00f3xido de etileno;<br \/>Fabricada em a\u00e7o inoxid\u00e1vel;<br \/>Na cor roxo;<br \/>C\u00e2nula com paredes extra-finas;<br \/>Bisel trifacetado;<br \/>Tamanho 20&#215;0,55mm (24G x 3\/4);<br \/>Canh\u00e3o em polipropileno colorido;<br \/>Acoplamento em seringas luer slip e luer lock;<br \/>At\u00f3xica e apirog\u00eanica;<br \/>Lubrificada;<br \/>Uso \u00fanico.<\/p>\n<ul style=\"list-style-type: circle;margin-top: 0px;margin-bottom: 10.5px;, Helvetica, Arial, sans-serif;font-size: 12px\">\n<li>Os produtos dever\u00e3o ser armazenados em condi\u00e7\u00f5es f\u00edsicas e ambientais que previnam danos, deteriora\u00e7\u00e3o ou outros efeitos adversos durante o per\u00edodo de armazenamento e\/ou transporte;O ambiente adequado para armazenamento dos produtos precisa ser seco e arejado, sem exposi\u00e7\u00e3o direta ao sol, a temperatura n\u00e3o deve ser superior a 40\u00baC e umidade deve estar entre 40% a 70%;A validade do produto \u00e9 garantida enquanto as embalagens permanecerem \u00edntegras, dentro do prazo estabelecido na rotulagem do produto.<\/li>\n<\/ul>","protected":false},"excerpt":{"rendered":"<p>Indica\u00e7\u00f5es<br \/>O que \u00e9, para que serve e quais as vantagens da agulha hipod\u00e9rmica descart\u00e1vel MEDIX?<br \/>A agulha hipod\u00e9rmica descart\u00e1vel MEDIX foi desenvolvida para aplica\u00e7\u00e3o de solu\u00e7\u00f5es e medicamentos em diferentes vias de administra\u00e7\u00e3o: endovenosa, intramuscular, intrad\u00e9rmica e subcut\u00e2nea. \u00a0S\u00e3o utilizadas durante os procedimentos m\u00e9dicos cir\u00fargicos ou ambulatoriais. Destinam-se \u00e0 inje\u00e7\u00e3o de subst\u00e2ncias medicamentosas ou coleta sangu\u00ednea com finalidade de diagn\u00f3stico in vitro.<br \/>Diferenciais e benef\u00edcios<\/p>","protected":false},"featured_media":561,"comment_status":"open","ping_status":"closed","template":"","meta":{"site-sidebar-layout":"default","site-content-layout":"","ast-site-content-layout":"default","site-content-style":"default","site-sidebar-style":"default","ast-global-header-display":"","ast-banner-title-visibility":"","ast-main-header-display":"","ast-hfb-above-header-display":"","ast-hfb-below-header-display":"","ast-hfb-mobile-header-display":"","site-post-title":"","ast-breadcrumbs-content":"","ast-featured-img":"","footer-sml-layout":"","ast-disable-related-posts":"","theme-transparent-header-meta":"","adv-header-id-meta":"","stick-header-meta":"","header-above-stick-meta":"","header-main-stick-meta":"","header-below-stick-meta":"","astra-migrate-meta-layouts":"default","ast-page-background-enabled":"default","ast-page-background-meta":{"desktop":{"background-color":"var(--ast-global-color-4)","background-image":"","background-repeat":"repeat","background-position":"center center","background-size":"auto","background-attachment":"scroll","background-type":"","background-media":"","overlay-type":"","overlay-color":"","overlay-opacity":"","overlay-gradient":""},"tablet":{"background-color":"","background-image":"","background-repeat":"repeat","background-position":"center center","background-size":"auto","background-attachment":"scroll","background-type":"","background-media":"","overlay-type":"","overlay-color":"","overlay-opacity":"","overlay-gradient":""},"mobile":{"background-color":"","background-image":"","background-repeat":"repeat","background-position":"center center","background-size":"auto","background-attachment":"scroll","background-type":"","background-media":"","overlay-type":"","overlay-color":"","overlay-opacity":"","overlay-gradient":""}},"ast-content-background-meta":{"desktop":{"background-color":"var(--ast-global-color-5)","background-image":"","background-repeat":"repeat","background-position":"center center","background-size":"auto","background-attachment":"scroll","background-type":"","background-media":"","overlay-type":"","overlay-color":"","overlay-opacity":"","overlay-gradient":""},"tablet":{"background-color":"var(--ast-global-color-5)","background-image":"","background-repeat":"repeat","background-position":"center center","background-size":"auto","background-attachment":"scroll","background-type":"","background-media":"","overlay-type":"","overlay-color":"","overlay-opacity":"","overlay-gradient":""},"mobile":{"background-color":"var(--ast-global-color-5)","background-image":"","background-repeat":"repeat","background-position":"center center","background-size":"auto","background-attachment":"scroll","background-type":"","background-media":"","overlay-type":"","overlay-color":"","overlay-opacity":"","overlay-gradient":""}}},"product_brand":[],"product_cat":[123],"product_tag":[],"class_list":{"0":"post-551","1":"product","2":"type-product","3":"status-publish","4":"has-post-thumbnail","6":"product_cat-descartaveis","7":"desktop-align-left","8":"tablet-align-left","9":"mobile-align-left","11":"first","12":"instock","13":"sale","14":"taxable","15":"shipping-taxable","16":"purchasable","17":"product-type-variable","18":"has-default-attributes"},"_links":{"self":[{"href":"https:\/\/www.medcoll.com.br\/en\/wp-json\/wp\/v2\/product\/551","targetHints":{"allow":["GET"]}}],"collection":[{"href":"https:\/\/www.medcoll.com.br\/en\/wp-json\/wp\/v2\/product"}],"about":[{"href":"https:\/\/www.medcoll.com.br\/en\/wp-json\/wp\/v2\/types\/product"}],"replies":[{"embeddable":true,"href":"https:\/\/www.medcoll.com.br\/en\/wp-json\/wp\/v2\/comments?post=551"}],"version-history":[{"count":1,"href":"https:\/\/www.medcoll.com.br\/en\/wp-json\/wp\/v2\/product\/551\/revisions"}],"predecessor-version":[{"id":1146,"href":"https:\/\/www.medcoll.com.br\/en\/wp-json\/wp\/v2\/product\/551\/revisions\/1146"}],"wp:featuredmedia":[{"embeddable":true,"href":"https:\/\/www.medcoll.com.br\/en\/wp-json\/wp\/v2\/media\/561"}],"wp:attachment":[{"href":"https:\/\/www.medcoll.com.br\/en\/wp-json\/wp\/v2\/media?parent=551"}],"wp:term":[{"taxonomy":"product_brand","embeddable":true,"href":"https:\/\/www.medcoll.com.br\/en\/wp-json\/wp\/v2\/product_brand?post=551"},{"taxonomy":"product_cat","embeddable":true,"href":"https:\/\/www.medcoll.com.br\/en\/wp-json\/wp\/v2\/product_cat?post=551"},{"taxonomy":"product_tag","embeddable":true,"href":"https:\/\/www.medcoll.com.br\/en\/wp-json\/wp\/v2\/product_tag?post=551"}],"curies":[{"name":"wp","href":"https:\/\/api.w.org\/{rel}","templated":true}]}}