{"id":610,"date":"2024-05-22T12:19:24","date_gmt":"2024-05-22T15:19:24","guid":{"rendered":"https:\/\/www.medcoll.com.br\/?post_type=product&#038;p=610"},"modified":"2026-02-02T17:45:17","modified_gmt":"2026-02-02T20:45:17","slug":"aspirador-secrecao-fluidos-sangue-saliva-aspiramax-13lit-ns","status":"publish","type":"product","link":"https:\/\/www.medcoll.com.br\/en\/product\/aspirador-secrecao-fluidos-sangue-saliva-aspiramax-13lit-ns\/","title":{"rendered":"Aspirador Secre\u00e7\u00e3o Fluidos Sangue Saliva Aspiramax 1,3lit NS"},"content":{"rendered":"<p>Altura do produto (cm)<br \/>22,00<br \/>Largura do produto (cm)<br \/>12,00<br \/>Profundidade do produto (cm)<br \/>31,00<br \/>Peso l\u00edquido (Kg)<br \/>2,170<br \/>Altura da embalagem (cm)<br \/>22,00<br \/>Largura da embalagem (cm)<br \/>35,00<br \/>Profundidade da embalagem (cm)<br \/>17,00<br \/>Peso bruto com embalagem (Kg)<br \/>2,475<br \/>Voltagem<br \/>Bivolt<br \/>Higiene e Conserva\u00e7\u00e3o<br \/>&#8211; Silencioso e pr\u00e1tico;<br \/>&#8211; O equipamento \u00e9 port\u00e1til, facilitando o uso cl\u00ednico, odontol\u00f3gico, veterin\u00e1rio e cir\u00fargico;<br \/>&#8211; F\u00e1cil manuseio;<br \/>&#8211; Garante agilidade durante seu uso.<br \/>Garantia<br \/>12 meses<br \/>Registro ANVISA\/M.S.<br \/>10355390022<br \/>EAN<br \/>7896436900068<\/p>","protected":false},"excerpt":{"rendered":"<p><span style=\", Helvetica, Arial, sans-serif;font-size: 12px;font-style: normal;font-weight: 400;letter-spacing: normal;text-align: start;text-indent: 0px;text-transform: none;float: none\">O Aspiramax \u00e9 um aparelho de suc\u00e7\u00e3o compacto que n\u00e3o necessita de manuten\u00e7\u00e3o ou lubrificante e foi desenvolvido para Aspirar l\u00edquidos e secre\u00e7\u00f5es, ideal para uso dom\u00e9stico, consult\u00f3rios e cl\u00ednicas. <\/span><\/p>\n<p style=\"margin: 0px 0px 10.5px;, Helvetica, Arial, sans-serif;font-size: 12px;font-style: normal;font-weight: 400;letter-spacing: normal;text-align: start;text-indent: 0px;text-transform: none\">&#8211; Port\u00e1til;<\/p>\n<p style=\"margin: 0px 0px 10.5px;, Helvetica, Arial, sans-serif;font-size: 12px;font-style: normal;font-weight: 400;letter-spacing: normal;text-align: start;text-indent: 0px;text-transform: none\">&#8211; Silencioso;<\/p>\n<p style=\"margin: 0px 0px 10.5px;, Helvetica, Arial, sans-serif;font-size: 12px;font-style: normal;font-weight: 400;letter-spacing: normal;text-align: start;text-indent: 0px;text-transform: none\">&#8211; Econ\u00f4mico;<\/p>\n<p style=\"margin: 0px 0px 10.5px;, Helvetica, Arial, sans-serif;font-size: 12px;font-style: normal;font-weight: 400;letter-spacing: normal;text-align: start;text-indent: 0px;text-transform: none\">&#8211; F\u00e1cil manuseio;\u00a0<\/p>\n<p style=\"margin: 0px 0px 10.5px;, Helvetica, Arial, sans-serif;font-size: 12px;font-style: normal;font-weight: 400;letter-spacing: normal;text-align: start;text-indent: 0px;text-transform: none\">&#8211; F\u00e1cil limpeza e higieniza\u00e7\u00e3o;<\/p>\n<p style=\"margin: 0px 0px 10.5px;, Helvetica, Arial, sans-serif;font-size: 12px;font-style: normal;font-weight: 400;letter-spacing: normal;text-align: start;text-indent: 0px;text-transform: none\">&#8211; Uso clinico,\u00a0odontol\u00f3gico, veterin\u00e1rio e cir\u00fargico.<\/p>","protected":false},"featured_media":611,"comment_status":"open","ping_status":"closed","template":"","meta":{"site-sidebar-layout":"default","site-content-layout":"","ast-site-content-layout":"default","site-content-style":"default","site-sidebar-style":"default","ast-global-header-display":"","ast-banner-title-visibility":"","ast-main-header-display":"","ast-hfb-above-header-display":"","ast-hfb-below-header-display":"","ast-hfb-mobile-header-display":"","site-post-title":"","ast-breadcrumbs-content":"","ast-featured-img":"","footer-sml-layout":"","ast-disable-related-posts":"","theme-transparent-header-meta":"","adv-header-id-meta":"","stick-header-meta":"","header-above-stick-meta":"","header-main-stick-meta":"","header-below-stick-meta":"","astra-migrate-meta-layouts":"default","ast-page-background-enabled":"default","ast-page-background-meta":{"desktop":{"background-color":"var(--ast-global-color-4)","background-image":"","background-repeat":"repeat","background-position":"center center","background-size":"auto","background-attachment":"scroll","background-type":"","background-media":"","overlay-type":"","overlay-color":"","overlay-opacity":"","overlay-gradient":""},"tablet":{"background-color":"","background-image":"","background-repeat":"repeat","background-position":"center center","background-size":"auto","background-attachment":"scroll","background-type":"","background-media":"","overlay-type":"","overlay-color":"","overlay-opacity":"","overlay-gradient":""},"mobile":{"background-color":"","background-image":"","background-repeat":"repeat","background-position":"center center","background-size":"auto","background-attachment":"scroll","background-type":"","background-media":"","overlay-type":"","overlay-color":"","overlay-opacity":"","overlay-gradient":""}},"ast-content-background-meta":{"desktop":{"background-color":"var(--ast-global-color-5)","background-image":"","background-repeat":"repeat","background-position":"center center","background-size":"auto","background-attachment":"scroll","background-type":"","background-media":"","overlay-type":"","overlay-color":"","overlay-opacity":"","overlay-gradient":""},"tablet":{"background-color":"var(--ast-global-color-5)","background-image":"","background-repeat":"repeat","background-position":"center center","background-size":"auto","background-attachment":"scroll","background-type":"","background-media":"","overlay-type":"","overlay-color":"","overlay-opacity":"","overlay-gradient":""},"mobile":{"background-color":"var(--ast-global-color-5)","background-image":"","background-repeat":"repeat","background-position":"center center","background-size":"auto","background-attachment":"scroll","background-type":"","background-media":"","overlay-type":"","overlay-color":"","overlay-opacity":"","overlay-gradient":""}}},"product_brand":[],"product_cat":[120,147],"product_tag":[],"class_list":{"0":"post-610","1":"product","2":"type-product","3":"status-publish","4":"has-post-thumbnail","6":"product_cat-aparelho","7":"product_cat-aspiradores","8":"product_shipping_class-intermediario","9":"desktop-align-left","10":"tablet-align-left","11":"mobile-align-left","13":"first","14":"instock","15":"taxable","16":"shipping-taxable","17":"purchasable","18":"product-type-simple"},"_links":{"self":[{"href":"https:\/\/www.medcoll.com.br\/en\/wp-json\/wp\/v2\/product\/610","targetHints":{"allow":["GET"]}}],"collection":[{"href":"https:\/\/www.medcoll.com.br\/en\/wp-json\/wp\/v2\/product"}],"about":[{"href":"https:\/\/www.medcoll.com.br\/en\/wp-json\/wp\/v2\/types\/product"}],"replies":[{"embeddable":true,"href":"https:\/\/www.medcoll.com.br\/en\/wp-json\/wp\/v2\/comments?post=610"}],"version-history":[{"count":1,"href":"https:\/\/www.medcoll.com.br\/en\/wp-json\/wp\/v2\/product\/610\/revisions"}],"predecessor-version":[{"id":1132,"href":"https:\/\/www.medcoll.com.br\/en\/wp-json\/wp\/v2\/product\/610\/revisions\/1132"}],"wp:featuredmedia":[{"embeddable":true,"href":"https:\/\/www.medcoll.com.br\/en\/wp-json\/wp\/v2\/media\/611"}],"wp:attachment":[{"href":"https:\/\/www.medcoll.com.br\/en\/wp-json\/wp\/v2\/media?parent=610"}],"wp:term":[{"taxonomy":"product_brand","embeddable":true,"href":"https:\/\/www.medcoll.com.br\/en\/wp-json\/wp\/v2\/product_brand?post=610"},{"taxonomy":"product_cat","embeddable":true,"href":"https:\/\/www.medcoll.com.br\/en\/wp-json\/wp\/v2\/product_cat?post=610"},{"taxonomy":"product_tag","embeddable":true,"href":"https:\/\/www.medcoll.com.br\/en\/wp-json\/wp\/v2\/product_tag?post=610"}],"curies":[{"name":"wp","href":"https:\/\/api.w.org\/{rel}","templated":true}]}}