{"id":614,"date":"2024-05-22T12:58:03","date_gmt":"2024-05-22T15:58:03","guid":{"rendered":"https:\/\/www.medcoll.com.br\/?post_type=product&#038;p=614"},"modified":"2026-02-07T21:49:42","modified_gmt":"2026-02-08T00:49:42","slug":"valvula-com-fluxometro-cblg02-semi-novo-para-cilindro-protec","status":"publish","type":"product","link":"https:\/\/www.medcoll.com.br\/en\/product\/valvula-com-fluxometro-cblg02-semi-novo-para-cilindro-protec\/","title":{"rendered":"V\u00e1lvula com Flux\u00f4metro cblg02 para Cilindro PROTEC"},"content":{"rendered":"<p style=\"margin: 0px 0px 10.5px; , helvetica, arial, sans-serif;font-size: 12px; font-style: normal; font-weight: 400; letter-spacing: normal; text-align: start; text-indent: 0px; text-transform: none;\"><strong style=\"font-weight: bold;\">O que \u00e9 v\u00e1lvula com flux\u00f4metro para cilindro PROTEC?<\/strong><\/p>\n<p style=\"margin: 0px 0px 10.5px; , helvetica, arial, sans-serif;font-size: 12px; font-style: normal; font-weight: 400; letter-spacing: normal; text-align: start; text-indent: 0px; text-transform: none;\">A v\u00e1lvula com flux\u00f4metro para cilindro PROTEC foi desenvolvida com o prop\u00f3sito de regular a press\u00e3o de sa\u00edda de gases medicinais. Dispon\u00edvel em cinco op\u00e7\u00f5es distintas para diferentes gases medicinais, incluindo ar comprimido medicinal, oxig\u00eanio, \u00f3xido nitroso, di\u00f3xido de carbono e nitrog\u00eanio.<\/p>\n<p style=\"margin: 0px 0px 10.5px; , helvetica, arial, sans-serif;font-size: 12px; font-style: normal; font-weight: 400; letter-spacing: normal; text-align: start; text-indent: 0px; text-transform: none;\"><strong style=\"font-weight: bold;\">Para que serve v\u00e1lvula com flux\u00f4metro para cilindro PROTEC?<\/strong><\/p>\n<p style=\"margin: 0px 0px 10.5px; , helvetica, arial, sans-serif;font-size: 12px; font-style: normal; font-weight: 400; letter-spacing: normal; text-align: start; text-indent: 0px; text-transform: none;\">A v\u00e1lvula com flux\u00f4metro para cilindro PROTEC serve para controlar e regular a press\u00e3o de sa\u00edda de gases medicinais, garantindo um fornecimento seguro e controlado para aplica\u00e7\u00f5es cl\u00ednicas. Essa regula\u00e7\u00e3o \u00e9 essencial para assegurar a seguran\u00e7a e efic\u00e1cia do tratamento, evitando flutua\u00e7\u00f5es perigosas na press\u00e3o dos gases.<\/p>","protected":false},"excerpt":{"rendered":"<p style=\"margin: 0px 0px 10.5px; , helvetica, arial, sans-serif;font-size: 12px; font-style: normal; font-weight: 400; letter-spacing: normal; text-align: start; text-indent: 0px; text-transform: none;\"><strong style=\"font-weight: bold;\">O que \u00e9 v\u00e1lvula com flux\u00f4metro para cilindro PROTEC?<\/strong><\/p>\n<p style=\"margin: 0px 0px 10.5px; , helvetica, arial, sans-serif;font-size: 12px; font-style: normal; font-weight: 400; letter-spacing: normal; text-align: start; text-indent: 0px; text-transform: none;\">A v\u00e1lvula com flux\u00f4metro para cilindro PROTEC foi desenvolvida com o prop\u00f3sito de regular a press\u00e3o de sa\u00edda de gases medicinais. Dispon\u00edvel em cinco op\u00e7\u00f5es distintas para diferentes gases medicinais, incluindo ar comprimido medicinal, oxig\u00eanio, \u00f3xido nitroso, di\u00f3xido de carbono e nitrog\u00eanio.<\/p>\n<p style=\"margin: 0px 0px 10.5px; , helvetica, arial, sans-serif;font-size: 12px; font-style: normal; font-weight: 400; letter-spacing: normal; text-align: start; text-indent: 0px; text-transform: none;\"><strong style=\"font-weight: bold;\">Para que serve v\u00e1lvula com flux\u00f4metro para cilindro PROTEC?<\/strong><\/p>\n<p style=\"margin: 0px 0px 10.5px; , helvetica, arial, sans-serif;font-size: 12px; font-style: normal; font-weight: 400; letter-spacing: normal; text-align: start; text-indent: 0px; text-transform: none;\">A v\u00e1lvula com flux\u00f4metro para cilindro PROTEC serve para controlar e regular a press\u00e3o de sa\u00edda de gases medicinais, garantindo um fornecimento seguro e controlado para aplica\u00e7\u00f5es cl\u00ednicas. Essa regula\u00e7\u00e3o \u00e9 essencial para assegurar a seguran\u00e7a e efic\u00e1cia do tratamento, evitando flutua\u00e7\u00f5es perigosas na press\u00e3o dos gases.<\/p>","protected":false},"featured_media":615,"comment_status":"open","ping_status":"closed","template":"","meta":{"site-sidebar-layout":"default","site-content-layout":"","ast-site-content-layout":"default","site-content-style":"default","site-sidebar-style":"default","ast-global-header-display":"","ast-banner-title-visibility":"","ast-main-header-display":"","ast-hfb-above-header-display":"","ast-hfb-below-header-display":"","ast-hfb-mobile-header-display":"","site-post-title":"","ast-breadcrumbs-content":"","ast-featured-img":"","footer-sml-layout":"","ast-disable-related-posts":"","theme-transparent-header-meta":"default","adv-header-id-meta":"","stick-header-meta":"","header-above-stick-meta":"","header-main-stick-meta":"","header-below-stick-meta":"","astra-migrate-meta-layouts":"set","ast-page-background-enabled":"default","ast-page-background-meta":{"desktop":{"background-color":"var(--ast-global-color-4)","background-image":"","background-repeat":"repeat","background-position":"center center","background-size":"auto","background-attachment":"scroll","background-type":"","background-media":"","overlay-type":"","overlay-color":"","overlay-opacity":"","overlay-gradient":""},"tablet":{"background-color":"","background-image":"","background-repeat":"repeat","background-position":"center center","background-size":"auto","background-attachment":"scroll","background-type":"","background-media":"","overlay-type":"","overlay-color":"","overlay-opacity":"","overlay-gradient":""},"mobile":{"background-color":"","background-image":"","background-repeat":"repeat","background-position":"center center","background-size":"auto","background-attachment":"scroll","background-type":"","background-media":"","overlay-type":"","overlay-color":"","overlay-opacity":"","overlay-gradient":""}},"ast-content-background-meta":{"desktop":{"background-color":"var(--ast-global-color-5)","background-image":"","background-repeat":"repeat","background-position":"center center","background-size":"auto","background-attachment":"scroll","background-type":"","background-media":"","overlay-type":"","overlay-color":"","overlay-opacity":"","overlay-gradient":""},"tablet":{"background-color":"var(--ast-global-color-5)","background-image":"","background-repeat":"repeat","background-position":"center center","background-size":"auto","background-attachment":"scroll","background-type":"","background-media":"","overlay-type":"","overlay-color":"","overlay-opacity":"","overlay-gradient":""},"mobile":{"background-color":"var(--ast-global-color-5)","background-image":"","background-repeat":"repeat","background-position":"center center","background-size":"auto","background-attachment":"scroll","background-type":"","background-media":"","overlay-type":"","overlay-color":"","overlay-opacity":"","overlay-gradient":""}}},"product_brand":[],"product_cat":[149],"product_tag":[],"class_list":{"0":"post-614","1":"product","2":"type-product","3":"status-publish","4":"has-post-thumbnail","6":"product_cat-acessorios","7":"product_shipping_class-minimo","8":"desktop-align-left","9":"tablet-align-left","10":"mobile-align-left","12":"first","13":"instock","14":"taxable","15":"shipping-taxable","16":"purchasable","17":"product-type-simple"},"_links":{"self":[{"href":"https:\/\/www.medcoll.com.br\/en\/wp-json\/wp\/v2\/product\/614","targetHints":{"allow":["GET"]}}],"collection":[{"href":"https:\/\/www.medcoll.com.br\/en\/wp-json\/wp\/v2\/product"}],"about":[{"href":"https:\/\/www.medcoll.com.br\/en\/wp-json\/wp\/v2\/types\/product"}],"replies":[{"embeddable":true,"href":"https:\/\/www.medcoll.com.br\/en\/wp-json\/wp\/v2\/comments?post=614"}],"version-history":[{"count":2,"href":"https:\/\/www.medcoll.com.br\/en\/wp-json\/wp\/v2\/product\/614\/revisions"}],"predecessor-version":[{"id":1499,"href":"https:\/\/www.medcoll.com.br\/en\/wp-json\/wp\/v2\/product\/614\/revisions\/1499"}],"wp:featuredmedia":[{"embeddable":true,"href":"https:\/\/www.medcoll.com.br\/en\/wp-json\/wp\/v2\/media\/615"}],"wp:attachment":[{"href":"https:\/\/www.medcoll.com.br\/en\/wp-json\/wp\/v2\/media?parent=614"}],"wp:term":[{"taxonomy":"product_brand","embeddable":true,"href":"https:\/\/www.medcoll.com.br\/en\/wp-json\/wp\/v2\/product_brand?post=614"},{"taxonomy":"product_cat","embeddable":true,"href":"https:\/\/www.medcoll.com.br\/en\/wp-json\/wp\/v2\/product_cat?post=614"},{"taxonomy":"product_tag","embeddable":true,"href":"https:\/\/www.medcoll.com.br\/en\/wp-json\/wp\/v2\/product_tag?post=614"}],"curies":[{"name":"wp","href":"https:\/\/api.w.org\/{rel}","templated":true}]}}