{"id":617,"date":"2024-05-22T13:44:37","date_gmt":"2024-05-22T16:44:37","guid":{"rendered":"https:\/\/www.medcoll.com.br\/?post_type=product&#038;p=617"},"modified":"2026-02-02T17:44:58","modified_gmt":"2026-02-02T20:44:58","slug":"muleta-canadense-bracadeira-fixa-max-130kg-alo","status":"publish","type":"product","link":"https:\/\/www.medcoll.com.br\/en\/product\/muleta-canadense-bracadeira-fixa-max-130kg-alo\/","title":{"rendered":"Muleta Canadense Bra\u00e7adeira Fixa Max. 130kg ALO"},"content":{"rendered":"<p>Indica\u00e7\u00f5es<br \/>Descarga dos membros inferiores e bacia, utilizando apoio de bra\u00e7os e m\u00e3os;<br \/>Al\u00edvio completo ou parcial da sustenta\u00e7\u00e3o do peso sobre o membro inferior;<br \/>Aux\u00edlio em dist\u00farbios do equil\u00edbrio;<br \/>Casos de les\u00f5es traum\u00e1ticas e incapacidades f\u00edsicas diversas, permanentes ou tempor\u00e1rias;<br \/>Reduzir a descarga de peso sobre um dos membros inferiores;<br \/>Ampliar a base de apoio para aumentar o equilibrio e oferecer estabilidade;<br \/>As muletas devem ser utilizadas em par. Isto previne compensa\u00e7\u00f5es posturais e a descarga de peso sobre o \u00a0membro afetado, al\u00e9m de facilitar a marcha e o equil\u00edbrio.\u00a0<br \/>\u00a0<br \/>Composi\u00e7\u00e3o<br \/>Parte met\u00e1lica: alum\u00ednio;<br \/>Bra\u00e7adeira e punho: polipropileno;<br \/>Ponteira: borracha.<br \/>Diferenciais e benef\u00edcios<br \/>Bra\u00e7adeira anat\u00f4mica;<br \/>Apoio de m\u00e3o anat\u00f4mico em polipropileno;<br \/>Dez n\u00edveis de regulagem de altura, atrav\u00e9s de pino com engate r\u00e1pido;<br \/>Detalhe refletivo para facilitar a visualiza\u00e7\u00e3o noturna;<br \/>Ponteiras em borracha com pe\u00e7a met\u00e1lica interna que reduz o desgaste e aumenta a durabilidade;<br \/>Fabricada em alum\u00ednio anodizado espelhado, que n\u00e3o risca e n\u00e3o perde o brilho.<br \/>Modo de Usar<br \/>Utilize como apoio para caminhar, deslocando-se vagarosamente.<br \/>Itens inclusos<br \/>01 Muleta canadense bra\u00e7adeira fixa ALO.<br \/>Altura do produto (cm)<br \/>91,00<br \/>Largura do produto (cm)<br \/>16,00<br \/>Profundidade do produto (cm)<br \/>16,00<br \/>Peso l\u00edquido (Kg)<br \/>0,470<br \/>Altura da embalagem (cm)<br \/>91,00<br \/>Largura da embalagem (cm)<br \/>16,00<br \/>Profundidade da embalagem (cm)<br \/>16,00<br \/>Peso bruto com embalagem (Kg)<br \/>0,470<br \/>Qual tamanho escolher?<br \/>Tamanho \u00fanico (par) (indicado para usu\u00e1rios com altura entre 1,50 m a 2,00 m).<br \/>Higiene e Conserva\u00e7\u00e3o<br \/>N\u00e3o use produtos abrasivos;<br \/>Mantenha sempre seca;<br \/>Quando n\u00e3o estiver em uso, conserve ao abrigo do calor, da luz e da umidade.<br \/>Garantia<br \/>3 meses<\/p>","protected":false},"excerpt":{"rendered":"<h2 class=\"h5\" style=\", Helvetica, Arial, sans-serif;font-weight: 300;line-height: 1.1;margin-top: 10.5px;margin-bottom: 10.5px;font-size: 15px;font-style: normal;letter-spacing: normal;text-align: start;text-indent: 0px;text-transform: none\">A Muleta Canadense Fixa Alo possui indicador de posi\u00e7\u00e3o do pino, que proporciona maior simplicidade na regulagem de altura. Com detalhe refletivo que facilita a visualiza\u00e7\u00e3o noturna, conta ainda com sistema interno para redu\u00e7\u00e3o de ru\u00eddo e apoio de m\u00e3o confort\u00e1vel. Possui desenho anat\u00f4mico e ponteira de borracha que proporciona melhor ader\u00eancia ao solo. \u00a0<\/h2>\n<p><\/p>","protected":false},"featured_media":618,"comment_status":"open","ping_status":"closed","template":"","meta":{"site-sidebar-layout":"default","site-content-layout":"","ast-site-content-layout":"default","site-content-style":"default","site-sidebar-style":"default","ast-global-header-display":"","ast-banner-title-visibility":"","ast-main-header-display":"","ast-hfb-above-header-display":"","ast-hfb-below-header-display":"","ast-hfb-mobile-header-display":"","site-post-title":"","ast-breadcrumbs-content":"","ast-featured-img":"","footer-sml-layout":"","ast-disable-related-posts":"","theme-transparent-header-meta":"","adv-header-id-meta":"","stick-header-meta":"","header-above-stick-meta":"","header-main-stick-meta":"","header-below-stick-meta":"","astra-migrate-meta-layouts":"default","ast-page-background-enabled":"default","ast-page-background-meta":{"desktop":{"background-color":"var(--ast-global-color-4)","background-image":"","background-repeat":"repeat","background-position":"center center","background-size":"auto","background-attachment":"scroll","background-type":"","background-media":"","overlay-type":"","overlay-color":"","overlay-opacity":"","overlay-gradient":""},"tablet":{"background-color":"","background-image":"","background-repeat":"repeat","background-position":"center center","background-size":"auto","background-attachment":"scroll","background-type":"","background-media":"","overlay-type":"","overlay-color":"","overlay-opacity":"","overlay-gradient":""},"mobile":{"background-color":"","background-image":"","background-repeat":"repeat","background-position":"center center","background-size":"auto","background-attachment":"scroll","background-type":"","background-media":"","overlay-type":"","overlay-color":"","overlay-opacity":"","overlay-gradient":""}},"ast-content-background-meta":{"desktop":{"background-color":"var(--ast-global-color-5)","background-image":"","background-repeat":"repeat","background-position":"center center","background-size":"auto","background-attachment":"scroll","background-type":"","background-media":"","overlay-type":"","overlay-color":"","overlay-opacity":"","overlay-gradient":""},"tablet":{"background-color":"var(--ast-global-color-5)","background-image":"","background-repeat":"repeat","background-position":"center center","background-size":"auto","background-attachment":"scroll","background-type":"","background-media":"","overlay-type":"","overlay-color":"","overlay-opacity":"","overlay-gradient":""},"mobile":{"background-color":"var(--ast-global-color-5)","background-image":"","background-repeat":"repeat","background-position":"center center","background-size":"auto","background-attachment":"scroll","background-type":"","background-media":"","overlay-type":"","overlay-color":"","overlay-opacity":"","overlay-gradient":""}}},"product_brand":[],"product_cat":[138,139],"product_tag":[],"class_list":{"0":"post-617","1":"product","2":"type-product","3":"status-publish","4":"has-post-thumbnail","6":"product_cat-mobilidade","7":"product_cat-muletas","8":"desktop-align-left","9":"tablet-align-left","10":"mobile-align-left","12":"first","13":"instock","14":"taxable","15":"shipping-taxable","16":"purchasable","17":"product-type-variable","18":"has-default-attributes"},"_links":{"self":[{"href":"https:\/\/www.medcoll.com.br\/en\/wp-json\/wp\/v2\/product\/617","targetHints":{"allow":["GET"]}}],"collection":[{"href":"https:\/\/www.medcoll.com.br\/en\/wp-json\/wp\/v2\/product"}],"about":[{"href":"https:\/\/www.medcoll.com.br\/en\/wp-json\/wp\/v2\/types\/product"}],"replies":[{"embeddable":true,"href":"https:\/\/www.medcoll.com.br\/en\/wp-json\/wp\/v2\/comments?post=617"}],"version-history":[{"count":1,"href":"https:\/\/www.medcoll.com.br\/en\/wp-json\/wp\/v2\/product\/617\/revisions"}],"predecessor-version":[{"id":1140,"href":"https:\/\/www.medcoll.com.br\/en\/wp-json\/wp\/v2\/product\/617\/revisions\/1140"}],"wp:featuredmedia":[{"embeddable":true,"href":"https:\/\/www.medcoll.com.br\/en\/wp-json\/wp\/v2\/media\/618"}],"wp:attachment":[{"href":"https:\/\/www.medcoll.com.br\/en\/wp-json\/wp\/v2\/media?parent=617"}],"wp:term":[{"taxonomy":"product_brand","embeddable":true,"href":"https:\/\/www.medcoll.com.br\/en\/wp-json\/wp\/v2\/product_brand?post=617"},{"taxonomy":"product_cat","embeddable":true,"href":"https:\/\/www.medcoll.com.br\/en\/wp-json\/wp\/v2\/product_cat?post=617"},{"taxonomy":"product_tag","embeddable":true,"href":"https:\/\/www.medcoll.com.br\/en\/wp-json\/wp\/v2\/product_tag?post=617"}],"curies":[{"name":"wp","href":"https:\/\/api.w.org\/{rel}","templated":true}]}}