{"id":633,"date":"2024-05-22T14:53:14","date_gmt":"2024-05-22T17:53:14","guid":{"rendered":"https:\/\/www.medcoll.com.br\/?post_type=product&#038;p=633"},"modified":"2026-02-02T17:44:27","modified_gmt":"2026-02-02T20:44:27","slug":"bota-imobilizadora-ortopedica-bilateral-preto-take-care-longa","status":"publish","type":"product","link":"https:\/\/www.medcoll.com.br\/en\/product\/bota-imobilizadora-ortopedica-bilateral-preto-take-care-longa\/","title":{"rendered":"Bota Imobilizadora Ortop\u00e9dica Bilateral Preto TAKE CARE &#8211; LONGA"},"content":{"rendered":"<table class=\"table table-striped productattributes\" id=\"productattributes\" style=\"border-collapse: collapse;border-spacing: 0px;font-size: 12px;width: 1108px;max-width: 100%;margin-bottom: 21px;, Helvetica, Arial, sans-serif;font-style: normal;font-weight: 400;letter-spacing: normal;text-align: start;text-transform: none\">\n<tbody>\n<tr>\n<th style=\"padding: 8px;text-align: left;line-height: 1.4;vertical-align: top;width: 332.391px\">Composi\u00e7\u00e3o<\/th>\n<td style=\"padding: 8px;line-height: 1.4;vertical-align: top;width: 775.609px\">\n<p style=\"margin: 0px 0px 10.5px\">EXTERNA: 100%Poli\u00e9ster.MIOLO: Espuma de poliuretano.INTERNA: 100% Poli\u00e9ster.SOLADO: Borracha Termopl\u00e1stica.<\/p>\n<\/td>\n<\/tr>\n<tr>\n<th style=\"padding: 8px;text-align: left;line-height: 1.4;vertical-align: top;width: 332.391px\">Diferenciais e benef\u00edcios<\/th>\n<td style=\"padding: 8px;line-height: 1.4;vertical-align: top;width: 775.609px\">\n<p style=\"margin: 0px 0px 10.5px\"><strong style=\"font-weight: 700\">Para que serve a bota imobilizadora ortop\u00e9dica TAKE CARE?\u00a0<\/strong><\/p>\n<ul style=\"list-style-type: circle;margin-top: 0px;margin-bottom: 10.5px\">\n<li>Uso p\u00f3s-operat\u00f3rio;<\/li>\n<li>Imobiliza\u00e7\u00e3o de tornozelo;<\/li>\n<li>Substitui\u00e7\u00e3o \u00e0 goteira gessada;<\/li>\n<li>Pode ser usado tanto no p\u00e9 direito quanto no esquerdo;<\/li>\n<li>Fraturas est\u00e1veis, na aus\u00eancia de deformidades graves;<\/li>\n<li>Luxa\u00e7\u00f5es, entorses e les\u00f5es graves do tornozelo;<\/li>\n<li>Repouso e alinhamento articular nos casos de deformidades de artrite reumat\u00f3ide.<\/li>\n<\/ul>\n<\/td>\n<\/tr>\n<tr>\n<th style=\"padding: 8px;text-align: left;line-height: 1.4;vertical-align: top;width: 332.391px\">Modo de Usar<\/th>\n<td style=\"padding: 8px;line-height: 1.4;vertical-align: top;width: 775.609px\">\n<ol style=\"margin-top: 0px;margin-bottom: 10.5px\">\n<li>Abra as faixas ajust\u00e1veis e envolva o p\u00e9 e a perna com o revestimento em tecido;<\/li>\n<li>Ajuste o revestimento atrav\u00e9s do fecho aderente, posicionando o calcanhar na parte traseira da bota;<\/li>\n<li>Feche as faixas ajust\u00e1veis, iniciando pelas mais pr\u00f3ximas ao tornozelo e em seguida as demais;<\/li>\n<li>Se necess\u00e1rio, ajuste-as novamente para melhor imobiliza\u00e7\u00e3o;<\/li>\n<li>Recomenda-se usar sempre com uma meia grossa, para evitar desconforto.<\/li>\n<\/ol>\n<\/td>\n<\/tr>\n<tr>\n<th style=\"padding: 8px;text-align: left;line-height: 1.4;vertical-align: top;width: 332.391px\">Itens inclusos<\/th>\n<td style=\"padding: 8px;line-height: 1.4;vertical-align: top;width: 775.609px\">\n<p style=\"margin: 0px 0px 10.5px\">01 Bota Imobilizadora Anat\u00f4mica (ortop\u00e9dica bilateral) Grande-Longa TAKE CARE.<\/p>\n<\/td>\n<\/tr>\n<\/tbody>\n<\/table>\n<table class=\"table table-striped productattributes\" id=\"productattributes\" style=\"border-collapse: collapse;border-spacing: 0px;font-size: 12px;width: 1108px;max-width: 100%;margin-bottom: 21px;, Helvetica, Arial, sans-serif;font-style: normal;font-weight: 400;letter-spacing: normal;text-align: start;text-transform: none\">\n<tbody>\n<tr>\n<th style=\"padding: 8px;text-align: left;line-height: 1.4;vertical-align: top;width: 332.391px\">Qual tamanho escolher?<\/th>\n<td style=\"padding: 8px;line-height: 1.4;vertical-align: top;width: 775.609px\">\n<p style=\"margin: 0px 0px 10.5px\">P (32 a 35).<\/p>\n<p style=\"margin: 0px 0px 10.5px\">M (36 a 40).<\/p>\n<p style=\"margin: 0px 0px 10.5px\">G (41 a 46).<\/p>\n<\/td>\n<\/tr>\n<tr>\n<th style=\"padding: 8px;text-align: left;line-height: 1.4;vertical-align: top;width: 332.391px\">Higiene e Conserva\u00e7\u00e3o<\/th>\n<td style=\"padding: 8px;line-height: 1.4;vertical-align: top;width: 775.609px\">\n<ul style=\"list-style-type: circle;margin-top: 0px;margin-bottom: 10.5px\">\n<li>N\u00e3o limpe a seco;<\/li>\n<li>N\u00e3o lave ou seque em m\u00e1quina;<\/li>\n<li>N\u00e3o utilize produtos clorados;<\/li>\n<li>N\u00e3o remova manchas com solventes;<\/li>\n<li>E poss\u00edvel secar na vertical sem torcer;<\/li>\n<li>Para lavar, retire o revestimento da bota;<\/li>\n<li>Lave manualmente com sab\u00e3o neutro, em \u00e1gua at\u00e9 40\u00b0;<\/li>\n<li>N\u00e3o passe a ferro nem utilize vaporiza\u00e7\u00e3o ou tratamento a vapor;<\/li>\n<li>Mantenha os fechos aderentes unidos ou cobertos para evitar danos ao produto;<\/li>\n<li>Quando n\u00e3o estiver em uso, conserve ao abrigo do calor, da luz e da umidade.<\/li>\n<\/ul>\n<\/td>\n<\/tr>\n<tr>\n<th style=\"padding: 8px;text-align: left;line-height: 1.4;vertical-align: top;width: 332.391px\">Contraindica\u00e7\u00f5es<\/th>\n<td style=\"padding: 8px;line-height: 1.4;vertical-align: top;width: 775.609px\">\n<ul style=\"list-style-type: circle;margin-top: 0px;margin-bottom: 10.5px\">\n<li>N\u00e3o use o produto enquanto estiver dormindo;<\/li>\n<li>Caso ocorram irrita\u00e7\u00f5es na pela, suspenda o uso e consulte seu m\u00e9dico;<\/li>\n<li>N\u00e3o aperte em demasia para n\u00e3o dificultar a circula\u00e7\u00e3o sangu\u00ednea;<\/li>\n<li>Evite o uso sobre a pele lesionada ou ferida.<\/li>\n<\/ul>\n<\/td>\n<\/tr>\n<tr>\n<th style=\"padding: 8px;text-align: left;line-height: 1.4;vertical-align: top;width: 332.391px\">Garantia<\/th>\n<td style=\"padding: 8px;line-height: 1.4;vertical-align: top;width: 775.609px\">3 meses<\/td>\n<\/tr>\n<tr>\n<th style=\"padding: 8px;text-align: left;line-height: 1.4;vertical-align: top;width: 332.391px\">Registro ANVISA\/M.S.<\/th>\n<td style=\"padding: 8px;line-height: 1.4;vertical-align: top;width: 775.609px\">80228410026<\/td>\n<\/tr>\n<\/tbody>\n<\/table>","protected":false},"excerpt":{"rendered":"<p style=\"margin: 0px 0px 10.5px;, Helvetica, Arial, sans-serif;font-size: 12px;font-style: normal;font-weight: 400;letter-spacing: normal;text-align: start;text-indent: 0px;text-transform: none\"><strong style=\"font-weight: 700\">O que \u00e9 e para que serve a bota imobilizadora ortop\u00e9dica TAKE CARE?\u00a0<\/strong><\/p>\n<p style=\"margin: 0px 0px 10.5px;, Helvetica, Arial, sans-serif;font-size: 12px;font-style: normal;font-weight: 400;letter-spacing: normal;text-align: start;text-indent: 0px;text-transform: none\">A bota imobilizadora ortop\u00e9dica TAKE CARE \u00e9 um dispositivo m\u00e9dico com estrutura leve e resistente, projetado para imobilizar e proteger o p\u00e9 e tornozelo ap\u00f3s les\u00f5es. Ela possui inclina\u00e7\u00e3o que facilita o caminhar e talas laterais em alum\u00ednio para maior seguran\u00e7a. O formato anat\u00f4mico da bota se adapta ao p\u00e9 e tornozelo, proporcionando a imobiliza\u00e7\u00e3o adequada.<\/p>\n<p style=\"margin: 0px 0px 10.5px;, Helvetica, Arial, sans-serif;font-size: 12px;font-style: normal;font-weight: 400;letter-spacing: normal;text-align: start;text-indent: 0px;text-transform: none\">O revestimento interno \u00e9 acolchoado, o que garante conforto e reduz a reten\u00e7\u00e3o de calor, facilitando a transpira\u00e7\u00e3o.\u00a0A bota possui solado em borracha termopl\u00e1stica, que aumenta sua durabilidade. Al\u00e9m disso, ela pode ser usada tanto no p\u00e9 direito quanto no esquerdo.<\/p>","protected":false},"featured_media":638,"comment_status":"open","ping_status":"closed","template":"","meta":{"site-sidebar-layout":"default","site-content-layout":"","ast-site-content-layout":"default","site-content-style":"default","site-sidebar-style":"default","ast-global-header-display":"","ast-banner-title-visibility":"","ast-main-header-display":"","ast-hfb-above-header-display":"","ast-hfb-below-header-display":"","ast-hfb-mobile-header-display":"","site-post-title":"","ast-breadcrumbs-content":"","ast-featured-img":"","footer-sml-layout":"","ast-disable-related-posts":"","theme-transparent-header-meta":"","adv-header-id-meta":"","stick-header-meta":"","header-above-stick-meta":"","header-main-stick-meta":"","header-below-stick-meta":"","astra-migrate-meta-layouts":"default","ast-page-background-enabled":"default","ast-page-background-meta":{"desktop":{"background-color":"var(--ast-global-color-4)","background-image":"","background-repeat":"repeat","background-position":"center center","background-size":"auto","background-attachment":"scroll","background-type":"","background-media":"","overlay-type":"","overlay-color":"","overlay-opacity":"","overlay-gradient":""},"tablet":{"background-color":"","background-image":"","background-repeat":"repeat","background-position":"center center","background-size":"auto","background-attachment":"scroll","background-type":"","background-media":"","overlay-type":"","overlay-color":"","overlay-opacity":"","overlay-gradient":""},"mobile":{"background-color":"","background-image":"","background-repeat":"repeat","background-position":"center center","background-size":"auto","background-attachment":"scroll","background-type":"","background-media":"","overlay-type":"","overlay-color":"","overlay-opacity":"","overlay-gradient":""}},"ast-content-background-meta":{"desktop":{"background-color":"var(--ast-global-color-5)","background-image":"","background-repeat":"repeat","background-position":"center center","background-size":"auto","background-attachment":"scroll","background-type":"","background-media":"","overlay-type":"","overlay-color":"","overlay-opacity":"","overlay-gradient":""},"tablet":{"background-color":"var(--ast-global-color-5)","background-image":"","background-repeat":"repeat","background-position":"center center","background-size":"auto","background-attachment":"scroll","background-type":"","background-media":"","overlay-type":"","overlay-color":"","overlay-opacity":"","overlay-gradient":""},"mobile":{"background-color":"var(--ast-global-color-5)","background-image":"","background-repeat":"repeat","background-position":"center center","background-size":"auto","background-attachment":"scroll","background-type":"","background-media":"","overlay-type":"","overlay-color":"","overlay-opacity":"","overlay-gradient":""}}},"product_brand":[],"product_cat":[159,153,136],"product_tag":[],"class_list":{"0":"post-633","1":"product","2":"type-product","3":"status-publish","4":"has-post-thumbnail","6":"product_cat-destaques","7":"product_cat-membros-inferiores","8":"product_cat-ortopedicos","9":"desktop-align-left","10":"tablet-align-left","11":"mobile-align-left","13":"first","14":"instock","15":"taxable","16":"shipping-taxable","17":"purchasable","18":"product-type-variable","19":"has-default-attributes"},"_links":{"self":[{"href":"https:\/\/www.medcoll.com.br\/en\/wp-json\/wp\/v2\/product\/633","targetHints":{"allow":["GET"]}}],"collection":[{"href":"https:\/\/www.medcoll.com.br\/en\/wp-json\/wp\/v2\/product"}],"about":[{"href":"https:\/\/www.medcoll.com.br\/en\/wp-json\/wp\/v2\/types\/product"}],"replies":[{"embeddable":true,"href":"https:\/\/www.medcoll.com.br\/en\/wp-json\/wp\/v2\/comments?post=633"}],"version-history":[{"count":1,"href":"https:\/\/www.medcoll.com.br\/en\/wp-json\/wp\/v2\/product\/633\/revisions"}],"predecessor-version":[{"id":1139,"href":"https:\/\/www.medcoll.com.br\/en\/wp-json\/wp\/v2\/product\/633\/revisions\/1139"}],"wp:featuredmedia":[{"embeddable":true,"href":"https:\/\/www.medcoll.com.br\/en\/wp-json\/wp\/v2\/media\/638"}],"wp:attachment":[{"href":"https:\/\/www.medcoll.com.br\/en\/wp-json\/wp\/v2\/media?parent=633"}],"wp:term":[{"taxonomy":"product_brand","embeddable":true,"href":"https:\/\/www.medcoll.com.br\/en\/wp-json\/wp\/v2\/product_brand?post=633"},{"taxonomy":"product_cat","embeddable":true,"href":"https:\/\/www.medcoll.com.br\/en\/wp-json\/wp\/v2\/product_cat?post=633"},{"taxonomy":"product_tag","embeddable":true,"href":"https:\/\/www.medcoll.com.br\/en\/wp-json\/wp\/v2\/product_tag?post=633"}],"curies":[{"name":"wp","href":"https:\/\/api.w.org\/{rel}","templated":true}]}}