{"id":639,"date":"2024-05-22T14:58:11","date_gmt":"2024-05-22T17:58:11","guid":{"rendered":"https:\/\/www.medcoll.com.br\/?post_type=product&#038;p=639"},"modified":"2026-02-07T20:30:45","modified_gmt":"2026-02-07T23:30:45","slug":"cinto-de-seguranca-toracico","status":"publish","type":"product","link":"https:\/\/www.medcoll.com.br\/en\/product\/cinto-de-seguranca-toracico\/","title":{"rendered":"Cinto de Seguran\u00e7a Toracico"},"content":{"rendered":"<p><a href=\"https:\/\/magazinemedica.com.br\/produtos\/cinto-de-seguranca-toracico-jaguaribe\/#collapseThree\">Descri\u00e7\u00e3o do produto<\/a><br \/>Indica\u00e7\u00f5es<br \/>Usu\u00e1rio de cadeiras de rodas<br \/>Composi\u00e7\u00e3o<br \/>Nylon<br \/>Diferenciais e benef\u00edcios<br \/>&#8212;<br \/>Itens inclusos<br \/>1 cinto de seguran\u00e7a<br \/>Altura do produto (cm)<br \/>27,00<br \/>Largura do produto (cm)<br \/>15,00<br \/>Profundidade do produto (cm)<br \/>5,00<br \/>Peso l\u00edquido (Kg)<br \/>0,250<br \/>Altura da embalagem (cm)<br \/>27,00<br \/>Largura da embalagem (cm)<br \/>15,00<br \/>Profundidade da embalagem (cm)<br \/>5,00<br \/>Peso bruto com embalagem (Kg)<br \/>0,250<br \/>Higiene e Conserva\u00e7\u00e3o<br \/>&#8212;<br \/>Garantia<br \/>3 meses<br \/>Registro ANVISA\/M.S.<br \/>&#8212;<br \/>EAN<br \/>7898426242356<\/p>","protected":false},"excerpt":{"rendered":"<h2 class=\"h5\" style=\", Helvetica, Arial, sans-serif;font-weight: 300;line-height: 1.1;margin-top: 10.5px;margin-bottom: 10.5px;font-size: 15px;font-style: normal;letter-spacing: normal;text-align: start;text-indent: 0px;text-transform: none\">O cinto de seguran\u00e7a para cadeira de rodas d\u00e1 maior conforto e estabilidade ao cadeirante em movimento. O cinto tor\u00e1cico \u00e9 indispens\u00e1vel para usu\u00e1rios de cadeiras de rodas, tanto de ambiente interno quanto externo, por estarem sujeitos a impactos ocasionados por irregularidades dos terrenos e n\u00e3o se sentirem suficientemente est\u00e1veis e capaz para se sustentarem na cadeira. O cinto tor\u00e1cico possibilita ao usu\u00e1rio maior confian\u00e7a, estabilidade quando a cadeira est\u00e1 em movimento. Pode ser usado por pessoas a partir de 12 anos.<\/h2>","protected":false},"featured_media":640,"comment_status":"open","ping_status":"closed","template":"","meta":{"site-sidebar-layout":"default","site-content-layout":"","ast-site-content-layout":"default","site-content-style":"default","site-sidebar-style":"default","ast-global-header-display":"","ast-banner-title-visibility":"","ast-main-header-display":"","ast-hfb-above-header-display":"","ast-hfb-below-header-display":"","ast-hfb-mobile-header-display":"","site-post-title":"","ast-breadcrumbs-content":"","ast-featured-img":"","footer-sml-layout":"","ast-disable-related-posts":"","theme-transparent-header-meta":"","adv-header-id-meta":"","stick-header-meta":"","header-above-stick-meta":"","header-main-stick-meta":"","header-below-stick-meta":"","astra-migrate-meta-layouts":"default","ast-page-background-enabled":"default","ast-page-background-meta":{"desktop":{"background-color":"var(--ast-global-color-4)","background-image":"","background-repeat":"repeat","background-position":"center center","background-size":"auto","background-attachment":"scroll","background-type":"","background-media":"","overlay-type":"","overlay-color":"","overlay-opacity":"","overlay-gradient":""},"tablet":{"background-color":"","background-image":"","background-repeat":"repeat","background-position":"center center","background-size":"auto","background-attachment":"scroll","background-type":"","background-media":"","overlay-type":"","overlay-color":"","overlay-opacity":"","overlay-gradient":""},"mobile":{"background-color":"","background-image":"","background-repeat":"repeat","background-position":"center center","background-size":"auto","background-attachment":"scroll","background-type":"","background-media":"","overlay-type":"","overlay-color":"","overlay-opacity":"","overlay-gradient":""}},"ast-content-background-meta":{"desktop":{"background-color":"var(--ast-global-color-5)","background-image":"","background-repeat":"repeat","background-position":"center center","background-size":"auto","background-attachment":"scroll","background-type":"","background-media":"","overlay-type":"","overlay-color":"","overlay-opacity":"","overlay-gradient":""},"tablet":{"background-color":"var(--ast-global-color-5)","background-image":"","background-repeat":"repeat","background-position":"center center","background-size":"auto","background-attachment":"scroll","background-type":"","background-media":"","overlay-type":"","overlay-color":"","overlay-opacity":"","overlay-gradient":""},"mobile":{"background-color":"var(--ast-global-color-5)","background-image":"","background-repeat":"repeat","background-position":"center center","background-size":"auto","background-attachment":"scroll","background-type":"","background-media":"","overlay-type":"","overlay-color":"","overlay-opacity":"","overlay-gradient":""}}},"product_brand":[],"product_cat":[149],"product_tag":[],"class_list":{"0":"post-639","1":"product","2":"type-product","3":"status-publish","4":"has-post-thumbnail","6":"product_cat-acessorios","7":"product_shipping_class-minimo","8":"desktop-align-left","9":"tablet-align-left","10":"mobile-align-left","12":"first","13":"instock","14":"taxable","15":"shipping-taxable","16":"purchasable","17":"product-type-simple"},"_links":{"self":[{"href":"https:\/\/www.medcoll.com.br\/en\/wp-json\/wp\/v2\/product\/639","targetHints":{"allow":["GET"]}}],"collection":[{"href":"https:\/\/www.medcoll.com.br\/en\/wp-json\/wp\/v2\/product"}],"about":[{"href":"https:\/\/www.medcoll.com.br\/en\/wp-json\/wp\/v2\/types\/product"}],"replies":[{"embeddable":true,"href":"https:\/\/www.medcoll.com.br\/en\/wp-json\/wp\/v2\/comments?post=639"}],"version-history":[{"count":1,"href":"https:\/\/www.medcoll.com.br\/en\/wp-json\/wp\/v2\/product\/639\/revisions"}],"predecessor-version":[{"id":1138,"href":"https:\/\/www.medcoll.com.br\/en\/wp-json\/wp\/v2\/product\/639\/revisions\/1138"}],"wp:featuredmedia":[{"embeddable":true,"href":"https:\/\/www.medcoll.com.br\/en\/wp-json\/wp\/v2\/media\/640"}],"wp:attachment":[{"href":"https:\/\/www.medcoll.com.br\/en\/wp-json\/wp\/v2\/media?parent=639"}],"wp:term":[{"taxonomy":"product_brand","embeddable":true,"href":"https:\/\/www.medcoll.com.br\/en\/wp-json\/wp\/v2\/product_brand?post=639"},{"taxonomy":"product_cat","embeddable":true,"href":"https:\/\/www.medcoll.com.br\/en\/wp-json\/wp\/v2\/product_cat?post=639"},{"taxonomy":"product_tag","embeddable":true,"href":"https:\/\/www.medcoll.com.br\/en\/wp-json\/wp\/v2\/product_tag?post=639"}],"curies":[{"name":"wp","href":"https:\/\/api.w.org\/{rel}","templated":true}]}}