{"id":641,"date":"2024-05-22T15:09:49","date_gmt":"2024-05-22T18:09:49","guid":{"rendered":"https:\/\/www.medcoll.com.br\/?post_type=product&#038;p=641"},"modified":"2026-02-02T17:52:33","modified_gmt":"2026-02-02T20:52:33","slug":"cueca-para-hernia-inguinal-dupla-ortocenter","status":"publish","type":"product","link":"https:\/\/www.medcoll.com.br\/en\/product\/cueca-para-hernia-inguinal-dupla-ortocenter\/","title":{"rendered":"Cueca para H\u00e9rnia Inguinal Dupla ORTOCENTER"},"content":{"rendered":"<p><a href=\"https:\/\/magazinemedica.com.br\/produtos\/cueca-para-hernia-inguinal-dupla-ortocenter_m\/#collapseThree\">Descri\u00e7\u00e3o do produto<\/a><br \/>Indica\u00e7\u00f5es<br \/>Cueca indicada para homens que possuem h\u00e9rnia e precisam de sustenta\u00e7\u00e3o para que a mesma n\u00e3o evolua.<br \/>Composi\u00e7\u00e3o<br \/>Confeccionado em cotton.<br \/>Diferenciais e benef\u00edcios<br \/>Almofadas s\u00e3o remov\u00edveis, podendo ser utilizada apenas de um lado ou dupla.<br \/>Itens inclusos<br \/>N\u00e3o possui.<br \/>Altura do produto (cm)<br \/>24,00<br \/>Largura do produto (cm)<br \/>36,00<br \/>Profundidade do produto (cm)<br \/>2,00<br \/>Peso l\u00edquido (Kg)<br \/>0,161<br \/>Altura da embalagem (cm)<br \/>24,00<br \/>Largura da embalagem (cm)<br \/>16,00<br \/>Profundidade da embalagem (cm)<br \/>4,00<br \/>Peso bruto com embalagem (Kg)<br \/>0,177<br \/>Qual tamanho escolher?<br \/>P: 36\/38<br \/>M: 40\/42<br \/>G: 44\/46<br \/>GG: 48\/50<br \/>Higiene e Conserva\u00e7\u00e3o<br \/>Lavar a temperatura maxima de 40\u00b0C.<br \/>N\u00e3o utilizar alvejantes.<br \/>Secar a sombra.<br \/>Passar ferro no maximo a 110\u00b0C.<br \/>N\u00e3o lavar a seco.<\/p>","protected":false},"excerpt":{"rendered":"<h2 class=\"h5\" style=\", Helvetica, Arial, sans-serif;font-weight: 300;line-height: 1.1;margin-top: 10.5px;margin-bottom: 10.5px;font-size: 15px;font-style: normal;letter-spacing: normal;text-align: start;text-indent: 0px;text-transform: none\">Cueca para h\u00e9rnia inguinal dupla Ortocenter<\/h2>","protected":false},"featured_media":642,"comment_status":"open","ping_status":"closed","template":"","meta":{"site-sidebar-layout":"default","site-content-layout":"","ast-site-content-layout":"default","site-content-style":"default","site-sidebar-style":"default","ast-global-header-display":"","ast-banner-title-visibility":"","ast-main-header-display":"","ast-hfb-above-header-display":"","ast-hfb-below-header-display":"","ast-hfb-mobile-header-display":"","site-post-title":"","ast-breadcrumbs-content":"","ast-featured-img":"","footer-sml-layout":"","ast-disable-related-posts":"","theme-transparent-header-meta":"","adv-header-id-meta":"","stick-header-meta":"","header-above-stick-meta":"","header-main-stick-meta":"","header-below-stick-meta":"","astra-migrate-meta-layouts":"default","ast-page-background-enabled":"default","ast-page-background-meta":{"desktop":{"background-color":"var(--ast-global-color-4)","background-image":"","background-repeat":"repeat","background-position":"center center","background-size":"auto","background-attachment":"scroll","background-type":"","background-media":"","overlay-type":"","overlay-color":"","overlay-opacity":"","overlay-gradient":""},"tablet":{"background-color":"","background-image":"","background-repeat":"repeat","background-position":"center center","background-size":"auto","background-attachment":"scroll","background-type":"","background-media":"","overlay-type":"","overlay-color":"","overlay-opacity":"","overlay-gradient":""},"mobile":{"background-color":"","background-image":"","background-repeat":"repeat","background-position":"center center","background-size":"auto","background-attachment":"scroll","background-type":"","background-media":"","overlay-type":"","overlay-color":"","overlay-opacity":"","overlay-gradient":""}},"ast-content-background-meta":{"desktop":{"background-color":"var(--ast-global-color-5)","background-image":"","background-repeat":"repeat","background-position":"center center","background-size":"auto","background-attachment":"scroll","background-type":"","background-media":"","overlay-type":"","overlay-color":"","overlay-opacity":"","overlay-gradient":""},"tablet":{"background-color":"var(--ast-global-color-5)","background-image":"","background-repeat":"repeat","background-position":"center center","background-size":"auto","background-attachment":"scroll","background-type":"","background-media":"","overlay-type":"","overlay-color":"","overlay-opacity":"","overlay-gradient":""},"mobile":{"background-color":"var(--ast-global-color-5)","background-image":"","background-repeat":"repeat","background-position":"center center","background-size":"auto","background-attachment":"scroll","background-type":"","background-media":"","overlay-type":"","overlay-color":"","overlay-opacity":"","overlay-gradient":""}}},"product_brand":[],"product_cat":[130,153,136],"product_tag":[],"class_list":{"0":"post-641","1":"product","2":"type-product","3":"status-publish","4":"has-post-thumbnail","6":"product_cat-malhas-de-compressao","7":"product_cat-membros-inferiores","8":"product_cat-ortopedicos","9":"desktop-align-left","10":"tablet-align-left","11":"mobile-align-left","13":"first","14":"instock","15":"taxable","16":"shipping-taxable","17":"purchasable","18":"product-type-variable","19":"has-default-attributes"},"_links":{"self":[{"href":"https:\/\/www.medcoll.com.br\/en\/wp-json\/wp\/v2\/product\/641","targetHints":{"allow":["GET"]}}],"collection":[{"href":"https:\/\/www.medcoll.com.br\/en\/wp-json\/wp\/v2\/product"}],"about":[{"href":"https:\/\/www.medcoll.com.br\/en\/wp-json\/wp\/v2\/types\/product"}],"replies":[{"embeddable":true,"href":"https:\/\/www.medcoll.com.br\/en\/wp-json\/wp\/v2\/comments?post=641"}],"version-history":[{"count":1,"href":"https:\/\/www.medcoll.com.br\/en\/wp-json\/wp\/v2\/product\/641\/revisions"}],"predecessor-version":[{"id":1137,"href":"https:\/\/www.medcoll.com.br\/en\/wp-json\/wp\/v2\/product\/641\/revisions\/1137"}],"wp:featuredmedia":[{"embeddable":true,"href":"https:\/\/www.medcoll.com.br\/en\/wp-json\/wp\/v2\/media\/642"}],"wp:attachment":[{"href":"https:\/\/www.medcoll.com.br\/en\/wp-json\/wp\/v2\/media?parent=641"}],"wp:term":[{"taxonomy":"product_brand","embeddable":true,"href":"https:\/\/www.medcoll.com.br\/en\/wp-json\/wp\/v2\/product_brand?post=641"},{"taxonomy":"product_cat","embeddable":true,"href":"https:\/\/www.medcoll.com.br\/en\/wp-json\/wp\/v2\/product_cat?post=641"},{"taxonomy":"product_tag","embeddable":true,"href":"https:\/\/www.medcoll.com.br\/en\/wp-json\/wp\/v2\/product_tag?post=641"}],"curies":[{"name":"wp","href":"https:\/\/api.w.org\/{rel}","templated":true}]}}