{"id":652,"date":"2024-05-22T15:17:22","date_gmt":"2024-05-22T18:17:22","guid":{"rendered":"https:\/\/www.medcoll.com.br\/?post_type=product&#038;p=652"},"modified":"2026-02-02T17:43:11","modified_gmt":"2026-02-02T20:43:11","slug":"bengala-de-aluminio-regulavel-larga-bronze-alo","status":"publish","type":"product","link":"https:\/\/www.medcoll.com.br\/en\/product\/bengala-de-aluminio-regulavel-larga-bronze-alo\/","title":{"rendered":"Bengala de Alum\u00ednio Regul\u00e1vel Larga Bronze ALO"},"content":{"rendered":"<table class=\"table table-striped\" style=\"border-collapse: collapse;border-spacing: 0px;font-size: 12px;width: 1108px;max-width: 100%;margin-bottom: 21px;, Helvetica, Arial, sans-serif;font-style: normal;font-weight: 400;letter-spacing: normal;text-align: start;text-transform: none\">\n<tbody>\n<tr class=\"row\" style=\"margin-left: -15px;margin-right: -15px\">\n<th class=\"col-xs-4 col-sm-3\" style=\"padding: 8px;text-align: left;position: static;min-height: 1px;float: none;width: 277px;line-height: 1.4;vertical-align: top\">Itens inclusos<\/th>\n<td class=\"col-xs-6 col-sm-7\" style=\"padding: 8px;position: static;min-height: 1px;float: none;width: 646.328px;line-height: 1.4;vertical-align: top\">\n<p style=\"margin: 0px 0px 10.5px\">01 Bengala Tipo T larga com 9 Regulagens de altura cor Bronze marca ALO.<\/p>\n<\/td>\n<\/tr>\n<tr class=\"row\" style=\"margin-left: -15px;margin-right: -15px\">\n<th class=\"col-xs-4 col-sm-3\" style=\"padding: 8px;text-align: left;position: static;min-height: 1px;float: none;width: 277px;line-height: 1.4;vertical-align: top\">Altura do produto (cm)<\/th>\n<td class=\"col-xs-6 col-sm-7\" style=\"padding: 8px;position: static;min-height: 1px;float: none;width: 646.328px;line-height: 1.4;vertical-align: top\">70,00<\/td>\n<\/tr>\n<tr class=\"row\" style=\"margin-left: -15px;margin-right: -15px\">\n<th class=\"col-xs-4 col-sm-3\" style=\"padding: 8px;text-align: left;position: static;min-height: 1px;float: none;width: 277px;line-height: 1.4;vertical-align: top\">Largura do produto (cm)<\/th>\n<td class=\"col-xs-6 col-sm-7\" style=\"padding: 8px;position: static;min-height: 1px;float: none;width: 646.328px;line-height: 1.4;vertical-align: top\">4,00<\/td>\n<\/tr>\n<tr class=\"row\" style=\"margin-left: -15px;margin-right: -15px\">\n<th class=\"col-xs-4 col-sm-3\" style=\"padding: 8px;text-align: left;position: static;min-height: 1px;float: none;width: 277px;line-height: 1.4;vertical-align: top\">Profundidade do produto (cm)<\/th>\n<td class=\"col-xs-6 col-sm-7\" style=\"padding: 8px;position: static;min-height: 1px;float: none;width: 646.328px;line-height: 1.4;vertical-align: top\">13,00<\/td>\n<\/tr>\n<tr class=\"row\" style=\"margin-left: -15px;margin-right: -15px\">\n<th class=\"col-xs-4 col-sm-3\" style=\"padding: 8px;text-align: left;position: static;min-height: 1px;float: none;width: 277px;line-height: 1.4;vertical-align: top\">Peso l\u00edquido (Kg)<\/th>\n<td class=\"col-xs-6 col-sm-7\" style=\"padding: 8px;position: static;min-height: 1px;float: none;width: 646.328px;line-height: 1.4;vertical-align: top\">0,307<\/td>\n<\/tr>\n<tr class=\"row\" style=\"margin-left: -15px;margin-right: -15px\">\n<th class=\"col-xs-4 col-sm-3\" style=\"padding: 8px;text-align: left;position: static;min-height: 1px;float: none;width: 277px;line-height: 1.4;vertical-align: top\">Altura da embalagem (cm)<\/th>\n<td class=\"col-xs-6 col-sm-7\" style=\"padding: 8px;position: static;min-height: 1px;float: none;width: 646.328px;line-height: 1.4;vertical-align: top\">70,00<\/td>\n<\/tr>\n<tr class=\"row\" style=\"margin-left: -15px;margin-right: -15px\">\n<th class=\"col-xs-4 col-sm-3\" style=\"padding: 8px;text-align: left;position: static;min-height: 1px;float: none;width: 277px;line-height: 1.4;vertical-align: top\">Largura da embalagem (cm)<\/th>\n<td class=\"col-xs-6 col-sm-7\" style=\"padding: 8px;position: static;min-height: 1px;float: none;width: 646.328px;line-height: 1.4;vertical-align: top\">4,00<\/td>\n<\/tr>\n<tr class=\"row\" style=\"margin-left: -15px;margin-right: -15px\">\n<th class=\"col-xs-4 col-sm-3\" style=\"padding: 8px;text-align: left;position: static;min-height: 1px;float: none;width: 277px;line-height: 1.4;vertical-align: top\">Profundidade da embalagem (cm)<\/th>\n<td class=\"col-xs-6 col-sm-7\" style=\"padding: 8px;position: static;min-height: 1px;float: none;width: 646.328px;line-height: 1.4;vertical-align: top\">13,00<\/td>\n<\/tr>\n<tr class=\"row\" style=\"margin-left: -15px;margin-right: -15px\">\n<th class=\"col-xs-4 col-sm-3\" style=\"padding: 8px;text-align: left;position: static;min-height: 1px;float: none;width: 277px;line-height: 1.4;vertical-align: top\">Peso bruto com embalagem (Kg)<\/th>\n<td class=\"col-xs-6 col-sm-7\" style=\"padding: 8px;position: static;min-height: 1px;float: none;width: 646.328px;line-height: 1.4;vertical-align: top\">0,307<\/td>\n<\/tr>\n<tr class=\"row\" style=\"margin-left: -15px;margin-right: -15px\">\n<th class=\"col-xs-4 col-sm-3\" style=\"padding: 8px;text-align: left;position: static;min-height: 1px;float: none;width: 277px;line-height: 1.4;vertical-align: top\">Qual tamanho escolher?<\/th>\n<td class=\"col-xs-6 col-sm-7\" style=\"padding: 8px;position: static;min-height: 1px;float: none;width: 646.328px;line-height: 1.4;vertical-align: top\">\n<p style=\"margin: 0px 0px 10.5px\">Regul\u00e1vel: de 70cm a 90cm.<\/p>\n<\/td>\n<\/tr>\n<tr class=\"row\" style=\"margin-left: -15px;margin-right: -15px\">\n<th class=\"col-xs-4 col-sm-3\" style=\"padding: 8px;text-align: left;position: static;min-height: 1px;float: none;width: 277px;line-height: 1.4;vertical-align: top\">Higiene e Conserva\u00e7\u00e3o<\/th>\n<td class=\"col-xs-6 col-sm-7\" style=\"padding: 8px;position: static;min-height: 1px;float: none;width: 646.328px;line-height: 1.4;vertical-align: top\">\n<ol style=\"margin-top: 0px;margin-bottom: 10.5px\">\n<li>As ponteiras de borracha dever\u00e3o ser substitu\u00eddas sempre que apresentarem sinais de desgaste. Isto evitar\u00e1 acidentes provocados pela falta de ader\u00eancia;<\/li>\n<li>N\u00e3o utilize a bengala sem as ponteiras adequadas.<\/li>\n<\/ol>\n<\/td>\n<\/tr>\n<\/tbody>\n<\/table>","protected":false},"excerpt":{"rendered":"<div id=\"collapseTwo\" style=\", Helvetica, Arial, sans-serif;font-size: 15px;font-style: normal;font-weight: 400;letter-spacing: normal;text-align: start;text-indent: 0px;text-transform: none\">\n<div class=\"panel-body\" style=\"padding: 15px\">\n<div id=\"description1\">\n<h2 class=\"h5\" style=\", Helvetica, Arial, sans-serif;font-weight: 300;line-height: 1.1;color: inherit;margin-top: 10.5px;margin-bottom: 10.5px;font-size: 15px\">Bengala Tipo T larga com 9 Regulagens de altura cor Bronze marca ALO.<\/h2>\n<\/div>\n<\/div>\n<\/div>\n<div class=\"panel-heading\" style=\"padding: 10px 15px;border-top-right-radius: 0px;border-top-left-radius: 0px;, Helvetica, Arial, sans-serif;font-size: 15px;font-style: normal;font-weight: 400;letter-spacing: normal;text-align: start;text-indent: 0px;text-transform: none\">\n<p class=\"panel-title h4\" style=\"margin: 0px;, Helvetica, Arial, sans-serif;font-weight: 300;line-height: 1.1;color: inherit;font-size: 17px\"><a data-toggle=\"collapse\" data-parent=\"#accordion\" style=\"background-color: transparent;color: inherit;text-decoration: none\" href=\"https:\/\/magazinemedica.com.br\/produtos\/bengala-de-aluminio-regulavel-larga-bronze-alo\/#collapseThree\" id=\"product_descricao\">Descri\u00e7\u00e3o do produto<\/a><\/p>\n<\/div>\n<div id=\"collapseThree\" class=\"panel-collapse collapse in\" style=\", Helvetica, Arial, sans-serif;font-size: 15px;font-style: normal;font-weight: 400;letter-spacing: normal;text-align: start;text-indent: 0px;text-transform: none\">\n<div class=\"panel-body productattributes\" style=\"padding: 15px\">\n<div class=\"table-responsive\" style=\"min-height: 0.01%\">\n<table class=\"table table-striped\" style=\"border-collapse: collapse;border-spacing: 0px;background-color: transparent;font-size: 12px;width: 1108px;max-width: 100%;margin-bottom: 21px\">\n<tbody>\n<tr class=\"row\" style=\"margin-left: -15px;margin-right: -15px\">\n<th class=\"col-xs-4 col-sm-3\" style=\"padding: 8px;text-align: left;position: static;min-height: 1px;float: none;width: 277px;line-height: 1.4;vertical-align: top\">Indica\u00e7\u00f5es<\/th>\n<td class=\"col-xs-6 col-sm-7\" style=\"padding: 8px;position: static;min-height: 1px;float: none;width: 646.328px;line-height: 1.4;vertical-align: top\">\n<p style=\"margin: 0px 0px 10.5px\">Indicado para auxiliar as pessoas com dificuldades de locomo\u00e7\u00e3o;<\/p>\n<\/td>\n<\/tr>\n<tr class=\"row\" style=\"margin-left: -15px;margin-right: -15px\">\n<th class=\"col-xs-4 col-sm-3\" style=\"padding: 8px;text-align: left;position: static;min-height: 1px;float: none;width: 277px;line-height: 1.4;vertical-align: top\">Composi\u00e7\u00e3o<\/th>\n<td class=\"col-xs-6 col-sm-7\" style=\"padding: 8px;position: static;min-height: 1px;float: none;width: 646.328px;line-height: 1.4;vertical-align: top\">\n<ol style=\"margin-top: 0px;margin-bottom: 10.5px\">\n<li>Fabricada em alum\u00ednio anodizado na cor BRONZE.<\/li>\n<li>Cabo anat\u00f4mico em pl\u00e1stico.<\/li>\n<li>Ponteira em Borracha<\/li>\n<\/ol>\n<\/td>\n<\/tr>\n<tr class=\"row\" style=\"margin-left: -15px;margin-right: -15px\">\n<th class=\"col-xs-4 col-sm-3\" style=\"padding: 8px;text-align: left;position: static;min-height: 1px;float: none;width: 277px;line-height: 1.4;vertical-align: top\">Diferenciais e benef\u00edcios<\/th>\n<td class=\"col-xs-6 col-sm-7\" style=\"padding: 8px;position: static;min-height: 1px;float: none;width: 646.328px;line-height: 1.4;vertical-align: top\">\n<p style=\"margin: 0px 0px 10.5px\">&#8211; Extremamente leve e resistente.<\/p>\n<p style=\"margin: 0px 0px 10.5px\">&#8211; Maior resist\u00eancia lateral;<\/p>\n<p style=\"margin: 0px 0px 10.5px\">&#8211; Suporta at\u00e9 100 kg.<\/p>\n<\/td>\n<\/tr>\n<\/tbody>\n<\/table>\n<\/div>\n<\/div>\n<\/div>","protected":false},"featured_media":653,"comment_status":"open","ping_status":"closed","template":"","meta":{"site-sidebar-layout":"default","site-content-layout":"","ast-site-content-layout":"default","site-content-style":"default","site-sidebar-style":"default","ast-global-header-display":"","ast-banner-title-visibility":"","ast-main-header-display":"","ast-hfb-above-header-display":"","ast-hfb-below-header-display":"","ast-hfb-mobile-header-display":"","site-post-title":"","ast-breadcrumbs-content":"","ast-featured-img":"","footer-sml-layout":"","ast-disable-related-posts":"","theme-transparent-header-meta":"","adv-header-id-meta":"","stick-header-meta":"","header-above-stick-meta":"","header-main-stick-meta":"","header-below-stick-meta":"","astra-migrate-meta-layouts":"default","ast-page-background-enabled":"default","ast-page-background-meta":{"desktop":{"background-color":"var(--ast-global-color-4)","background-image":"","background-repeat":"repeat","background-position":"center center","background-size":"auto","background-attachment":"scroll","background-type":"","background-media":"","overlay-type":"","overlay-color":"","overlay-opacity":"","overlay-gradient":""},"tablet":{"background-color":"","background-image":"","background-repeat":"repeat","background-position":"center center","background-size":"auto","background-attachment":"scroll","background-type":"","background-media":"","overlay-type":"","overlay-color":"","overlay-opacity":"","overlay-gradient":""},"mobile":{"background-color":"","background-image":"","background-repeat":"repeat","background-position":"center center","background-size":"auto","background-attachment":"scroll","background-type":"","background-media":"","overlay-type":"","overlay-color":"","overlay-opacity":"","overlay-gradient":""}},"ast-content-background-meta":{"desktop":{"background-color":"var(--ast-global-color-5)","background-image":"","background-repeat":"repeat","background-position":"center center","background-size":"auto","background-attachment":"scroll","background-type":"","background-media":"","overlay-type":"","overlay-color":"","overlay-opacity":"","overlay-gradient":""},"tablet":{"background-color":"var(--ast-global-color-5)","background-image":"","background-repeat":"repeat","background-position":"center center","background-size":"auto","background-attachment":"scroll","background-type":"","background-media":"","overlay-type":"","overlay-color":"","overlay-opacity":"","overlay-gradient":""},"mobile":{"background-color":"var(--ast-global-color-5)","background-image":"","background-repeat":"repeat","background-position":"center center","background-size":"auto","background-attachment":"scroll","background-type":"","background-media":"","overlay-type":"","overlay-color":"","overlay-opacity":"","overlay-gradient":""}}},"product_brand":[],"product_cat":[138,139],"product_tag":[],"class_list":{"0":"post-652","1":"product","2":"type-product","3":"status-publish","4":"has-post-thumbnail","6":"product_cat-mobilidade","7":"product_cat-muletas","8":"product_shipping_class-intermediario","9":"desktop-align-left","10":"tablet-align-left","11":"mobile-align-left","13":"first","14":"instock","15":"taxable","16":"shipping-taxable","17":"purchasable","18":"product-type-simple"},"_links":{"self":[{"href":"https:\/\/www.medcoll.com.br\/en\/wp-json\/wp\/v2\/product\/652","targetHints":{"allow":["GET"]}}],"collection":[{"href":"https:\/\/www.medcoll.com.br\/en\/wp-json\/wp\/v2\/product"}],"about":[{"href":"https:\/\/www.medcoll.com.br\/en\/wp-json\/wp\/v2\/types\/product"}],"replies":[{"embeddable":true,"href":"https:\/\/www.medcoll.com.br\/en\/wp-json\/wp\/v2\/comments?post=652"}],"version-history":[{"count":1,"href":"https:\/\/www.medcoll.com.br\/en\/wp-json\/wp\/v2\/product\/652\/revisions"}],"predecessor-version":[{"id":1136,"href":"https:\/\/www.medcoll.com.br\/en\/wp-json\/wp\/v2\/product\/652\/revisions\/1136"}],"wp:featuredmedia":[{"embeddable":true,"href":"https:\/\/www.medcoll.com.br\/en\/wp-json\/wp\/v2\/media\/653"}],"wp:attachment":[{"href":"https:\/\/www.medcoll.com.br\/en\/wp-json\/wp\/v2\/media?parent=652"}],"wp:term":[{"taxonomy":"product_brand","embeddable":true,"href":"https:\/\/www.medcoll.com.br\/en\/wp-json\/wp\/v2\/product_brand?post=652"},{"taxonomy":"product_cat","embeddable":true,"href":"https:\/\/www.medcoll.com.br\/en\/wp-json\/wp\/v2\/product_cat?post=652"},{"taxonomy":"product_tag","embeddable":true,"href":"https:\/\/www.medcoll.com.br\/en\/wp-json\/wp\/v2\/product_tag?post=652"}],"curies":[{"name":"wp","href":"https:\/\/api.w.org\/{rel}","templated":true}]}}