{"id":654,"date":"2024-05-22T15:24:21","date_gmt":"2024-05-22T18:24:21","guid":{"rendered":"https:\/\/www.medcoll.com.br\/?post_type=product&#038;p=654"},"modified":"2026-02-02T17:42:10","modified_gmt":"2026-02-02T20:42:10","slug":"colete-putti-elastico-baixo-ortopedico-unissex-bege-takecare","status":"publish","type":"product","link":"https:\/\/www.medcoll.com.br\/en\/product\/colete-putti-elastico-baixo-ortopedico-unissex-bege-takecare\/","title":{"rendered":"Colete Putti El\u00e1stico Baixo Ortop\u00e9dico Unissex Bege Takecare"},"content":{"rendered":"<p>Composi\u00e7\u00e3o<br \/>Material:\u00a070% Poli\u00e9ster e\u00a030% Elastodieno.<br \/>Diferenciais e benef\u00edcios<br \/><strong>O que \u00e9 colete putti baixo TAKECARE?<\/strong><br \/>Cor bege;<br \/>Altura de 30cm;<br \/>Comprimento de 100cm;<br \/>Tamanho grande;<br \/>Tratamento de les\u00f5es graves;<br \/>Ideal para p\u00f3s-operat\u00f3rios;<br \/>Formato ajust\u00e1vel e anat\u00f4mico;<br \/>Auxiliar na recupera\u00e7\u00e3o de les\u00f5es;<br \/>Melhora a mobilidade e a funcionalidade;<br \/>Ideal para oferecer suporte compressivo \u00e0 regi\u00e3o;<br \/>Confeccionado em el\u00e1stico de alta resist\u00eancia;<br \/>Previne les\u00f5es e oferece suporte ortop\u00e9dico;<br \/>Ideal para p\u00f3s-operat\u00f3rios e tratamento de les\u00f5es graves;<br \/>Alivia a dor e promove o alinhamento adequado da coluna;<br \/>Pode ser ajustado conforme a anatomia do corpo;<br \/>Confeccionado em el\u00e1stico de alta resist\u00eancia;<br \/>Formato ajust\u00e1vel e anat\u00f4mico, auxiliando na recupera\u00e7\u00e3o de les\u00f5es;<br \/>Indicado para pessoas com problemas na coluna lombar.<br \/>Modo de Usar<br \/>Coloque o colete ao redor das costas, na parte inferior do tronco.<br \/>Mantenha o fecho aderente posicionado na parte anterior do corpo e adeque a intensidade de fixa\u00e7\u00e3o.\u00a0<br \/>Ap\u00f3s posicionado, caso necess\u00e1rio, ajuste as al\u00e7as laterais para maior fixa\u00e7\u00e3o.<br \/>As hastes podem ser moldadas \u00e0s necessidades pelo profissional respons\u00e1vel.<br \/>Itens inclusos<br \/>01 Colete putti el\u00e1stico baixo unissex na cor bege G (grande) TAKECARE.<br \/>Altura da embalagem (cm)<br \/>29,00<br \/>Largura da embalagem (cm)<br \/>22,00<br \/>Profundidade da embalagem (cm)<br \/>2,00<br \/>Peso bruto com embalagem (Kg)<br \/>0,525<br \/>Qual tamanho escolher?<br \/>Colete Baixo\u00a0<strong>(Tamanho<\/strong>\u00a0<strong>P)\u00a0<\/strong>= C &#8211; 80cm x A &#8211; 30cm.<br \/>Colete Baixo\u00a0<strong>(Tamanho<\/strong>\u00a0<strong>M)<\/strong>\u00a0= C &#8211; 90cm x A &#8211; 30cm.<br \/>Colete Baixo\u00a0<strong>(Tamanho<\/strong>\u00a0<strong>G)<\/strong>\u00a0= C &#8211; 100cm x A &#8211; 30cm.<br \/>Colete Baixo\u00a0<strong>(Tamanho<\/strong>\u00a0<strong>GG)<\/strong>\u00a0= C &#8211; 115cm x A &#8211; 30cm.<br \/>Colete Baixo\u00a0<strong>(Tamanho XGG)<\/strong>\u00a0= C &#8211; 125cm x A &#8211; 30cm.<br \/>Higiene e Conserva\u00e7\u00e3o<br \/>N\u00e3o limpe a seco;<br \/>N\u00e3o lave ou seque em m\u00e1quina;<br \/>N\u00e3o utilize produtos clorados;<br \/>N\u00e3o remova manchas com solventes;<br \/>\u00c9 poss\u00edvel secar na vertical, sem torcer;<br \/>Prazo de validade indeterminado;<br \/>Lave manualmente com sab\u00e3o neutro em \u00e1gua at\u00e9 40\u00baC;<br \/>N\u00e3o \u00e9 recomendado o uso de m\u00e1quina de lavar;<br \/>N\u00e3o passe a ferro nem utilize vaporiza\u00e7\u00e3o ou tratamento a vapor;<br \/>Mantenha os fechos aderentes unidos ou cobertos para evitar danos ao produto;<br \/>Quando n\u00e3o estiver em uso, conserve ao abrigo do calor, da luz e da umidade.<br \/>Garantia<br \/>3 meses<br \/>Registro ANVISA\/M.S.<br \/>80228410027<br \/>EAN<br \/>7898411814049<br \/>Advert\u00eancia<br \/>N\u00e3o utilize sobre a pele lesionada, ferida, al\u00e9rgica e durante o sono;<br \/>Caso ocorra alguma irrita\u00e7\u00e3o, suspenda imediatamente o uso e contate um m\u00e9dico ou consulte um especialista;<br \/>Aten\u00e7\u00e3o no ajuste para n\u00e3o dificultar a circula\u00e7\u00e3o sangu\u00ednea.<br \/>PROCURE SEU M\u00c9DICO ORTOPEDISTA PARA MELHOR ORIENT\u00c1-LO.<br \/><strong><br \/>Obs. O produto n\u00e3o apresenta contraindica\u00e7\u00e3o desde que sejam respeitadas as instru\u00e7\u00f5es de utiliza\u00e7\u00e3o e finalidade ao qual se destina.<\/strong><\/p>","protected":false},"excerpt":{"rendered":"<h2 class=\"h5\" style=\", Helvetica, Arial, sans-serif;font-weight: 300;line-height: 1.1;margin-top: 10.5px;margin-bottom: 10.5px;font-size: 15px;font-style: normal;letter-spacing: normal;text-align: start;text-indent: 0px;text-transform: none\">Colete Putti de el\u00e1stico baixo ortop\u00e9dico e unissex na cor bege TAKECARE.<\/h2>\n<table class=\"table table-striped productattributes\" id=\"productattributes\" style=\"border-collapse: collapse;border-spacing: 0px;font-size: 12px;width: 1108px;max-width: 100%;margin-bottom: 21px;, Helvetica, Arial, sans-serif;font-style: normal;font-weight: 400;letter-spacing: normal;text-align: start;text-transform: none\">\n<tbody>\n<tr>\n<th style=\"padding: 8px;text-align: left;line-height: 1.4;vertical-align: top;width: 332.391px\">Indica\u00e7\u00f5es<\/th>\n<td style=\"padding: 8px;line-height: 1.4;vertical-align: top;width: 775.609px\">\n<p style=\"margin: 0px 0px 10.5px\"><strong style=\"font-weight: 700\">O que \u00e9 colete putti baixo TAKECARE?<\/strong><\/p>\n<p style=\"margin: 0px 0px 10.5px\">O colete putti baixo TAKECARE \u00e9\u00a0produzido utilizando materiais dur\u00e1veis, como poli\u00e9ster e elastodieno, e \u00e9 ajust\u00e1vel para se adequar ao corpo do usu\u00e1rio. Normalmente, abrange a regi\u00e3o das costas, estendendo-se abaixo das omoplatas at\u00e9 a parte inferior das costas, proporcionando suporte compressivo \u00e0 \u00e1rea.<\/p>\n<p style=\"margin: 0px 0px 10.5px\">\u00a0<\/p>\n<p style=\"margin: 0px 0px 10.5px\"><strong style=\"font-weight: 700\">Para que serve \u00e9 colete putti baixo TAKECARE?<\/strong><\/p>\n<p style=\"margin: 0px 0px 10.5px\">O colete putti baixo TAKECARE<span>\u00a0<\/span><span style=\"font-size: 9pt\">\u00e9 um tipo de suporte ortop\u00e9dico projetado para oferecer suporte e estabilidade \u00e0 regi\u00e3o lombar da coluna vertebral. Essencial para corrigir a postura, aliviar dores nas costas e auxiliar na recupera\u00e7\u00e3o de les\u00f5es nessa regi\u00e3o.<\/span><\/p>\n<div class=\"flex-1 overflow-hidden\">\n<div class=\"react-scroll-to-bottom--css-xalpq-79elbk h-full\">\n<div class=\"react-scroll-to-bottom--css-xalpq-1n7m0yu\">\n<div class=\"flex flex-col pb-9 text-sm\">\n<div class=\"w-full text-token-text-primary\" data-testid=\"conversation-turn-9\">\n<div class=\"px-4 py-2 justify-center text-base md:gap-6 m-auto\">\n<div class=\"flex flex-1 text-base mx-auto gap-3 md:px-5 lg:px-1 xl:px-5 md:max-w-3xl lg:max-w-[40rem] xl:max-w-[48rem] } group final-completion\">\n<div class=\"relative flex w-full flex-col lg:w-[calc(100%-115px)] agent-turn\">\n<div class=\"flex-col gap-1 md:gap-3\">\n<div class=\"flex flex-grow flex-col max-w-full\">\n<div class=\"min-h-[20px] text-message flex flex-col items-start gap-3 whitespace-pre-wrap break-words [.text-message+&amp;]:mt-5 overflow-x-auto\" data-message-author-role=\"assistant\" data-message-id=\"5e5d11f4-f8d2-461c-a507-66dd0a67ee35\">\n<div class=\"markdown prose w-full break-words dark:prose-invert dark\">\n<p style=\"margin: 0px 0px 10.5px\">Este tipo de colete \u00e9 particularmente ben\u00e9fico para indiv\u00edduos com quest\u00f5es na coluna lombar, como h\u00e9rnia de disco, osteoartrite, espondilose ou les\u00f5es musculares.<\/p>\n<\/div>\n<\/div>\n<\/div>\n<\/div>\n<\/div>\n<\/div>\n<\/div>\n<\/div>\n<\/div>\n<\/div>\n<\/div>\n<\/div>\n<\/td>\n<\/tr>\n<\/tbody>\n<\/table>\n","protected":false},"featured_media":657,"comment_status":"open","ping_status":"closed","template":"","meta":{"site-sidebar-layout":"default","site-content-layout":"","ast-site-content-layout":"default","site-content-style":"default","site-sidebar-style":"default","ast-global-header-display":"","ast-banner-title-visibility":"","ast-main-header-display":"","ast-hfb-above-header-display":"","ast-hfb-below-header-display":"","ast-hfb-mobile-header-display":"","site-post-title":"","ast-breadcrumbs-content":"","ast-featured-img":"","footer-sml-layout":"","ast-disable-related-posts":"","theme-transparent-header-meta":"","adv-header-id-meta":"","stick-header-meta":"","header-above-stick-meta":"","header-main-stick-meta":"","header-below-stick-meta":"","astra-migrate-meta-layouts":"default","ast-page-background-enabled":"default","ast-page-background-meta":{"desktop":{"background-color":"var(--ast-global-color-4)","background-image":"","background-repeat":"repeat","background-position":"center center","background-size":"auto","background-attachment":"scroll","background-type":"","background-media":"","overlay-type":"","overlay-color":"","overlay-opacity":"","overlay-gradient":""},"tablet":{"background-color":"","background-image":"","background-repeat":"repeat","background-position":"center center","background-size":"auto","background-attachment":"scroll","background-type":"","background-media":"","overlay-type":"","overlay-color":"","overlay-opacity":"","overlay-gradient":""},"mobile":{"background-color":"","background-image":"","background-repeat":"repeat","background-position":"center center","background-size":"auto","background-attachment":"scroll","background-type":"","background-media":"","overlay-type":"","overlay-color":"","overlay-opacity":"","overlay-gradient":""}},"ast-content-background-meta":{"desktop":{"background-color":"var(--ast-global-color-5)","background-image":"","background-repeat":"repeat","background-position":"center center","background-size":"auto","background-attachment":"scroll","background-type":"","background-media":"","overlay-type":"","overlay-color":"","overlay-opacity":"","overlay-gradient":""},"tablet":{"background-color":"var(--ast-global-color-5)","background-image":"","background-repeat":"repeat","background-position":"center center","background-size":"auto","background-attachment":"scroll","background-type":"","background-media":"","overlay-type":"","overlay-color":"","overlay-opacity":"","overlay-gradient":""},"mobile":{"background-color":"var(--ast-global-color-5)","background-image":"","background-repeat":"repeat","background-position":"center center","background-size":"auto","background-attachment":"scroll","background-type":"","background-media":"","overlay-type":"","overlay-color":"","overlay-opacity":"","overlay-gradient":""}}},"product_brand":[],"product_cat":[159,136,151],"product_tag":[],"class_list":{"0":"post-654","1":"product","2":"type-product","3":"status-publish","4":"has-post-thumbnail","6":"product_cat-destaques","7":"product_cat-ortopedicos","8":"product_cat-torax-lombar","9":"desktop-align-left","10":"tablet-align-left","11":"mobile-align-left","13":"first","14":"instock","15":"taxable","16":"shipping-taxable","17":"purchasable","18":"product-type-variable","19":"has-default-attributes"},"_links":{"self":[{"href":"https:\/\/www.medcoll.com.br\/en\/wp-json\/wp\/v2\/product\/654","targetHints":{"allow":["GET"]}}],"collection":[{"href":"https:\/\/www.medcoll.com.br\/en\/wp-json\/wp\/v2\/product"}],"about":[{"href":"https:\/\/www.medcoll.com.br\/en\/wp-json\/wp\/v2\/types\/product"}],"replies":[{"embeddable":true,"href":"https:\/\/www.medcoll.com.br\/en\/wp-json\/wp\/v2\/comments?post=654"}],"version-history":[{"count":1,"href":"https:\/\/www.medcoll.com.br\/en\/wp-json\/wp\/v2\/product\/654\/revisions"}],"predecessor-version":[{"id":1135,"href":"https:\/\/www.medcoll.com.br\/en\/wp-json\/wp\/v2\/product\/654\/revisions\/1135"}],"wp:featuredmedia":[{"embeddable":true,"href":"https:\/\/www.medcoll.com.br\/en\/wp-json\/wp\/v2\/media\/657"}],"wp:attachment":[{"href":"https:\/\/www.medcoll.com.br\/en\/wp-json\/wp\/v2\/media?parent=654"}],"wp:term":[{"taxonomy":"product_brand","embeddable":true,"href":"https:\/\/www.medcoll.com.br\/en\/wp-json\/wp\/v2\/product_brand?post=654"},{"taxonomy":"product_cat","embeddable":true,"href":"https:\/\/www.medcoll.com.br\/en\/wp-json\/wp\/v2\/product_cat?post=654"},{"taxonomy":"product_tag","embeddable":true,"href":"https:\/\/www.medcoll.com.br\/en\/wp-json\/wp\/v2\/product_tag?post=654"}],"curies":[{"name":"wp","href":"https:\/\/api.w.org\/{rel}","templated":true}]}}