{"id":663,"date":"2024-05-22T15:33:26","date_gmt":"2024-05-22T18:33:26","guid":{"rendered":"https:\/\/www.medcoll.com.br\/?post_type=product&#038;p=663"},"modified":"2026-02-02T17:41:43","modified_gmt":"2026-02-02T20:41:43","slug":"colete-putti-elastico-alto-ortopedico-unissex-bege-takecare","status":"publish","type":"product","link":"https:\/\/www.medcoll.com.br\/en\/product\/colete-putti-elastico-alto-ortopedico-unissex-bege-takecare\/","title":{"rendered":"Colete Putti El\u00e1stico Alto Ortop\u00e9dico Unissex Bege Takecare"},"content":{"rendered":"<table class=\"table table-striped productattributes\" id=\"productattributes\" style=\"border-collapse: collapse;border-spacing: 0px;font-size: 12px;width: 1108px;max-width: 100%;margin-bottom: 21px;, Helvetica, Arial, sans-serif;font-style: normal;font-weight: 400;letter-spacing: normal;text-align: start;text-transform: none\">\n<tbody>\n<tr>\n<th style=\"padding: 8px;text-align: left;line-height: 1.4;vertical-align: top;width: 332.391px\">Composi\u00e7\u00e3o<\/th>\n<td style=\"padding: 8px;line-height: 1.4;vertical-align: top;width: 775.609px\">\n<p style=\"margin: 0px 0px 10.5px\">Material:\u00a070% Poli\u00e9ster e\u00a030% Elastodieno.<\/p>\n<\/td>\n<\/tr>\n<tr>\n<th style=\"padding: 8px;text-align: left;line-height: 1.4;vertical-align: top;width: 332.391px\">Diferenciais e benef\u00edcios<\/th>\n<td style=\"padding: 8px;line-height: 1.4;vertical-align: top;width: 775.609px\">\n<p style=\"margin: 0px 0px 10.5px\"><strong style=\"font-weight: 700\">O que \u00e9 colete putti alto TAKECARE?<\/strong><\/p>\n<ul style=\"list-style-type: circle;margin-top: 0px;margin-bottom: 10.5px\">\n<li>Cor bege;<\/li>\n<li>Altura de 38cm;<\/li>\n<li>Comprimento de 80cm;<\/li>\n<li>Tamanho pequeno;<\/li>\n<li>Tratamento de les\u00f5es graves;<\/li>\n<li>Ideal para p\u00f3s-operat\u00f3rios;<\/li>\n<li>Formato ajust\u00e1vel e anat\u00f4mico;<\/li>\n<li>Auxiliar na recupera\u00e7\u00e3o de les\u00f5es;<\/li>\n<li>Melhora a mobilidade e a funcionalidade;<\/li>\n<li>Ideal para oferecer suporte compressivo \u00e0 regi\u00e3o;<\/li>\n<li>Confeccionado em el\u00e1stico de alta resist\u00eancia;<\/li>\n<li>Previne les\u00f5es e oferece suporte ortop\u00e9dico;<\/li>\n<li>Ideal para p\u00f3s-operat\u00f3rios e tratamento de les\u00f5es graves;<\/li>\n<li>Alivia a dor e promove o alinhamento adequado da coluna;<\/li>\n<li>Pode ser ajustado conforme a anatomia do corpo;<\/li>\n<li>Confeccionado em el\u00e1stico de alta resist\u00eancia;<\/li>\n<li>Formato ajust\u00e1vel e anat\u00f4mico, auxiliando na recupera\u00e7\u00e3o de les\u00f5es;<\/li>\n<li>Indicado para pessoas com problemas na coluna lombar.<\/li>\n<\/ul>\n<\/td>\n<\/tr>\n<tr>\n<th style=\"padding: 8px;text-align: left;line-height: 1.4;vertical-align: top;width: 332.391px\">Modo de Usar<\/th>\n<td style=\"padding: 8px;line-height: 1.4;vertical-align: top;width: 775.609px\">\n<ol style=\"margin-top: 0px;margin-bottom: 10.5px\">\n<li>Coloque o colete ao redor das costas, na parte inferior do tronco.<\/li>\n<li>Mantenha o fecho aderente posicionado na parte anterior do corpo e adeque a intensidade de fixa\u00e7\u00e3o.\u00a0<\/li>\n<li>Ap\u00f3s posicionado, caso necess\u00e1rio, ajuste as al\u00e7as laterais para maior fixa\u00e7\u00e3o.<\/li>\n<li>As hastes podem ser moldadas \u00e0s necessidades pelo profissional respons\u00e1vel.<\/li>\n<\/ol>\n<\/td>\n<\/tr>\n<tr>\n<th style=\"padding: 8px;text-align: left;line-height: 1.4;vertical-align: top;width: 332.391px\">Itens inclusos<\/th>\n<td style=\"padding: 8px;line-height: 1.4;vertical-align: top;width: 775.609px\">\n<p style=\"margin: 0px 0px 10.5px\">01 Colete putti el\u00e1stico alto unissex na cor bege P (pequeno) TAKECARE.<\/p>\n<\/td>\n<\/tr>\n<tr>\n<th style=\"padding: 8px;text-align: left;line-height: 1.4;vertical-align: top;width: 332.391px\">Altura da embalagem (cm)<\/th>\n<td style=\"padding: 8px;line-height: 1.4;vertical-align: top;width: 775.609px\">38,00<\/td>\n<\/tr>\n<tr>\n<th style=\"padding: 8px;text-align: left;line-height: 1.4;vertical-align: top;width: 332.391px\">Largura da embalagem (cm)<\/th>\n<td style=\"padding: 8px;line-height: 1.4;vertical-align: top;width: 775.609px\">24,00<\/td>\n<\/tr>\n<tr>\n<th style=\"padding: 8px;text-align: left;line-height: 1.4;vertical-align: top;width: 332.391px\">Profundidade da embalagem (cm)<\/th>\n<td style=\"padding: 8px;line-height: 1.4;vertical-align: top;width: 775.609px\">2,00<\/td>\n<\/tr>\n<tr>\n<th style=\"padding: 8px;text-align: left;line-height: 1.4;vertical-align: top;width: 332.391px\">Peso bruto com embalagem (Kg)<\/th>\n<td style=\"padding: 8px;line-height: 1.4;vertical-align: top;width: 775.609px\">0,530<\/td>\n<\/tr>\n<tr>\n<th style=\"padding: 8px;text-align: left;line-height: 1.4;vertical-align: top;width: 332.391px\">Qual tamanho escolher?<\/th>\n<td style=\"padding: 8px;line-height: 1.4;vertical-align: top;width: 775.609px\">\n<ul style=\"list-style-type: circle;margin-top: 0px;margin-bottom: 10.5px\">\n<li>Colete Alto<span>\u00a0<\/span><strong style=\"font-weight: 700\">(Tamanho<\/strong><span>\u00a0<\/span><strong style=\"font-weight: 700\">P)<span>\u00a0<\/span><\/strong>= C &#8211; 80cm x A &#8211; 38cm.<\/li>\n<li>Colete Alto<span>\u00a0<\/span><strong style=\"font-weight: 700\">(Tamanho<\/strong><span>\u00a0<\/span><strong style=\"font-weight: 700\">M)<\/strong><span>\u00a0<\/span>= C &#8211; 90cm x A &#8211; 38cm.<\/li>\n<li>Colete Alto<span>\u00a0<\/span><strong style=\"font-weight: 700\">(Tamanho<\/strong><span>\u00a0<\/span><strong style=\"font-weight: 700\">G)<\/strong><span>\u00a0<\/span>= C &#8211; 100cm x A &#8211; 38cm.<\/li>\n<li>Colete Alto<span>\u00a0<\/span><strong style=\"font-weight: 700\">(Tamanho XGG)<\/strong><span>\u00a0<\/span>= C &#8211; 125cm x A &#8211; 38cm.<\/li>\n<\/ul>\n<\/td>\n<\/tr>\n<tr>\n<th style=\"padding: 8px;text-align: left;line-height: 1.4;vertical-align: top;width: 332.391px\">Higiene e Conserva\u00e7\u00e3o<\/th>\n<td style=\"padding: 8px;line-height: 1.4;vertical-align: top;width: 775.609px\">\n<ul style=\"list-style-type: circle;margin-top: 0px;margin-bottom: 10.5px\">\n<li>N\u00e3o limpe a seco;<\/li>\n<li>N\u00e3o lave ou seque em m\u00e1quina;<\/li>\n<li>N\u00e3o utilize produtos clorados;<\/li>\n<li>N\u00e3o remova manchas com solventes;<\/li>\n<li>\u00c9 poss\u00edvel secar na vertical, sem torcer;<\/li>\n<li>Prazo de validade indeterminado;<\/li>\n<li>Lave manualmente com sab\u00e3o neutro em \u00e1gua at\u00e9 40\u00baC;<\/li>\n<li>N\u00e3o \u00e9 recomendado o uso de m\u00e1quina de lavar;<\/li>\n<li>N\u00e3o passe a ferro nem utilize vaporiza\u00e7\u00e3o ou tratamento a vapor;<\/li>\n<li>Mantenha os fechos aderentes unidos ou cobertos para evitar danos ao produto;<\/li>\n<li>Quando n\u00e3o estiver em uso, conserve ao abrigo do calor, da luz e da umidade.<\/li>\n<\/ul>\n<\/td>\n<\/tr>\n<tr>\n<th style=\"padding: 8px;text-align: left;line-height: 1.4;vertical-align: top;width: 332.391px\">Garantia<\/th>\n<td style=\"padding: 8px;line-height: 1.4;vertical-align: top;width: 775.609px\">3 meses<\/td>\n<\/tr>\n<tr>\n<th style=\"padding: 8px;text-align: left;line-height: 1.4;vertical-align: top;width: 332.391px\">Registro ANVISA\/M.S.<\/th>\n<td style=\"padding: 8px;line-height: 1.4;vertical-align: top;width: 775.609px\">800228410027<\/td>\n<\/tr>\n<tr>\n<th style=\"padding: 8px;text-align: left;line-height: 1.4;vertical-align: top;width: 332.391px\">EAN<\/th>\n<td style=\"padding: 8px;line-height: 1.4;vertical-align: top;width: 775.609px\">7898411815367<\/td>\n<\/tr>\n<tr>\n<th style=\"padding: 8px;text-align: left;line-height: 1.4;vertical-align: top;width: 332.391px\">Advert\u00eancia<\/th>\n<td style=\"padding: 8px;line-height: 1.4;vertical-align: top;width: 775.609px\">\n<ul style=\"list-style-type: circle;margin-top: 0px;margin-bottom: 10.5px\">\n<li>N\u00e3o utilize sobre a pele lesionada, ferida, al\u00e9rgica e durante o sono;<\/li>\n<li>Caso ocorra alguma irrita\u00e7\u00e3o, suspenda imediatamente o uso e contate um m\u00e9dico ou consulte um especialista;<\/li>\n<li>Aten\u00e7\u00e3o no ajuste para n\u00e3o dificultar a circula\u00e7\u00e3o sangu\u00ednea.<\/li>\n<\/ul>\n<p style=\"margin: 0px 0px 10.5px\">PROCURE SEU M\u00c9DICO ORTOPEDISTA PARA MELHOR ORIENT\u00c1-LO.<strong style=\"font-weight: 700\">Obs. O produto n\u00e3o apresenta contraindica\u00e7\u00e3o desde que sejam respeitadas as instru\u00e7\u00f5es de utiliza\u00e7\u00e3o e finalidade ao qual se destina.<\/strong><\/p>\n<\/td>\n<\/tr>\n<\/tbody>\n<\/table>","protected":false},"excerpt":{"rendered":"<p style=\"margin: 0px 0px 10.5px;, Helvetica, Arial, sans-serif;font-size: 12px;font-style: normal;font-weight: 400;letter-spacing: normal;text-align: start;text-indent: 0px;text-transform: none\"><strong style=\"font-weight: 700\">O que \u00e9 colete putti alto TAKECARE?<\/strong><\/p>\n<p style=\"margin: 0px 0px 10.5px;, Helvetica, Arial, sans-serif;font-size: 12px;font-style: normal;font-weight: 400;letter-spacing: normal;text-align: start;text-indent: 0px;text-transform: none\">O colete putti alto TAKECARE \u00e9 fabricado utilizando materiais dur\u00e1veis, como poli\u00e9ster e elastodieno, e pode ser ajustado para se adaptar ao corpo do usu\u00e1rio. Normalmente, abrange a regi\u00e3o das costas, estendendo-se da parte inferior das omoplatas at\u00e9 a base das costas, oferecendo suporte compressivo nessa \u00e1rea.<\/p>\n<p style=\"margin: 0px 0px 10.5px;, Helvetica, Arial, sans-serif;font-size: 12px;font-style: normal;font-weight: 400;letter-spacing: normal;text-align: start;text-indent: 0px;text-transform: none\">\u00a0<\/p>\n<p style=\"margin: 0px 0px 10.5px;, Helvetica, Arial, sans-serif;font-size: 12px;font-style: normal;font-weight: 400;letter-spacing: normal;text-align: start;text-indent: 0px;text-transform: none\"><strong style=\"font-weight: 700\">Para que serve \u00e9 colete putti alto TAKECARE?<\/strong><\/p>\n<p style=\"margin: 0px 0px 10.5px;, Helvetica, Arial, sans-serif;font-size: 12px;font-style: normal;font-weight: 400;letter-spacing: normal;text-align: start;text-indent: 0px;text-transform: none\">O colete putti alto TAKECARE serve como suporte ortop\u00e9dico para proporcionar estabilidade \u00e0 regi\u00e3o lombar da coluna vertebral. Ele desempenha um papel crucial na corre\u00e7\u00e3o da postura, no al\u00edvio da dor nas costas e na assist\u00eancia \u00e0 recupera\u00e7\u00e3o de les\u00f5es nessa \u00e1rea.<\/p>\n<div class=\"flex-1 overflow-hidden\" style=\", Helvetica, Arial, sans-serif;font-size: 12px;font-style: normal;font-weight: 400;letter-spacing: normal;text-align: start;text-indent: 0px;text-transform: none\">\n<div class=\"react-scroll-to-bottom--css-gughl-79elbk h-full\">\n<div class=\"react-scroll-to-bottom--css-gughl-1n7m0yu\">\n<div class=\"flex flex-col pb-9 text-sm\">\n<div class=\"w-full text-token-text-primary\" data-testid=\"conversation-turn-7\">\n<div class=\"px-4 py-2 justify-center text-base md:gap-6 m-auto\">\n<div class=\"flex flex-1 text-base mx-auto gap-3 md:px-5 lg:px-1 xl:px-5 md:max-w-3xl lg:max-w-[40rem] xl:max-w-[48rem] } group final-completion\">\n<div class=\"relative flex w-full flex-col lg:w-[calc(100%-115px)] agent-turn\">\n<div class=\"flex-col gap-1 md:gap-3\">\n<div class=\"flex flex-grow flex-col max-w-full\">\n<div class=\"min-h-[20px] text-message flex flex-col items-start gap-3 whitespace-pre-wrap break-words [.text-message+&amp;]:mt-5 overflow-x-auto\" data-message-author-role=\"assistant\" data-message-id=\"fcd47b30-3a51-46c3-a3ae-ae419b3d3a0e\">\n<div class=\"markdown prose w-full break-words dark:prose-invert dark\">\n<p style=\"margin: 0px 0px 10.5px\">Este colete destaca-se por sua efic\u00e1cia, especialmente para indiv\u00edduos que enfrentam problemas na coluna lombar, como h\u00e9rnia de disco, osteoartrite, espondilose ou les\u00f5es musculares.<\/p>\n<\/div>\n<\/div>\n<\/div>\n<\/div>\n<\/div>\n<\/div>\n<\/div>\n<\/div>\n<\/div>\n<\/div>\n<\/div>\n<\/div>\n","protected":false},"featured_media":669,"comment_status":"open","ping_status":"closed","template":"","meta":{"site-sidebar-layout":"default","site-content-layout":"","ast-site-content-layout":"default","site-content-style":"default","site-sidebar-style":"default","ast-global-header-display":"","ast-banner-title-visibility":"","ast-main-header-display":"","ast-hfb-above-header-display":"","ast-hfb-below-header-display":"","ast-hfb-mobile-header-display":"","site-post-title":"","ast-breadcrumbs-content":"","ast-featured-img":"","footer-sml-layout":"","ast-disable-related-posts":"","theme-transparent-header-meta":"","adv-header-id-meta":"","stick-header-meta":"","header-above-stick-meta":"","header-main-stick-meta":"","header-below-stick-meta":"","astra-migrate-meta-layouts":"default","ast-page-background-enabled":"default","ast-page-background-meta":{"desktop":{"background-color":"var(--ast-global-color-4)","background-image":"","background-repeat":"repeat","background-position":"center center","background-size":"auto","background-attachment":"scroll","background-type":"","background-media":"","overlay-type":"","overlay-color":"","overlay-opacity":"","overlay-gradient":""},"tablet":{"background-color":"","background-image":"","background-repeat":"repeat","background-position":"center center","background-size":"auto","background-attachment":"scroll","background-type":"","background-media":"","overlay-type":"","overlay-color":"","overlay-opacity":"","overlay-gradient":""},"mobile":{"background-color":"","background-image":"","background-repeat":"repeat","background-position":"center center","background-size":"auto","background-attachment":"scroll","background-type":"","background-media":"","overlay-type":"","overlay-color":"","overlay-opacity":"","overlay-gradient":""}},"ast-content-background-meta":{"desktop":{"background-color":"var(--ast-global-color-5)","background-image":"","background-repeat":"repeat","background-position":"center center","background-size":"auto","background-attachment":"scroll","background-type":"","background-media":"","overlay-type":"","overlay-color":"","overlay-opacity":"","overlay-gradient":""},"tablet":{"background-color":"var(--ast-global-color-5)","background-image":"","background-repeat":"repeat","background-position":"center center","background-size":"auto","background-attachment":"scroll","background-type":"","background-media":"","overlay-type":"","overlay-color":"","overlay-opacity":"","overlay-gradient":""},"mobile":{"background-color":"var(--ast-global-color-5)","background-image":"","background-repeat":"repeat","background-position":"center center","background-size":"auto","background-attachment":"scroll","background-type":"","background-media":"","overlay-type":"","overlay-color":"","overlay-opacity":"","overlay-gradient":""}}},"product_brand":[],"product_cat":[136,151],"product_tag":[],"class_list":{"0":"post-663","1":"product","2":"type-product","3":"status-publish","4":"has-post-thumbnail","6":"product_cat-ortopedicos","7":"product_cat-torax-lombar","8":"desktop-align-left","9":"tablet-align-left","10":"mobile-align-left","12":"first","13":"instock","14":"taxable","15":"shipping-taxable","16":"purchasable","17":"product-type-variable","18":"has-default-attributes"},"_links":{"self":[{"href":"https:\/\/www.medcoll.com.br\/en\/wp-json\/wp\/v2\/product\/663","targetHints":{"allow":["GET"]}}],"collection":[{"href":"https:\/\/www.medcoll.com.br\/en\/wp-json\/wp\/v2\/product"}],"about":[{"href":"https:\/\/www.medcoll.com.br\/en\/wp-json\/wp\/v2\/types\/product"}],"replies":[{"embeddable":true,"href":"https:\/\/www.medcoll.com.br\/en\/wp-json\/wp\/v2\/comments?post=663"}],"version-history":[{"count":1,"href":"https:\/\/www.medcoll.com.br\/en\/wp-json\/wp\/v2\/product\/663\/revisions"}],"predecessor-version":[{"id":1134,"href":"https:\/\/www.medcoll.com.br\/en\/wp-json\/wp\/v2\/product\/663\/revisions\/1134"}],"wp:featuredmedia":[{"embeddable":true,"href":"https:\/\/www.medcoll.com.br\/en\/wp-json\/wp\/v2\/media\/669"}],"wp:attachment":[{"href":"https:\/\/www.medcoll.com.br\/en\/wp-json\/wp\/v2\/media?parent=663"}],"wp:term":[{"taxonomy":"product_brand","embeddable":true,"href":"https:\/\/www.medcoll.com.br\/en\/wp-json\/wp\/v2\/product_brand?post=663"},{"taxonomy":"product_cat","embeddable":true,"href":"https:\/\/www.medcoll.com.br\/en\/wp-json\/wp\/v2\/product_cat?post=663"},{"taxonomy":"product_tag","embeddable":true,"href":"https:\/\/www.medcoll.com.br\/en\/wp-json\/wp\/v2\/product_tag?post=663"}],"curies":[{"name":"wp","href":"https:\/\/api.w.org\/{rel}","templated":true}]}}