{"id":697,"date":"2024-05-23T16:35:50","date_gmt":"2024-05-23T19:35:50","guid":{"rendered":"https:\/\/www.medcoll.com.br\/?post_type=product&#038;p=697"},"modified":"2026-02-02T17:41:21","modified_gmt":"2026-02-02T20:41:21","slug":"colete-jewett","status":"publish","type":"product","link":"https:\/\/www.medcoll.com.br\/en\/product\/colete-jewett\/","title":{"rendered":"Colete Jewett"},"content":{"rendered":"<p><strong style=\"margin: 0px;padding: 0px;border: 0px;font-style: inherit;font-variant: inherit;font-weight: 700;line-height: inherit;font-family: inherit;font-size: 14px;vertical-align: baseline\">Tamanho:<\/strong><\/p>\n<div class=\"rte\" style=\"margin: 0px;padding: 0px 20px 20px;border: 0px;font-style: normal;font-weight: 400;line-height: inherit;, Helvetica, Arial, sans-serif;font-size: 14px;vertical-align: baseline;letter-spacing: normal;text-align: start;text-indent: 0px;text-transform: none\">\n<p style=\"margin: 0px 0px 10px;padding: 0px;border: 0px;font-style: inherit;font-variant: inherit;font-weight: inherit;line-height: inherit;, sans-serif;font-size: 14px;vertical-align: baseline;min-height: 1px\">P &#8211; T\u00f3rax ao p\u00fabis 38 a 45cm<\/p>\n<p style=\"margin: 0px 0px 10px;padding: 0px;border: 0px;font-style: inherit;font-variant: inherit;font-weight: inherit;line-height: inherit;, sans-serif;font-size: 14px;vertical-align: baseline;min-height: 1px\">M &#8211; T\u00f3rax ao p\u00fabis 46 a 50cm<\/p>\n<p style=\"margin: 0px 0px 10px;padding: 0px;border: 0px;font-style: inherit;font-variant: inherit;font-weight: inherit;line-height: inherit;, sans-serif;font-size: 14px;vertical-align: baseline;min-height: 1px\">G &#8211; T\u00f3rax ao p\u00fabis 51 a 55cm<\/p>\n<p style=\"margin: 0px 0px 10px;padding: 0px;border: 0px;font-style: inherit;font-variant: inherit;font-weight: inherit;line-height: inherit;, sans-serif;font-size: 14px;vertical-align: baseline;min-height: 1px\">GG &#8211; T\u00f3rax ao p\u00fabis 56 a 60cm<\/p>\n<p style=\"margin: 0px 0px 10px;padding: 0px;border: 0px;font-style: inherit;font-variant: inherit;font-weight: inherit;line-height: inherit;, sans-serif;font-size: 14px;vertical-align: baseline;min-height: 1px\">\n<p style=\"margin: 0px 0px 10px;padding: 0px;border: 0px;font-style: inherit;font-variant: inherit;font-weight: inherit;line-height: inherit;, sans-serif;font-size: 14px;vertical-align: baseline;min-height: 1px\"><strong style=\"margin: 0px;padding: 0px;border: 0px;font-style: inherit;font-variant: inherit;font-weight: 700;line-height: inherit;font-family: inherit;font-size: 14px;vertical-align: baseline\">Descri\u00e7\u00e3o:<\/strong><\/p>\n<p style=\"margin: 0px 0px 10px;padding: 0px;border: 0px;font-style: inherit;font-variant: inherit;font-weight: inherit;line-height: inherit;, sans-serif;font-size: 14px;vertical-align: baseline;min-height: 1px\">O Colete Jewett Ortop\u00e9dico \u00e9 utilizado para tratar fraturas locais, osteoporose, e demais acometimentos locais que exijam imobiliza\u00e7\u00e3o. Deve ser utilizado sempre sob recomenda\u00e7\u00e3o m\u00e9dica, e o ajuste conforme \u00e0s medidas do paciente \u00e9 permitido pelos fechos em fecho.<\/p>\n<p style=\"margin: 0px 0px 10px;padding: 0px;border: 0px;font-style: inherit;font-variant: inherit;font-weight: inherit;line-height: inherit;, sans-serif;font-size: 14px;vertical-align: baseline;min-height: 1px\">\n<p style=\"margin: 0px 0px 10px;padding: 0px;border: 0px;font-style: inherit;font-variant: inherit;font-weight: inherit;line-height: inherit;, sans-serif;font-size: 14px;vertical-align: baseline;min-height: 1px\"><strong style=\"margin: 0px;padding: 0px;border: 0px;font-style: inherit;font-variant: inherit;font-weight: 700;line-height: inherit;font-family: inherit;font-size: 14px;vertical-align: baseline\">Diferenciais:<\/strong><\/p>\n<p style=\"margin: 0px 0px 10px;padding: 0px;border: 0px;font-style: inherit;font-variant: inherit;font-weight: inherit;line-height: inherit;, sans-serif;font-size: 14px;vertical-align: baseline;min-height: 1px\">* Confeccionado em duralum\u00ednio:\u00a0garante total estabilidade do paciente;<\/p>\n<p style=\"margin: 0px 0px 10px;padding: 0px;border: 0px;font-style: inherit;font-variant: inherit;font-weight: inherit;line-height: inherit;, sans-serif;font-size: 14px;vertical-align: baseline;min-height: 1px\">* Presen\u00e7a de almofadas:\u00a0aumentam o conforto para o paciente;<\/p>\n<p style=\"margin: 0px 0px 10px;padding: 0px;border: 0px;font-style: inherit;font-variant: inherit;font-weight: inherit;line-height: inherit;, sans-serif;font-size: 14px;vertical-align: baseline;min-height: 1px\">* Fecho em fecho:\u00a0facilita o ajuste a coloca\u00e7\u00e3o do produto.<\/p>\n<p style=\"margin: 0px 0px 10px;padding: 0px;border: 0px;font-style: inherit;font-variant: inherit;font-weight: inherit;line-height: inherit;, sans-serif;font-size: 14px;vertical-align: baseline;min-height: 1px\">\n<p style=\"margin: 0px 0px 10px;padding: 0px;border: 0px;font-style: inherit;font-variant: inherit;font-weight: inherit;line-height: inherit;, sans-serif;font-size: 14px;vertical-align: baseline;min-height: 1px\"><strong style=\"margin: 0px;padding: 0px;border: 0px;font-style: inherit;font-variant: inherit;font-weight: 700;line-height: inherit;font-family: inherit;font-size: 14px;vertical-align: baseline\">Principais Indica\u00e7\u00f5es:<\/strong><\/p>\n<p style=\"margin: 0px 0px 10px;padding: 0px;border: 0px;font-style: inherit;font-variant: inherit;font-weight: inherit;line-height: inherit;, sans-serif;font-size: 14px;vertical-align: baseline;min-height: 1px\">* Fraturas de compress\u00e3o;<\/p>\n<p style=\"margin: 0px 0px 10px;padding: 0px;border: 0px;font-style: inherit;font-variant: inherit;font-weight: inherit;line-height: inherit;, sans-serif;font-size: 14px;vertical-align: baseline;min-height: 1px\">* Osteoporose;<\/p>\n<p style=\"margin: 0px 0px 10px;padding: 0px;border: 0px;font-style: inherit;font-variant: inherit;font-weight: inherit;line-height: inherit;, sans-serif;font-size: 14px;vertical-align: baseline;min-height: 1px\">* Artrites vertebrais;<\/p>\n<p style=\"margin: 0px 0px 10px;padding: 0px;border: 0px;font-style: inherit;font-variant: inherit;font-weight: inherit;line-height: inherit;, sans-serif;font-size: 14px;vertical-align: baseline;min-height: 1px\">* Epifisite;<\/p>\n<p style=\"margin: 0px 0px 10px;padding: 0px;border: 0px;font-style: inherit;font-variant: inherit;font-weight: inherit;line-height: inherit;, sans-serif;font-size: 14px;vertical-align: baseline;min-height: 1px\">* Fraturas da coluna tor\u00e1cica;<\/p>\n<p style=\"margin: 0px 0px 10px;padding: 0px;border: 0px;font-style: inherit;font-variant: inherit;font-weight: inherit;line-height: inherit;, sans-serif;font-size: 14px;vertical-align: baseline;min-height: 1px\">* Hipercifose.<\/p>\n<p style=\"margin: 0px 0px 10px;padding: 0px;border: 0px;font-style: inherit;font-variant: inherit;font-weight: inherit;line-height: inherit;, sans-serif;font-size: 14px;vertical-align: baseline;min-height: 1px\">\n<p style=\"margin: 0px 0px 10px;padding: 0px;border: 0px;font-style: inherit;font-variant: inherit;font-weight: inherit;line-height: inherit;, sans-serif;font-size: 14px;vertical-align: baseline;min-height: 1px\"><strong style=\"margin: 0px;padding: 0px;border: 0px;font-style: inherit;font-variant: inherit;font-weight: 700;line-height: inherit;font-family: inherit;font-size: 14px;vertical-align: baseline\">Instru\u00e7\u00f5es de coloca\u00e7\u00e3o:<\/strong><\/p>\n<p style=\"margin: 0px 0px 10px;padding: 0px;border: 0px;font-style: inherit;font-variant: inherit;font-weight: inherit;line-height: inherit;, sans-serif;font-size: 14px;vertical-align: baseline;min-height: 1px\">1. Posicione a parte central do produto na costas, e feche as estruturas de fecho na frente.<\/p>\n<p style=\"margin: 0px 0px 10px;padding: 0px;border: 0px;font-style: inherit;font-variant: inherit;font-weight: inherit;line-height: inherit;, sans-serif;font-size: 14px;vertical-align: baseline;min-height: 1px\">2. Ajuste a estrutura met\u00e1lica na frente do seu corpo.<\/p>\n<p style=\"margin: 0px 0px 10px;padding: 0px;border: 0px;font-style: inherit;font-variant: inherit;font-weight: inherit;line-height: inherit;, sans-serif;font-size: 14px;vertical-align: baseline;min-height: 1px\">3. Abra as tiras de fecho fechadas anteriormente, e as passe dentro das argolas do colete.<\/p>\n<p style=\"margin: 0px 0px 10px;padding: 0px;border: 0px;font-style: inherit;font-variant: inherit;font-weight: inherit;line-height: inherit;, sans-serif;font-size: 14px;vertical-align: baseline;min-height: 1px\">4. Ajuste o fecho conforme a compress\u00e3o que se queira ter.<\/p>\n<p style=\"margin: 0px 0px 10px;padding: 0px;border: 0px;font-style: inherit;font-variant: inherit;font-weight: inherit;line-height: inherit;, sans-serif;font-size: 14px;vertical-align: baseline;min-height: 1px\">\n<p style=\"margin: 0px 0px 10px;padding: 0px;border: 0px;font-style: inherit;font-variant: inherit;font-weight: inherit;line-height: inherit;, sans-serif;font-size: 14px;vertical-align: baseline;min-height: 1px\"><strong style=\"margin: 0px;padding: 0px;border: 0px;font-style: inherit;font-variant: inherit;font-weight: 700;line-height: inherit;font-family: inherit;font-size: 14px;vertical-align: baseline\">Precau\u00e7\u00f5es:<\/strong><\/p>\n<p style=\"margin: 0px 0px 10px;padding: 0px;border: 0px;font-style: inherit;font-variant: inherit;font-weight: inherit;line-height: inherit;, sans-serif;font-size: 14px;vertical-align: baseline;min-height: 1px\">O uso do produto deve ser sempre recomendado e acompanhado por um m\u00e9dico, que costuma ser o ortopedista. No aparecimento de qualquer dor ou sintoma indesejado, procure o respons\u00e1vel imediatamente.<\/p>\n<p style=\"margin: 0px 0px 10px;padding: 0px;border: 0px;font-style: inherit;font-variant: inherit;font-weight: inherit;line-height: inherit;, sans-serif;font-size: 14px;vertical-align: baseline;min-height: 1px\">\n<p style=\"margin: 0px 0px 10px;padding: 0px;border: 0px;font-style: inherit;font-variant: inherit;font-weight: inherit;line-height: inherit;, sans-serif;font-size: 14px;vertical-align: baseline;min-height: 1px\"><strong style=\"margin: 0px;padding: 0px;border: 0px;font-style: inherit;font-variant: inherit;font-weight: 700;line-height: inherit;font-family: inherit;font-size: 14px;vertical-align: baseline\">Composi\u00e7\u00e3o:<\/strong><\/p>\n<p style=\"margin: 0px 0px 10px;padding: 0px;border: 0px;font-style: inherit;font-variant: inherit;font-weight: inherit;line-height: inherit;, sans-serif;font-size: 14px;vertical-align: baseline;min-height: 1px\">Confeccionado em PVC, espuma e fecho para fechamento, cor branco.<\/p>\n<\/div>","protected":false},"excerpt":{"rendered":"<p><strong>Descri\u00e7\u00e3o:<\/strong><br \/>O Colete Jewett Ortop\u00e9dico \u00e9 utilizado para tratar fraturas locais, osteoporose, e demais acometimentos locais que exijam imobiliza\u00e7\u00e3o. Deve ser utilizado sempre sob recomenda\u00e7\u00e3o m\u00e9dica, e o ajuste conforme \u00e0s medidas do paciente \u00e9 permitido pelos fechos em fecho.<\/p>","protected":false},"featured_media":698,"comment_status":"open","ping_status":"closed","template":"","meta":{"site-sidebar-layout":"default","site-content-layout":"","ast-site-content-layout":"default","site-content-style":"default","site-sidebar-style":"default","ast-global-header-display":"","ast-banner-title-visibility":"","ast-main-header-display":"","ast-hfb-above-header-display":"","ast-hfb-below-header-display":"","ast-hfb-mobile-header-display":"","site-post-title":"","ast-breadcrumbs-content":"","ast-featured-img":"","footer-sml-layout":"","ast-disable-related-posts":"","theme-transparent-header-meta":"","adv-header-id-meta":"","stick-header-meta":"","header-above-stick-meta":"","header-main-stick-meta":"","header-below-stick-meta":"","astra-migrate-meta-layouts":"default","ast-page-background-enabled":"default","ast-page-background-meta":{"desktop":{"background-color":"var(--ast-global-color-4)","background-image":"","background-repeat":"repeat","background-position":"center center","background-size":"auto","background-attachment":"scroll","background-type":"","background-media":"","overlay-type":"","overlay-color":"","overlay-opacity":"","overlay-gradient":""},"tablet":{"background-color":"","background-image":"","background-repeat":"repeat","background-position":"center center","background-size":"auto","background-attachment":"scroll","background-type":"","background-media":"","overlay-type":"","overlay-color":"","overlay-opacity":"","overlay-gradient":""},"mobile":{"background-color":"","background-image":"","background-repeat":"repeat","background-position":"center center","background-size":"auto","background-attachment":"scroll","background-type":"","background-media":"","overlay-type":"","overlay-color":"","overlay-opacity":"","overlay-gradient":""}},"ast-content-background-meta":{"desktop":{"background-color":"var(--ast-global-color-5)","background-image":"","background-repeat":"repeat","background-position":"center center","background-size":"auto","background-attachment":"scroll","background-type":"","background-media":"","overlay-type":"","overlay-color":"","overlay-opacity":"","overlay-gradient":""},"tablet":{"background-color":"var(--ast-global-color-5)","background-image":"","background-repeat":"repeat","background-position":"center center","background-size":"auto","background-attachment":"scroll","background-type":"","background-media":"","overlay-type":"","overlay-color":"","overlay-opacity":"","overlay-gradient":""},"mobile":{"background-color":"var(--ast-global-color-5)","background-image":"","background-repeat":"repeat","background-position":"center center","background-size":"auto","background-attachment":"scroll","background-type":"","background-media":"","overlay-type":"","overlay-color":"","overlay-opacity":"","overlay-gradient":""}}},"product_brand":[],"product_cat":[159,136,151],"product_tag":[],"class_list":{"0":"post-697","1":"product","2":"type-product","3":"status-publish","4":"has-post-thumbnail","6":"product_cat-destaques","7":"product_cat-ortopedicos","8":"product_cat-torax-lombar","9":"desktop-align-left","10":"tablet-align-left","11":"mobile-align-left","13":"first","14":"instock","15":"taxable","16":"shipping-taxable","17":"purchasable","18":"product-type-variable","19":"has-default-attributes"},"_links":{"self":[{"href":"https:\/\/www.medcoll.com.br\/en\/wp-json\/wp\/v2\/product\/697","targetHints":{"allow":["GET"]}}],"collection":[{"href":"https:\/\/www.medcoll.com.br\/en\/wp-json\/wp\/v2\/product"}],"about":[{"href":"https:\/\/www.medcoll.com.br\/en\/wp-json\/wp\/v2\/types\/product"}],"replies":[{"embeddable":true,"href":"https:\/\/www.medcoll.com.br\/en\/wp-json\/wp\/v2\/comments?post=697"}],"version-history":[{"count":1,"href":"https:\/\/www.medcoll.com.br\/en\/wp-json\/wp\/v2\/product\/697\/revisions"}],"predecessor-version":[{"id":1133,"href":"https:\/\/www.medcoll.com.br\/en\/wp-json\/wp\/v2\/product\/697\/revisions\/1133"}],"wp:featuredmedia":[{"embeddable":true,"href":"https:\/\/www.medcoll.com.br\/en\/wp-json\/wp\/v2\/media\/698"}],"wp:attachment":[{"href":"https:\/\/www.medcoll.com.br\/en\/wp-json\/wp\/v2\/media?parent=697"}],"wp:term":[{"taxonomy":"product_brand","embeddable":true,"href":"https:\/\/www.medcoll.com.br\/en\/wp-json\/wp\/v2\/product_brand?post=697"},{"taxonomy":"product_cat","embeddable":true,"href":"https:\/\/www.medcoll.com.br\/en\/wp-json\/wp\/v2\/product_cat?post=697"},{"taxonomy":"product_tag","embeddable":true,"href":"https:\/\/www.medcoll.com.br\/en\/wp-json\/wp\/v2\/product_tag?post=697"}],"curies":[{"name":"wp","href":"https:\/\/api.w.org\/{rel}","templated":true}]}}